{"id":2808,"date":"2021-12-02T09:40:59","date_gmt":"2021-12-02T09:40:59","guid":{"rendered":"http:\/\/centrofertilidad.com\/legal-notice\/"},"modified":"2025-01-07T11:34:59","modified_gmt":"2025-01-07T11:34:59","slug":"legal-notice","status":"publish","type":"page","link":"https:\/\/centrofertilidad.com\/en\/legal-notice\/","title":{"rendered":"Legal Notice"},"content":{"rendered":"\t\t<div data-elementor-type=\"wp-page\" data-elementor-id=\"2808\" class=\"elementor elementor-2808 elementor-1882\" data-elementor-post-type=\"page\">\n\t\t\t\t\t\t<section data-particle_enable=\"false\" data-particle-mobile-disabled=\"false\" class=\"elementor-section elementor-top-section elementor-element elementor-element-f5e4a18 elementor-section-height-min-height elementor-section-boxed elementor-section-height-default elementor-section-items-middle\" data-id=\"f5e4a18\" data-element_type=\"section\" data-settings=\"{&quot;background_background&quot;:&quot;classic&quot;}\">\n\t\t\t\t\t\t<div class=\"elementor-container elementor-column-gap-default\">\n\t\t\t\t\t<div class=\"elementor-column elementor-col-100 elementor-top-column elementor-element elementor-element-5907a8b\" data-id=\"5907a8b\" data-element_type=\"column\">\n\t\t\t<div class=\"elementor-widget-wrap elementor-element-populated\">\n\t\t\t\t\t\t<div class=\"elementor-element elementor-element-3565853 elementor-widget elementor-widget-heading\" data-id=\"3565853\" data-element_type=\"widget\" data-widget_type=\"heading.default\">\n\t\t\t\t<div class=\"elementor-widget-container\">\n\t\t\t\t\t<h2 class=\"elementor-heading-title elementor-size-default\">Legal Notice<\/h2>\t\t\t\t<\/div>\n\t\t\t\t<\/div>\n\t\t\t\t\t<\/div>\n\t\t<\/div>\n\t\t\t\t\t<\/div>\n\t\t<\/section>\n\t\t\t\t<section data-particle_enable=\"false\" data-particle-mobile-disabled=\"false\" class=\"elementor-section elementor-top-section elementor-element elementor-element-1564698 elementor-section-boxed elementor-section-height-default elementor-section-height-default\" data-id=\"1564698\" data-element_type=\"section\" data-settings=\"{&quot;background_background&quot;:&quot;classic&quot;}\">\n\t\t\t\t\t\t<div class=\"elementor-container elementor-column-gap-wider\">\n\t\t\t\t\t<div class=\"elementor-column elementor-col-50 elementor-top-column elementor-element elementor-element-14757a8\" data-id=\"14757a8\" data-element_type=\"column\">\n\t\t\t<div class=\"elementor-widget-wrap elementor-element-populated\">\n\t\t\t\t\t\t<div class=\"elementor-element elementor-element-2d914c5 elementor-widget elementor-widget-text-editor\" data-id=\"2d914c5\" data-element_type=\"widget\" data-widget_type=\"text-editor.default\">\n\t\t\t\t<div class=\"elementor-widget-container\">\n\t\t\t\t\t\t\t\t\t<p class=\"p1\"><b>IDENTIFICATION DATA<\/b><\/p>\n<p class=\"p2\">In compliance with the duty to inform set forth in Law 34\/2002, dated July 11, regarding Information Society and e-Commerce Services, the following information is provided:<\/p>\n<p class=\"p3\">The owner of this website is \u201cGesti\u00f3n Reproductiva, S.L.\u201d, under the trading name \u201cCentro de Fertilidad Barcelona\u201d.<span class=\"s1\"> con domicilio<span class=\"Apple-converted-space\">\u00a0 <\/span><\/span>Carrer Torres i Pujalt, 11-29, Planta 3, Despacho 5. 08022 de Barcelona. Correo electr\u00f3nico de contacto <a href=\"mailto:central@centrofertilidadbarcelona.com\"><span class=\"s2\">central@centrofertilidadbarcelona.com<\/span><\/a><\/p>\n<p class=\"p2\">La informaci\u00f3n contenida en www.centrofertilidadbarcelona.com constituye un servicio de informaci\u00f3n de los diversos servicios que ofrecen la sociedad indicada anteriormente y que act\u00faan bajo el nombre comercial \u201cCentro de Fertilidad Barcelona\u201d en el \u00e1mbito de la medicina reproductiva y la prestaci\u00f3n de servicios relacionados con la misma.<\/p>\n<p class=\"p1\"><b>ACEPTACI\u00d3N DE LAS CONDICIONES DE USO<\/b><\/p>\n<p class=\"p1\">El acceso a la Web www.centrofertilidadbarcelona.com exige la aceptaci\u00f3n de las condiciones de uso que en cada momento se encuentren vigentes en esta Web.<\/p>\n<p class=\"p1\"><b>PROPIEDAD INTELECTUAL<\/b><\/p>\n<p class=\"p1\">El c\u00f3digo fuente, los dise\u00f1os gr\u00e1ficos, las im\u00e1genes, las fotograf\u00edas, las animaciones, el software, los textos, as\u00ed como la informaci\u00f3n y los contenidos que se recogen en www.centrofertilidadbarcelona.com est\u00e1n protegidos por la legislaci\u00f3n espa\u00f1ola sobre los derechos de propiedad intelectual e industrial a favor de \u201cCentro de Fertilidad Barcelona\u201d, y no se permite, la reproducci\u00f3n total o parcial de \u00e9sta Web, ni su tratamiento inform\u00e1tico, comunicaci\u00f3n p\u00fablica, distribuci\u00f3n, difusi\u00f3n, modificaci\u00f3n, transformaci\u00f3n o descompilaci\u00f3n, sin el permiso previo y por escrito de su titular, \u201cCentro de Fertilidad Barcelona\u201d de conformidad con lo dispuesto en los art\u00edculos 8 y 32 p\u00e1rrafo segundo de la Ley de Propiedad Intelectual.<\/p>\n<p class=\"p1\">El usuario, \u00fanica y exclusivamente podr\u00e1 utilizar el material que aparezca en \u00e9sta Web para su uso personal y privado, quedando prohibida su utilizaci\u00f3n con fines comerciales o para incurrir en actividades il\u00edcitas. Todos los derechos derivados de la propiedad intelectual est\u00e1n expresamente reservados por \u201cCentro de Fertilidad Barcelona\u201d.<\/p>\n<p class=\"p1\">\u201cCentro de Fertilidad Barcelona\u201d velar\u00e1 por el cumplimiento de las anteriores condiciones y para la debida utilizaci\u00f3n de los contenidos presentados en su portal, ejercitando todas las acciones civiles y penales que le correspondan en el caso de infracci\u00f3n o incumplimiento de estos derechos por parte del usuario.<\/p>\n<p class=\"p1\"><b>PROTECCI\u00d3N DE DATOS DE CAR\u00c1CTER PERSONAL<\/b><\/p>\n<p class=\"p1\">El acceso a la p\u00e1gina Web o su uso no implica una recogida de datos personales del usuario por parte de \u201cCentro de Fertilidad Barcelona\u201d. No obstante, se comunica que, en el caso de que \u201cCentro de Fertilidad Barcelona\u201d solicite datos personales, se informar\u00e1 debidamente al usuario conforme a lo establecido en el Reglamento General de Protecci\u00f3n de Datos y dem\u00e1s normativa que resulte de aplicaci\u00f3n relativa a la protecci\u00f3n de datos.<\/p>\n<p class=\"p1\">Los Datos Personales que recoge \u201cCentro de Fertilidad Barcelona\u201d en los distintos tipos de formularios ser\u00e1n tratados con la finalidad de dar respuesta a la solicitud realizada por el interesado, as\u00ed como para el mantenimiento de la relaci\u00f3n que en su caso se establezca y la gesti\u00f3n, administraci\u00f3n, informaci\u00f3n, prestaci\u00f3n y mejora de los servicios que decida contratar.<\/p>\n<p class=\"p1\">Para una informaci\u00f3n m\u00e1s detallada en lo relativo a la Protecci\u00f3n de Datos, deber\u00e1 acceder a nuestra \u201cPol\u00edtica de Privacidad\u201d<\/p>\n<p class=\"p1\">\u201cCentro de Fertilidad Barcelona\u201d ha tomado las medidas de \u00edndole t\u00e9cnica y organizativa necesarias para garantizar la seguridad de los datos y evitar su alteraci\u00f3n, p\u00e9rdida, tratamiento o acceso no autorizado, teniendo en cuenta el estado de la tecnolog\u00eda, la naturaleza de los datos almacenados y los riesgos a que se encuentran expuestos, ya provengan de la acci\u00f3n humana o del medio f\u00edsico o natural.<\/p>\n<p class=\"p1\"><b>DATOS EN REDES SOCIALES<\/b><\/p>\n<p class=\"p1\">\u201cCentro de Fertilidad Barcelona\u201d dispone de perfiles en diferentes redes sociales, por lo que hemos de advertir al usuario que todos los datos que publique en estos perfiles ser\u00e1n conocidos por todos aquellos usuarios que tambi\u00e9n interact\u00faen en ese perfil o que simplemente lo consulten, tengan estos o no su propio perfil en la red social, ya que todos los perfiles de \u201cCentro de Fertilidad Barcelona\u201d son p\u00fablicos. En consecuencia, toda la informaci\u00f3n y contenidos publicados por el usuario en la p\u00e1gina oficial de \u201cCentro de Fertilidad Barcelona\u201d en las redes sociales ser\u00e1 objeto de comunicaci\u00f3n al resto de los usuarios por la propia naturaleza del servicio.<\/p>\n<p class=\"p1\">En el caso de que el usuario env\u00ede informaci\u00f3n de cualquier tipo a \u201cCentro de Fertilidad Barcelona\u201d, sobre todo en el caso de datos de terceros, a trav\u00e9s de las redes sociales, \u00e9ste declara y garantiza que est\u00e1 legitimado a enviar dicha informaci\u00f3n y que no infringe ning\u00fan derecho de propiedad intelectual, de marca, de patente, secreto comercial, o cualquier otro derecho de tercero, que la informaci\u00f3n no tiene car\u00e1cter confidencial y que no da\u00f1a u ofende a terceros.<\/p>\n<p class=\"p1\">\u201cCentro de Fertilidad Barcelona\u201d s\u00f3lo es responsable y garantiza la confidencialidad, seguridad y tratamiento de los datos conforme a la legislaci\u00f3n vigente, respecto a los datos que recoja directamente del usuario, no teniendo ning\u00fan tipo de responsabilidad respecto de los tratamientos y posteriores usos que la red social pudiera efectuar.<\/p>\n<p class=\"p1\">\u201cCentro de Fertilidad Barcelona\u201d utiliza la aplicaci\u00f3n WhatsApp para comunicarse con sus clientes, con la finalidad de gestionar solicitudes de informaci\u00f3n sobre nuestros servicios y consultas sobre la agenda de sus vistas, as\u00ed como comunicaciones comerciales relacionadas con las ofertas y promociones. La empresa que gestiona la aplicaci\u00f3n WhatsApp tiene su sede en Estados Unidos de Am\u00e9rica, lo que se considera una transferencia internacional de datos a un pa\u00eds que no cumple con la normativa europea de Protecci\u00f3n de Datos. Por este motivo es necesario que nos autorice expresamente para usar este canal de comunicaci\u00f3n marcando la casilla correspondiente en los formularios d\u00f3nde se le solicite el consentimiento.\u00a0<\/p>\n\t\t\t\t\t\t\t\t<\/div>\n\t\t\t\t<\/div>\n\t\t\t\t\t<\/div>\n\t\t<\/div>\n\t\t\t\t<div class=\"elementor-column elementor-col-50 elementor-top-column elementor-element elementor-element-76b3909\" data-id=\"76b3909\" data-element_type=\"column\">\n\t\t\t<div class=\"elementor-widget-wrap elementor-element-populated\">\n\t\t\t\t\t\t<div class=\"elementor-element elementor-element-2a5c74e elementor-widget elementor-widget-text-editor\" data-id=\"2a5c74e\" data-element_type=\"widget\" data-widget_type=\"text-editor.default\">\n\t\t\t\t<div class=\"elementor-widget-container\">\n\t\t\t\t\t\t\t\t\t<p>We recommend you consult the WhatsApp Privacy Policy before proceeding. If you want to communicate with us using WhatsApp, please note that \u201cCentro de Fertilidad Barcelona\u201d accepts liability and guarantees the confidentiality, security and treatment, in accordance with current legislation, only for data it gathers directly from users. It has no liability for, or control of any kind over, the processing and possible later use by WhatsApp of data provided via this channel.<\/p>\n<ol class=\"ol1\">\n<li class=\"li6\">\n<p class=\"p1\"><b>LIMITATION OF LIABILITY<\/b><\/p>\n<p class=\"p1\">\u201cCentro de Fertilidad Barcelona\u201d accepts no liability for the possible losses or damages that may occur as a result of using the content of the Website, which is the exclusive responsibility of the user accessing such content.<\/p>\n<p class=\"p1\">Likewise, \u201cCentro de Fertilidad Barcelona\u201d accepts no liability for possible losses or damages that may arise from the use of outdated or defective browser versions, connection outages that may occur during data transmission, computer viruses, breakdowns or outages in the functioning of the online network, blockages caused by defects or overloads of telephone lines, or damage caused by unauthorised interference by third parties.<\/p>\n<p class=\"p1\">The \u201cCentro de Fertilidad Barcelona\u201d website contains links to other websites that may be of interest to users. \u201cCentro de Fertilidad Barcelona\u201d accepts no liability for these links, and cannot guarantee compliance with appropriate Privacy Policies, whereby users that access the content of said third-party websites do so at their own risk and are advised to consult their conditions of use.<\/p>\n<p class=\"p1\">\u201cCentro de Fertilidad Barcelona\u201d accepts no liability for infringements of any applicable regulations that the user may incur in by accessing the website www.centrofertilidadbarcelona.com and\/or using the information it contains.<\/p>\n<p class=\"p1\">\u201cCentro de Fertilidad Barcelona\u201d reserves the right to interrupt or refuse, at its own discretion, at any time, and without the need for further warning, access to any user to restricted content, in the event of any of the circumstances described.<\/p>\n<p class=\"p1\"><b>LINKS<\/b><\/p>\n<p class=\"p1\">All links, hypertext, frames, or any other virtual connection via telecommunications networks from any website to our Website must be previously requested and authorised in writing by \u201cCentro de Fertilidad Barcelona\u201d. Any links to this Website that are not thus authorised must link to the homepage.<\/p>\n<p class=\"p1\">Links to third-party websites are provided for information purposes only, in order to offer users other sources of information that may be of interest to them.<\/p>\n<p class=\"p1\">\u201cCentro de Fertilidad Barcelona\u201d takes care to review the content of its links regularly. However, it is impossible to be aware of the specific content of these links at all times. Hence, we request the collaboration of any user accessing said content, if the content should prove to go against the law, morals, acceptable behaviour and public order, informing us by email at central@centrofertilidadbarcelona.com.<\/p>\n<p class=\"p1\"><b>LIABILITY<\/b><\/p>\n<p class=\"p1\">To sum up, users are solely responsible for their use of the services, content, links and hypertexts included on the Website www.centrofertilidadbarcelona.com.<\/p>\n<p class=\"p1\"><b>RESERVATIONS<\/b><\/p>\n<p class=\"p1\">\u201cCentro de Fertilidad Barcelona\u201d reserves the right to change or update the information on the Website or its configuration and presentation at any time, without the need for prior notice. It also reserves the right to temporarily suspend access to the Website as needed for maintenance, repair, or improvement, without the need for prior notice.<\/p>\n<p class=\"p1\">\u201cCentro de Fertilidad Barcelona\u201d reserves the right to include or withdraw any information from the Website, wholly or in part, at its exclusive discretion.<\/p>\n<p class=\"p1\"><b>APPLICABLE LAW AND JURISDICTION<\/b><\/p>\n<p class=\"p1\">For all issues that may arise from the interpretation, execution or possible infringement of these conditions of use, wherever they may arise, users expressly submit to the competency and jurisdiction of the courts of Barcelona, waiving any other that may be applicable.<\/p>\n<p class=\"p1\">These conditions will be subject to Spanish legislation in all cases.<\/p>\n<p class=\"p1\">\u201cCentro de Fertilidad Barcelona\u201d<\/p>\n<p class=\"p1\">All rights reserved<\/p>\n<\/li>\n<\/ol>\n\t\t\t\t\t\t\t\t<\/div>\n\t\t\t\t<\/div>\n\t\t\t\t\t<\/div>\n\t\t<\/div>\n\t\t\t\t\t<\/div>\n\t\t<\/section>\n\t\t\t\t<\/div>\n\t\t","protected":false},"excerpt":{"rendered":"<p>Legal Notice IDENTIFICATION DATA In compliance with the duty to inform set forth in Law 34\/2002, dated July 11, regarding Information Society and e-Commerce Services, the following information is provided: The owner of this website is \u201cGesti\u00f3n Reproductiva, S.L.\u201d, under the trading name \u201cCentro de Fertilidad Barcelona\u201d. con domicilio\u00a0 Carrer Torres i Pujalt, 11-29, Planta &#8230; <a title=\"Legal Notice\" class=\"read-more\" href=\"https:\/\/centrofertilidad.com\/en\/legal-notice\/\" aria-label=\"Read more about Legal Notice\">Read more<\/a><\/p>\n","protected":false},"author":1,"featured_media":0,"parent":0,"menu_order":0,"comment_status":"closed","ping_status":"closed","template":"elementor_header_footer","meta":{"footnotes":""},"class_list":["post-2808","page","type-page","status-publish"],"yoast_head":"<!-- This site is optimized with the Yoast SEO Premium plugin v26.2 (Yoast SEO v27.4) - https:\/\/yoast.com\/product\/yoast-seo-premium-wordpress\/ -->\n<title>CFB - Legal Notice - Centro de Fertilidad<\/title>\n<meta name=\"robots\" content=\"noindex, nofollow\" \/>\n<meta property=\"og:locale\" content=\"en_US\" \/>\n<meta property=\"og:type\" content=\"article\" \/>\n<meta property=\"og:title\" content=\"Legal Notice\" \/>\n<meta property=\"og:description\" content=\"Legal Notice IDENTIFICATION DATA In compliance with the duty to inform set forth in Law 34\/2002, dated July 11, regarding Information Society and e-Commerce Services, the following information is provided: The owner of this website is \u201cGesti\u00f3n Reproductiva, S.L.\u201d, under the trading name \u201cCentro de Fertilidad Barcelona\u201d. con domicilio\u00a0 Carrer Torres i Pujalt, 11-29, Planta ... Read more\" \/>\n<meta property=\"og:url\" content=\"https:\/\/centrofertilidad.com\/en\/legal-notice\/\" \/>\n<meta property=\"og:site_name\" content=\"Centro de Fertilidad\" \/>\n<meta property=\"article:modified_time\" content=\"2025-01-07T11:34:59+00:00\" \/>\n<meta name=\"twitter:card\" content=\"summary_large_image\" \/>\n<meta name=\"twitter:label1\" content=\"Est. reading time\" \/>\n\t<meta name=\"twitter:data1\" content=\"8 minutes\" \/>\n<script type=\"application\/ld+json\" class=\"yoast-schema-graph\">{\"@context\":\"https:\\\/\\\/schema.org\",\"@graph\":[{\"@type\":\"WebPage\",\"@id\":\"https:\\\/\\\/centrofertilidad.com\\\/en\\\/legal-notice\\\/\",\"url\":\"https:\\\/\\\/centrofertilidad.com\\\/en\\\/legal-notice\\\/\",\"name\":\"CFB - Legal Notice - Centro de Fertilidad\",\"isPartOf\":{\"@id\":\"https:\\\/\\\/centrofertilidad.com\\\/en\\\/#website\"},\"datePublished\":\"2021-12-02T09:40:59+00:00\",\"dateModified\":\"2025-01-07T11:34:59+00:00\",\"breadcrumb\":{\"@id\":\"https:\\\/\\\/centrofertilidad.com\\\/en\\\/legal-notice\\\/#breadcrumb\"},\"inLanguage\":\"en-US\",\"potentialAction\":[{\"@type\":\"ReadAction\",\"target\":[\"https:\\\/\\\/centrofertilidad.com\\\/en\\\/legal-notice\\\/\"]}]},{\"@type\":\"BreadcrumbList\",\"@id\":\"https:\\\/\\\/centrofertilidad.com\\\/en\\\/legal-notice\\\/#breadcrumb\",\"itemListElement\":[{\"@type\":\"ListItem\",\"position\":1,\"name\":\"Home\",\"item\":\"https:\\\/\\\/centrofertilidad.com\\\/en\\\/\"},{\"@type\":\"ListItem\",\"position\":2,\"name\":\"Legal Notice\"}]},{\"@type\":\"WebSite\",\"@id\":\"https:\\\/\\\/centrofertilidad.com\\\/en\\\/#website\",\"url\":\"https:\\\/\\\/centrofertilidad.com\\\/en\\\/\",\"name\":\"Centro de Fertilidad\",\"description\":\"Especialistas en Reproducci\u00f3n Asistida con m\u00e1s de 30 a\u00f1os de experiencia\",\"publisher\":{\"@id\":\"https:\\\/\\\/centrofertilidad.com\\\/en\\\/#organization\"},\"potentialAction\":[{\"@type\":\"SearchAction\",\"target\":{\"@type\":\"EntryPoint\",\"urlTemplate\":\"https:\\\/\\\/centrofertilidad.com\\\/en\\\/?s={search_term_string}\"},\"query-input\":{\"@type\":\"PropertyValueSpecification\",\"valueRequired\":true,\"valueName\":\"search_term_string\"}}],\"inLanguage\":\"en-US\"},{\"@type\":\"Organization\",\"@id\":\"https:\\\/\\\/centrofertilidad.com\\\/en\\\/#organization\",\"name\":\"Centro Fertilidad\",\"url\":\"https:\\\/\\\/centrofertilidad.com\\\/en\\\/\",\"logo\":{\"@type\":\"ImageObject\",\"inLanguage\":\"en-US\",\"@id\":\"https:\\\/\\\/centrofertilidad.com\\\/en\\\/#\\\/schema\\\/logo\\\/image\\\/\",\"url\":\"https:\\\/\\\/centrofertilidad.com\\\/wp-content\\\/uploads\\\/2021\\\/09\\\/cropped-Vector.png\",\"contentUrl\":\"https:\\\/\\\/centrofertilidad.com\\\/wp-content\\\/uploads\\\/2021\\\/09\\\/cropped-Vector.png\",\"width\":422,\"height\":38,\"caption\":\"Centro Fertilidad\"},\"image\":{\"@id\":\"https:\\\/\\\/centrofertilidad.com\\\/en\\\/#\\\/schema\\\/logo\\\/image\\\/\"}}]}<\/script>\n<!-- \/ Yoast SEO Premium plugin. -->","yoast_head_json":{"title":"CFB - Legal Notice - Centro de Fertilidad","robots":{"index":"noindex","follow":"nofollow"},"og_locale":"en_US","og_type":"article","og_title":"Legal Notice","og_description":"Legal Notice IDENTIFICATION DATA In compliance with the duty to inform set forth in Law 34\/2002, dated July 11, regarding Information Society and e-Commerce Services, the following information is provided: The owner of this website is \u201cGesti\u00f3n Reproductiva, S.L.\u201d, under the trading name \u201cCentro de Fertilidad Barcelona\u201d. con domicilio\u00a0 Carrer Torres i Pujalt, 11-29, Planta ... Read more","og_url":"https:\/\/centrofertilidad.com\/en\/legal-notice\/","og_site_name":"Centro de Fertilidad","article_modified_time":"2025-01-07T11:34:59+00:00","twitter_card":"summary_large_image","twitter_misc":{"Est. reading time":"8 minutes"},"schema":{"@context":"https:\/\/schema.org","@graph":[{"@type":"WebPage","@id":"https:\/\/centrofertilidad.com\/en\/legal-notice\/","url":"https:\/\/centrofertilidad.com\/en\/legal-notice\/","name":"CFB - Legal Notice - Centro de Fertilidad","isPartOf":{"@id":"https:\/\/centrofertilidad.com\/en\/#website"},"datePublished":"2021-12-02T09:40:59+00:00","dateModified":"2025-01-07T11:34:59+00:00","breadcrumb":{"@id":"https:\/\/centrofertilidad.com\/en\/legal-notice\/#breadcrumb"},"inLanguage":"en-US","potentialAction":[{"@type":"ReadAction","target":["https:\/\/centrofertilidad.com\/en\/legal-notice\/"]}]},{"@type":"BreadcrumbList","@id":"https:\/\/centrofertilidad.com\/en\/legal-notice\/#breadcrumb","itemListElement":[{"@type":"ListItem","position":1,"name":"Home","item":"https:\/\/centrofertilidad.com\/en\/"},{"@type":"ListItem","position":2,"name":"Legal Notice"}]},{"@type":"WebSite","@id":"https:\/\/centrofertilidad.com\/en\/#website","url":"https:\/\/centrofertilidad.com\/en\/","name":"Centro de Fertilidad","description":"Especialistas en Reproducci\u00f3n Asistida con m\u00e1s de 30 a\u00f1os de experiencia","publisher":{"@id":"https:\/\/centrofertilidad.com\/en\/#organization"},"potentialAction":[{"@type":"SearchAction","target":{"@type":"EntryPoint","urlTemplate":"https:\/\/centrofertilidad.com\/en\/?s={search_term_string}"},"query-input":{"@type":"PropertyValueSpecification","valueRequired":true,"valueName":"search_term_string"}}],"inLanguage":"en-US"},{"@type":"Organization","@id":"https:\/\/centrofertilidad.com\/en\/#organization","name":"Centro Fertilidad","url":"https:\/\/centrofertilidad.com\/en\/","logo":{"@type":"ImageObject","inLanguage":"en-US","@id":"https:\/\/centrofertilidad.com\/en\/#\/schema\/logo\/image\/","url":"https:\/\/centrofertilidad.com\/wp-content\/uploads\/2021\/09\/cropped-Vector.png","contentUrl":"https:\/\/centrofertilidad.com\/wp-content\/uploads\/2021\/09\/cropped-Vector.png","width":422,"height":38,"caption":"Centro Fertilidad"},"image":{"@id":"https:\/\/centrofertilidad.com\/en\/#\/schema\/logo\/image\/"}}]}},"_links":{"self":[{"href":"https:\/\/centrofertilidad.com\/en\/wp-json\/wp\/v2\/pages\/2808","targetHints":{"allow":["GET"]}}],"collection":[{"href":"https:\/\/centrofertilidad.com\/en\/wp-json\/wp\/v2\/pages"}],"about":[{"href":"https:\/\/centrofertilidad.com\/en\/wp-json\/wp\/v2\/types\/page"}],"author":[{"embeddable":true,"href":"https:\/\/centrofertilidad.com\/en\/wp-json\/wp\/v2\/users\/1"}],"replies":[{"embeddable":true,"href":"https:\/\/centrofertilidad.com\/en\/wp-json\/wp\/v2\/comments?post=2808"}],"version-history":[{"count":5,"href":"https:\/\/centrofertilidad.com\/en\/wp-json\/wp\/v2\/pages\/2808\/revisions"}],"predecessor-version":[{"id":15677,"href":"https:\/\/centrofertilidad.com\/en\/wp-json\/wp\/v2\/pages\/2808\/revisions\/15677"}],"wp:attachment":[{"href":"https:\/\/centrofertilidad.com\/en\/wp-json\/wp\/v2\/media?parent=2808"}],"curies":[{"name":"wp","href":"https:\/\/api.w.org\/{rel}","templated":true}]}}