{"id":2810,"date":"2021-12-02T09:41:10","date_gmt":"2021-12-02T09:41:10","guid":{"rendered":"http:\/\/centrofertilidad.com\/cookie-policy\/"},"modified":"2025-01-07T11:28:45","modified_gmt":"2025-01-07T11:28:45","slug":"cookie-policy","status":"publish","type":"page","link":"https:\/\/centrofertilidad.com\/en\/cookie-policy\/","title":{"rendered":"Cookie Policy"},"content":{"rendered":"\t\t<div data-elementor-type=\"wp-page\" data-elementor-id=\"2810\" class=\"elementor elementor-2810 elementor-1904\" data-elementor-post-type=\"page\">\n\t\t\t\t\t\t<section data-particle_enable=\"false\" data-particle-mobile-disabled=\"false\" class=\"elementor-section elementor-top-section elementor-element elementor-element-9162854 elementor-section-boxed elementor-section-height-default elementor-section-height-default\" data-id=\"9162854\" data-element_type=\"section\" data-settings=\"{&quot;background_background&quot;:&quot;classic&quot;}\">\n\t\t\t\t\t\t<div class=\"elementor-container elementor-column-gap-default\">\n\t\t\t\t\t<div class=\"elementor-column elementor-col-100 elementor-top-column elementor-element elementor-element-b1c6f42\" data-id=\"b1c6f42\" data-element_type=\"column\">\n\t\t\t<div class=\"elementor-widget-wrap elementor-element-populated\">\n\t\t\t\t\t\t<div class=\"elementor-element elementor-element-4700b8c elementor-widget elementor-widget-heading\" data-id=\"4700b8c\" data-element_type=\"widget\" data-widget_type=\"heading.default\">\n\t\t\t\t<div class=\"elementor-widget-container\">\n\t\t\t\t\t<h2 class=\"elementor-heading-title elementor-size-default\">Cookie Policy <\/h2>\t\t\t\t<\/div>\n\t\t\t\t<\/div>\n\t\t\t\t<div class=\"elementor-element elementor-element-813d62e elementor-widget elementor-widget-text-editor\" data-id=\"813d62e\" data-element_type=\"widget\" data-widget_type=\"text-editor.default\">\n\t\t\t\t<div class=\"elementor-widget-container\">\n\t\t\t\t\t\t\t\t\t<p class=\"p1\">A cookie is a file downloaded onto the user\u2019s computer\/smartphone\/tablet when they access certain websites, to store and retrieve information on browsing from that device, but they do not give us information on their name or any other personal data, and are used exclusively for website functionality, security and statistics. The cookies we use cannot read data on your computer or from other cookies. You can configure your browser to display alerts on screen when you are about to receive a cookie. If users decide not to accept cookies, they can still access the information on www.centrofertilidadbarcelona.com<\/p>\n\t\t\t\t\t\t\t\t<\/div>\n\t\t\t\t<\/div>\n\t\t\t\t\t<\/div>\n\t\t<\/div>\n\t\t\t\t\t<\/div>\n\t\t<\/section>\n\t\t\t\t<section data-particle_enable=\"false\" data-particle-mobile-disabled=\"false\" class=\"elementor-section elementor-top-section elementor-element elementor-element-cc08657 elementor-section-boxed elementor-section-height-default elementor-section-height-default\" data-id=\"cc08657\" data-element_type=\"section\">\n\t\t\t\t\t\t<div class=\"elementor-container elementor-column-gap-wider\">\n\t\t\t\t\t<div class=\"elementor-column elementor-col-50 elementor-top-column elementor-element elementor-element-bf9bd70\" data-id=\"bf9bd70\" data-element_type=\"column\">\n\t\t\t<div class=\"elementor-widget-wrap elementor-element-populated\">\n\t\t\t\t\t\t<div class=\"elementor-element elementor-element-1eb3c4d elementor-widget elementor-widget-text-editor\" data-id=\"1eb3c4d\" data-element_type=\"widget\" data-widget_type=\"text-editor.default\">\n\t\t\t\t<div class=\"elementor-widget-container\">\n\t\t\t\t\t\t\t\t\t<p class=\"p1\">\u201cCFB\u201d uses its own cookies to manage the different services it offers users, and depending on their functions, the types are:<\/p>\n<p class=\"p1\">Session cookies: Cookies designed to gather and store data when the user logs into the private area of www.centrofertilidadbarcelona.com. This cookie expires when you log out and is deleted from your computer.<\/p>\n<p class=\"p1\">Persistent cookies: Cookies that store information on your device, where it can be accessed and processed by the cookie manager over a period they define, ranging from a few minutes to several years.<\/p>\n<p class=\"p1\">Technical cookies: These are the cookies that allow the user to navigate through a website, platform or application and to use the different options or services on it, with functions including monitoring traffic and data communication, identifying the session, accessing areas with restricted access, remembering the elements in an order, executing the purchase process of an order, applying for registration or participation in an event, using security elements during browsing, storing content for the circulation of videos or sound, or sharing content through social networks.<\/p>\n<p class=\"p1\">Personalisation cookies: These cookies allow the user to access the service with some general characteristics predefined according to a series of criteria in the user&#8217;s terminal such as, for example, the language, the type of browser the service is accessed via, the regional configuration the service is accessed from, etc.<\/p>\n<p class=\"p1\">Analytical cookies: Those that allow the cookie manager monitor and analyse the behaviour of users of the website they are linked to. The information gathered using this type of cookies is used to measure the activity of websites, applications, and platforms, and to create browsing profiles for the users of these websites, applications and platforms, in order to introduce improvements according to analysis of user usage data.<\/p>\n<p class=\"p1\">Ruling 4\/2012 of the Article 29 Workgroup states that the cookies exempted from compliance with the obligations of LSSI Article 22.2 include those used exclusively to enable communication between the user\u2019s device and the network, and those used strictly to provide a service expressly requested by the user, namely:<\/p>\n<p class=\"p1\">\u2013 User\u2011input cookies<\/p>\n<p class=\"p1\">\u2013 Authentication cookies to identify users for the duration of a session<\/p>\n<p class=\"p1\">\u2013 User security cookies (for example, to detect repeated mistakes when attempting to connect to a website)<\/p>\n<p class=\"p1\">\u2013 Multimedia content player cookies<\/p>\n<p class=\"p1\">\u2013 Load\u2011balancing cookies for the duration of a session<\/p>\n<p class=\"p1\">\u2013 User\u2011interface customisation cookies<\/p>\n<p class=\"p1\">\u2013 Third\u2011party social plug\u2011in content\u2011sharing cookies<\/p>\n<p class=\"p1\">Session cookies and user-input cookies are mostly used to track users\u2019 actions when they fill in online forms over several pages, or in a shopping cart to track the items the user has clicked to buy.<\/p>\n<p class=\"p1\">If you refuse the cookies that are strictly necessary for the provision of certain services expressly requested by the user, you will not be able to see and\/or receive the content and services of www.centrofertilidadbarcelona.com correctly.<\/p>\n<p class=\"p1\">\u00a0<\/p>\n\t\t\t\t\t\t\t\t<\/div>\n\t\t\t\t<\/div>\n\t\t\t\t\t<\/div>\n\t\t<\/div>\n\t\t\t\t<div class=\"elementor-column elementor-col-50 elementor-top-column elementor-element elementor-element-2538d50\" data-id=\"2538d50\" data-element_type=\"column\">\n\t\t\t<div class=\"elementor-widget-wrap elementor-element-populated\">\n\t\t\t\t\t\t<div class=\"elementor-element elementor-element-3119081 elementor-widget elementor-widget-text-editor\" data-id=\"3119081\" data-element_type=\"widget\" data-widget_type=\"text-editor.default\">\n\t\t\t\t<div class=\"elementor-widget-container\">\n\t\t\t\t\t\t\t\t\t<p>\u201cCFB\u201d also uses analytical cookies from the Google Analytics service in order to analyse our website. These cookies are used to gather information on how visitors use our website, which is then used to improve the user experience. Disabling these cookies will not affect the functionality of www.centrofertilidadbarcelona.com.<\/p>\n<ol class=\"ol1\">\n<li class=\"li6\">\n<p class=\"p1\">Google Analytics is Google\u2019s website analysis tool, which helps the owners of websites and apps understand how their visitors interact with them. It may use a set of cookies to gather information and report website usage statistics without personally identifying users to Google. More information on Google Analytics cookies and privacy is available at https:\/\/developers.google.com\/analytics\/resources\/concepts\/gaConceptsCookies<\/p>\n<p class=\"p1\">Some parts of the website may connect to various social networks, such as Facebook, Twitter, Google+, Linkedin, etc., so users should consult the cookie policies at each of these sites before using their services.<\/p>\n<p class=\"p1\">Users can allow, block, or delete the cookies installed on their system by configuring the options of their web browsers. The links below lead to the websites for the main browsers, explaining how this can be done:<\/p>\n<p class=\"p1\">\u2013 Internet Explorer<\/p>\n<p class=\"p1\">http:\/\/windows.microsoft.com\/en-gb\/internet-explorer\/delete-manage-cookies<\/p>\n<p class=\"p1\">\u2013 Google Chrome<\/p>\n<p class=\"p1\">https:\/\/support.google.com\/chrome\/answer\/95647?hl=en<\/p>\n<p class=\"p1\">\u2013 Google Chrome for Android<\/p>\n<p class=\"p1\">https:\/\/support.google.com\/chrome\/answer\/2392971?hl=en<\/p>\n<p class=\"p1\">\u2013 Mozilla Firefox<\/p>\n<p class=\"p1\">https:\/\/support.mozilla.org\/en-US\/kb\/cookies-information-websites-store-on-your-computer<\/p>\n<p class=\"p1\">\u2013 Safari<\/p>\n<p class=\"p1\">http:\/\/support.apple.com\/kb\/ph5042<\/p>\n<p class=\"p1\">\u2013 Safari for IOS (iPhone \u2013 iPad)<\/p>\n<p class=\"p1\">https:\/\/support.apple.com\/en-gb\/HT201265<\/p>\n<p class=\"p1\">These browsers are subject to changes or modifications, so we cannot guarantee this information will apply to your own browser\u2019s current version. If you use a browser that is not linked to above, please check your browser\u2019s help files and cookies settings.<\/p>\n<p class=\"p1\">If at any time you would like to withdraw your consent in relation to this Cookie Policy, you must delete the stored cookies using your browser settings.<\/p>\n<p class=\"p1\">This Cookie Policy is intended to provide clear and accurate information on the cookies used on www.centrofertilidadbarcelona.com. If you would like more information on the use of cookies, please email us at central@centrofertilidadbarcelona.com.<\/p>\n<\/li>\n<\/ol>\n\t\t\t\t\t\t\t\t<\/div>\n\t\t\t\t<\/div>\n\t\t\t\t\t<\/div>\n\t\t<\/div>\n\t\t\t\t\t<\/div>\n\t\t<\/section>\n\t\t\t\t<\/div>\n\t\t","protected":false},"excerpt":{"rendered":"<p>Cookie Policy A cookie is a file downloaded onto the user\u2019s computer\/smartphone\/tablet when they access certain websites, to store and retrieve information on browsing from that device, but they do not give us information on their name or any other personal data, and are used exclusively for website functionality, security and statistics. The cookies we &#8230; <a title=\"Cookie Policy\" class=\"read-more\" href=\"https:\/\/centrofertilidad.com\/en\/cookie-policy\/\" aria-label=\"Read more about Cookie Policy\">Read more<\/a><\/p>\n","protected":false},"author":1,"featured_media":0,"parent":0,"menu_order":0,"comment_status":"closed","ping_status":"closed","template":"elementor_header_footer","meta":{"footnotes":""},"class_list":["post-2810","page","type-page","status-publish"],"yoast_head":"<!-- This site is optimized with the Yoast SEO Premium plugin v26.2 (Yoast SEO v27.5) - https:\/\/yoast.com\/product\/yoast-seo-premium-wordpress\/ -->\n<title>CFB - Cookie Policy - Centro de Fertilidad<\/title>\n<meta name=\"robots\" content=\"noindex, nofollow\" \/>\n<meta property=\"og:locale\" content=\"en_US\" \/>\n<meta property=\"og:type\" content=\"article\" \/>\n<meta property=\"og:title\" content=\"Cookie Policy\" \/>\n<meta property=\"og:description\" content=\"Cookie Policy A cookie is a file downloaded onto the user\u2019s computer\/smartphone\/tablet when they access certain websites, to store and retrieve information on browsing from that device, but they do not give us information on their name or any other personal data, and are used exclusively for website functionality, security and statistics. The cookies we ... Read more\" \/>\n<meta property=\"og:url\" content=\"https:\/\/centrofertilidad.com\/en\/cookie-policy\/\" \/>\n<meta property=\"og:site_name\" content=\"Centro de Fertilidad\" \/>\n<meta property=\"article:modified_time\" content=\"2025-01-07T11:28:45+00:00\" \/>\n<meta name=\"twitter:card\" content=\"summary_large_image\" \/>\n<meta name=\"twitter:label1\" content=\"Est. reading time\" \/>\n\t<meta name=\"twitter:data1\" content=\"4 minutes\" \/>\n<script type=\"application\/ld+json\" class=\"yoast-schema-graph\">{\"@context\":\"https:\\\/\\\/schema.org\",\"@graph\":[{\"@type\":\"WebPage\",\"@id\":\"https:\\\/\\\/centrofertilidad.com\\\/en\\\/cookie-policy\\\/\",\"url\":\"https:\\\/\\\/centrofertilidad.com\\\/en\\\/cookie-policy\\\/\",\"name\":\"CFB - Cookie Policy - Centro de Fertilidad\",\"isPartOf\":{\"@id\":\"https:\\\/\\\/centrofertilidad.com\\\/en\\\/#website\"},\"datePublished\":\"2021-12-02T09:41:10+00:00\",\"dateModified\":\"2025-01-07T11:28:45+00:00\",\"breadcrumb\":{\"@id\":\"https:\\\/\\\/centrofertilidad.com\\\/en\\\/cookie-policy\\\/#breadcrumb\"},\"inLanguage\":\"en-US\",\"potentialAction\":[{\"@type\":\"ReadAction\",\"target\":[\"https:\\\/\\\/centrofertilidad.com\\\/en\\\/cookie-policy\\\/\"]}]},{\"@type\":\"BreadcrumbList\",\"@id\":\"https:\\\/\\\/centrofertilidad.com\\\/en\\\/cookie-policy\\\/#breadcrumb\",\"itemListElement\":[{\"@type\":\"ListItem\",\"position\":1,\"name\":\"Home\",\"item\":\"https:\\\/\\\/centrofertilidad.com\\\/en\\\/\"},{\"@type\":\"ListItem\",\"position\":2,\"name\":\"Cookie Policy\"}]},{\"@type\":\"WebSite\",\"@id\":\"https:\\\/\\\/centrofertilidad.com\\\/en\\\/#website\",\"url\":\"https:\\\/\\\/centrofertilidad.com\\\/en\\\/\",\"name\":\"Centro de Fertilidad\",\"description\":\"Especialistas en Reproducci\u00f3n Asistida con m\u00e1s de 30 a\u00f1os de experiencia\",\"publisher\":{\"@id\":\"https:\\\/\\\/centrofertilidad.com\\\/en\\\/#organization\"},\"potentialAction\":[{\"@type\":\"SearchAction\",\"target\":{\"@type\":\"EntryPoint\",\"urlTemplate\":\"https:\\\/\\\/centrofertilidad.com\\\/en\\\/?s={search_term_string}\"},\"query-input\":{\"@type\":\"PropertyValueSpecification\",\"valueRequired\":true,\"valueName\":\"search_term_string\"}}],\"inLanguage\":\"en-US\"},{\"@type\":\"Organization\",\"@id\":\"https:\\\/\\\/centrofertilidad.com\\\/en\\\/#organization\",\"name\":\"Centro Fertilidad\",\"url\":\"https:\\\/\\\/centrofertilidad.com\\\/en\\\/\",\"logo\":{\"@type\":\"ImageObject\",\"inLanguage\":\"en-US\",\"@id\":\"https:\\\/\\\/centrofertilidad.com\\\/en\\\/#\\\/schema\\\/logo\\\/image\\\/\",\"url\":\"https:\\\/\\\/centrofertilidad.com\\\/wp-content\\\/uploads\\\/2021\\\/09\\\/cropped-Vector.png\",\"contentUrl\":\"https:\\\/\\\/centrofertilidad.com\\\/wp-content\\\/uploads\\\/2021\\\/09\\\/cropped-Vector.png\",\"width\":422,\"height\":38,\"caption\":\"Centro Fertilidad\"},\"image\":{\"@id\":\"https:\\\/\\\/centrofertilidad.com\\\/en\\\/#\\\/schema\\\/logo\\\/image\\\/\"}}]}<\/script>\n<!-- \/ Yoast SEO Premium plugin. -->","yoast_head_json":{"title":"CFB - Cookie Policy - Centro de Fertilidad","robots":{"index":"noindex","follow":"nofollow"},"og_locale":"en_US","og_type":"article","og_title":"Cookie Policy","og_description":"Cookie Policy A cookie is a file downloaded onto the user\u2019s computer\/smartphone\/tablet when they access certain websites, to store and retrieve information on browsing from that device, but they do not give us information on their name or any other personal data, and are used exclusively for website functionality, security and statistics. The cookies we ... Read more","og_url":"https:\/\/centrofertilidad.com\/en\/cookie-policy\/","og_site_name":"Centro de Fertilidad","article_modified_time":"2025-01-07T11:28:45+00:00","twitter_card":"summary_large_image","twitter_misc":{"Est. reading time":"4 minutes"},"schema":{"@context":"https:\/\/schema.org","@graph":[{"@type":"WebPage","@id":"https:\/\/centrofertilidad.com\/en\/cookie-policy\/","url":"https:\/\/centrofertilidad.com\/en\/cookie-policy\/","name":"CFB - Cookie Policy - Centro de Fertilidad","isPartOf":{"@id":"https:\/\/centrofertilidad.com\/en\/#website"},"datePublished":"2021-12-02T09:41:10+00:00","dateModified":"2025-01-07T11:28:45+00:00","breadcrumb":{"@id":"https:\/\/centrofertilidad.com\/en\/cookie-policy\/#breadcrumb"},"inLanguage":"en-US","potentialAction":[{"@type":"ReadAction","target":["https:\/\/centrofertilidad.com\/en\/cookie-policy\/"]}]},{"@type":"BreadcrumbList","@id":"https:\/\/centrofertilidad.com\/en\/cookie-policy\/#breadcrumb","itemListElement":[{"@type":"ListItem","position":1,"name":"Home","item":"https:\/\/centrofertilidad.com\/en\/"},{"@type":"ListItem","position":2,"name":"Cookie Policy"}]},{"@type":"WebSite","@id":"https:\/\/centrofertilidad.com\/en\/#website","url":"https:\/\/centrofertilidad.com\/en\/","name":"Centro de Fertilidad","description":"Especialistas en Reproducci\u00f3n Asistida con m\u00e1s de 30 a\u00f1os de experiencia","publisher":{"@id":"https:\/\/centrofertilidad.com\/en\/#organization"},"potentialAction":[{"@type":"SearchAction","target":{"@type":"EntryPoint","urlTemplate":"https:\/\/centrofertilidad.com\/en\/?s={search_term_string}"},"query-input":{"@type":"PropertyValueSpecification","valueRequired":true,"valueName":"search_term_string"}}],"inLanguage":"en-US"},{"@type":"Organization","@id":"https:\/\/centrofertilidad.com\/en\/#organization","name":"Centro Fertilidad","url":"https:\/\/centrofertilidad.com\/en\/","logo":{"@type":"ImageObject","inLanguage":"en-US","@id":"https:\/\/centrofertilidad.com\/en\/#\/schema\/logo\/image\/","url":"https:\/\/centrofertilidad.com\/wp-content\/uploads\/2021\/09\/cropped-Vector.png","contentUrl":"https:\/\/centrofertilidad.com\/wp-content\/uploads\/2021\/09\/cropped-Vector.png","width":422,"height":38,"caption":"Centro Fertilidad"},"image":{"@id":"https:\/\/centrofertilidad.com\/en\/#\/schema\/logo\/image\/"}}]}},"_links":{"self":[{"href":"https:\/\/centrofertilidad.com\/en\/wp-json\/wp\/v2\/pages\/2810","targetHints":{"allow":["GET"]}}],"collection":[{"href":"https:\/\/centrofertilidad.com\/en\/wp-json\/wp\/v2\/pages"}],"about":[{"href":"https:\/\/centrofertilidad.com\/en\/wp-json\/wp\/v2\/types\/page"}],"author":[{"embeddable":true,"href":"https:\/\/centrofertilidad.com\/en\/wp-json\/wp\/v2\/users\/1"}],"replies":[{"embeddable":true,"href":"https:\/\/centrofertilidad.com\/en\/wp-json\/wp\/v2\/comments?post=2810"}],"version-history":[{"count":5,"href":"https:\/\/centrofertilidad.com\/en\/wp-json\/wp\/v2\/pages\/2810\/revisions"}],"predecessor-version":[{"id":15669,"href":"https:\/\/centrofertilidad.com\/en\/wp-json\/wp\/v2\/pages\/2810\/revisions\/15669"}],"wp:attachment":[{"href":"https:\/\/centrofertilidad.com\/en\/wp-json\/wp\/v2\/media?parent=2810"}],"curies":[{"name":"wp","href":"https:\/\/api.w.org\/{rel}","templated":true}]}}