{"id":3776,"date":"2022-01-03T07:51:45","date_gmt":"2022-01-03T07:51:45","guid":{"rendered":"http:\/\/centrofertilidad.com\/blog\/"},"modified":"2025-03-18T09:15:34","modified_gmt":"2025-03-18T09:15:34","slug":"blog","status":"publish","type":"page","link":"https:\/\/centrofertilidad.com\/fr\/blog\/","title":{"rendered":"Blog"},"content":{"rendered":"\t\t<div data-elementor-type=\"wp-page\" data-elementor-id=\"3776\" class=\"elementor elementor-3776 elementor-50\" data-elementor-post-type=\"page\">\n\t\t\t\t\t\t<section data-particle_enable=\"false\" data-particle-mobile-disabled=\"false\" class=\"elementor-section elementor-top-section elementor-element elementor-element-70e6f54 elementor-section-full_width elementor-section-height-default elementor-section-height-default\" data-id=\"70e6f54\" data-element_type=\"section\" data-settings=\"{&quot;background_background&quot;:&quot;classic&quot;}\">\n\t\t\t\t\t\t<div class=\"elementor-container elementor-column-gap-default\">\n\t\t\t\t\t<div class=\"elementor-column elementor-col-100 elementor-top-column elementor-element elementor-element-dc5fb7d\" data-id=\"dc5fb7d\" data-element_type=\"column\">\n\t\t\t<div class=\"elementor-widget-wrap elementor-element-populated\">\n\t\t\t\t\t\t<section data-particle_enable=\"false\" data-particle-mobile-disabled=\"false\" class=\"elementor-section elementor-inner-section elementor-element elementor-element-75df31b elementor-section-boxed elementor-section-height-default elementor-section-height-default\" data-id=\"75df31b\" data-element_type=\"section\" data-settings=\"{&quot;background_background&quot;:&quot;classic&quot;}\">\n\t\t\t\t\t\t<div class=\"elementor-container elementor-column-gap-default\">\n\t\t\t\t\t<div class=\"elementor-column elementor-col-100 elementor-inner-column elementor-element elementor-element-bbbe0e2\" data-id=\"bbbe0e2\" data-element_type=\"column\">\n\t\t\t<div class=\"elementor-widget-wrap elementor-element-populated\">\n\t\t\t\t\t\t<div class=\"elementor-element elementor-element-2995971 elementor-widget elementor-widget-heading\" data-id=\"2995971\" data-element_type=\"widget\" data-widget_type=\"heading.default\">\n\t\t\t\t<div class=\"elementor-widget-container\">\n\t\t\t\t\t<h2 class=\"elementor-heading-title elementor-size-default\">Articles du blog<\/h2>\t\t\t\t<\/div>\n\t\t\t\t<\/div>\n\t\t\t\t\t<\/div>\n\t\t<\/div>\n\t\t\t\t\t<\/div>\n\t\t<\/section>\n\t\t\t\t\t<\/div>\n\t\t<\/div>\n\t\t\t\t\t<\/div>\n\t\t<\/section>\n\t\t\t\t<section data-particle_enable=\"false\" data-particle-mobile-disabled=\"false\" class=\"elementor-section elementor-top-section elementor-element elementor-element-a6d3e65 elementor-section-boxed elementor-section-height-default elementor-section-height-default\" data-id=\"a6d3e65\" data-element_type=\"section\">\n\t\t\t\t\t\t<div class=\"elementor-container elementor-column-gap-default\">\n\t\t\t\t\t<div class=\"elementor-column elementor-col-100 elementor-top-column elementor-element elementor-element-70b8883\" data-id=\"70b8883\" data-element_type=\"column\">\n\t\t\t<div class=\"elementor-widget-wrap elementor-element-populated\">\n\t\t\t\t\t\t<div class=\"elementor-element elementor-element-8071ea9 elementor-grid-2 elementor-grid-tablet-2 elementor-grid-mobile-1 elementor-posts--thumbnail-top elementor-widget elementor-widget-posts\" data-id=\"8071ea9\" data-element_type=\"widget\" data-settings=\"{&quot;classic_columns&quot;:&quot;2&quot;,&quot;classic_row_gap&quot;:{&quot;unit&quot;:&quot;px&quot;,&quot;size&quot;:47,&quot;sizes&quot;:[]},&quot;pagination_type&quot;:&quot;numbers&quot;,&quot;classic_columns_tablet&quot;:&quot;2&quot;,&quot;classic_columns_mobile&quot;:&quot;1&quot;,&quot;classic_row_gap_tablet&quot;:{&quot;unit&quot;:&quot;px&quot;,&quot;size&quot;:&quot;&quot;,&quot;sizes&quot;:[]},&quot;classic_row_gap_mobile&quot;:{&quot;unit&quot;:&quot;px&quot;,&quot;size&quot;:&quot;&quot;,&quot;sizes&quot;:[]}}\" data-widget_type=\"posts.classic\">\n\t\t\t\t<div class=\"elementor-widget-container\">\n\t\t\t\t\t\t\t<div class=\"elementor-posts-container elementor-posts elementor-posts--skin-classic elementor-grid\" role=\"list\">\n\t\t\t\t<article class=\"elementor-post elementor-grid-item post-16659 post type-post status-publish format-standard has-post-thumbnail hentry category-non-classifiee\" role=\"listitem\">\n\t\t\t\t<a class=\"elementor-post__thumbnail__link\" href=\"https:\/\/centrofertilidad.com\/fr\/blog\/quels-sont-les-inconvenients-de-la-fiv-2\/\" tabindex=\"-1\" >\n\t\t\t<div class=\"elementor-post__thumbnail\"><img fetchpriority=\"high\" decoding=\"async\" width=\"1500\" height=\"1001\" src=\"https:\/\/centrofertilidad.com\/wp-content\/uploads\/2025\/05\/1153.webp\" class=\"attachment-full size-full wp-image-16661\" alt=\"\" srcset=\"https:\/\/centrofertilidad.com\/wp-content\/uploads\/2025\/05\/1153.webp 1500w, https:\/\/centrofertilidad.com\/wp-content\/uploads\/2025\/05\/1153-300x200.webp 300w, https:\/\/centrofertilidad.com\/wp-content\/uploads\/2025\/05\/1153-1024x683.webp 1024w, https:\/\/centrofertilidad.com\/wp-content\/uploads\/2025\/05\/1153-768x513.webp 768w\" sizes=\"(max-width: 1500px) 100vw, 1500px\" \/><\/div>\n\t\t<\/a>\n\t\t\t\t<div class=\"elementor-post__text\">\n\t\t\t\t<p class=\"elementor-post__title\">\n\t\t\t<a href=\"https:\/\/centrofertilidad.com\/fr\/blog\/quels-sont-les-inconvenients-de-la-fiv-2\/\" >\n\t\t\t\tQuels sont les inconv\u00e9nients de la FIV\t\t\t<\/a>\n\t\t<\/p>\n\t\t\t\t<div class=\"elementor-post__meta-data\">\n\t\t\t\t\t<span class=\"elementor-post-author\">\n\t\t\tGuillermo Gauthier\t\t<\/span>\n\t\t\t\t<span class=\"elementor-post-date\">\n\t\t\tmai 16, 2025\t\t<\/span>\n\t\t\t\t<\/div>\n\t\t\t\t<div class=\"elementor-post__excerpt\">\n\t\t\t<p>La f\u00e9condation in vitro (FIV) est une avanc\u00e9e majeure de la m\u00e9decine reproductive. Elle offre une chance concr\u00e8te de grossesse \u00e0 des femmes et couples qui, sans elle, n\u2019auraient peut-\u00eatre jamais pu r\u00e9aliser leur r\u00eave de devenir parents. Mais comme tout traitement m\u00e9dical, la FIV implique aussi certaines limites, effets secondaires et d\u00e9fis \u00e9motionnels. Les<\/p>\n\t\t<\/div>\n\t\t\t\t<\/div>\n\t\t\t\t<\/article>\n\t\t\t\t<article class=\"elementor-post elementor-grid-item post-16639 post type-post status-publish format-standard has-post-thumbnail hentry category-non-classifiee\" role=\"listitem\">\n\t\t\t\t<a class=\"elementor-post__thumbnail__link\" href=\"https:\/\/centrofertilidad.com\/fr\/blog\/la-fiv-est-elle-douloureuse\/\" tabindex=\"-1\" >\n\t\t\t<div class=\"elementor-post__thumbnail\"><img decoding=\"async\" width=\"1500\" height=\"1001\" src=\"https:\/\/centrofertilidad.com\/wp-content\/uploads\/2025\/05\/7708.webp\" class=\"attachment-full size-full wp-image-16644\" alt=\"\" srcset=\"https:\/\/centrofertilidad.com\/wp-content\/uploads\/2025\/05\/7708.webp 1500w, https:\/\/centrofertilidad.com\/wp-content\/uploads\/2025\/05\/7708-300x200.webp 300w, https:\/\/centrofertilidad.com\/wp-content\/uploads\/2025\/05\/7708-1024x683.webp 1024w, https:\/\/centrofertilidad.com\/wp-content\/uploads\/2025\/05\/7708-768x513.webp 768w\" sizes=\"(max-width: 1500px) 100vw, 1500px\" \/><\/div>\n\t\t<\/a>\n\t\t\t\t<div class=\"elementor-post__text\">\n\t\t\t\t<p class=\"elementor-post__title\">\n\t\t\t<a href=\"https:\/\/centrofertilidad.com\/fr\/blog\/la-fiv-est-elle-douloureuse\/\" >\n\t\t\t\tLa FIV est-elle douloureuse ?\t\t\t<\/a>\n\t\t<\/p>\n\t\t\t\t<div class=\"elementor-post__meta-data\">\n\t\t\t\t\t<span class=\"elementor-post-author\">\n\t\t\tGuillermo Gauthier\t\t<\/span>\n\t\t\t\t<span class=\"elementor-post-date\">\n\t\t\tmai 16, 2025\t\t<\/span>\n\t\t\t\t<\/div>\n\t\t\t\t<div class=\"elementor-post__excerpt\">\n\t\t\t<p>Lorsqu\u2019une femme s\u2019appr\u00eate \u00e0 d\u00e9buter un traitement de f\u00e9condation in vitro (FIV), il est normal que des doutes, des peurs et beaucoup d\u2019\u00e9motions surgissent. L\u2019une des questions les plus fr\u00e9quentes \u2014 et les plus humaines \u2014 est : Est-ce que \u00e7a va faire mal ? Ce n\u2019est pas seulement une inqui\u00e9tude physique : c\u2019est aussi<\/p>\n\t\t<\/div>\n\t\t\t\t<\/div>\n\t\t\t\t<\/article>\n\t\t\t\t<article class=\"elementor-post elementor-grid-item post-16625 post type-post status-publish format-standard has-post-thumbnail hentry category-non-classifiee\" role=\"listitem\">\n\t\t\t\t<a class=\"elementor-post__thumbnail__link\" href=\"https:\/\/centrofertilidad.com\/fr\/blog\/combien-coute-la-fiv-en-espagne\/\" tabindex=\"-1\" >\n\t\t\t<div class=\"elementor-post__thumbnail\"><img decoding=\"async\" width=\"1500\" height=\"1000\" src=\"https:\/\/centrofertilidad.com\/wp-content\/uploads\/2025\/05\/2147904754.webp\" class=\"attachment-full size-full wp-image-16626\" alt=\"\" srcset=\"https:\/\/centrofertilidad.com\/wp-content\/uploads\/2025\/05\/2147904754.webp 1500w, https:\/\/centrofertilidad.com\/wp-content\/uploads\/2025\/05\/2147904754-300x200.webp 300w, https:\/\/centrofertilidad.com\/wp-content\/uploads\/2025\/05\/2147904754-1024x683.webp 1024w, https:\/\/centrofertilidad.com\/wp-content\/uploads\/2025\/05\/2147904754-768x512.webp 768w\" sizes=\"(max-width: 1500px) 100vw, 1500px\" \/><\/div>\n\t\t<\/a>\n\t\t\t\t<div class=\"elementor-post__text\">\n\t\t\t\t<p class=\"elementor-post__title\">\n\t\t\t<a href=\"https:\/\/centrofertilidad.com\/fr\/blog\/combien-coute-la-fiv-en-espagne\/\" >\n\t\t\t\tCombien co\u00fbte la FIV en Espagne ?\t\t\t<\/a>\n\t\t<\/p>\n\t\t\t\t<div class=\"elementor-post__meta-data\">\n\t\t\t\t\t<span class=\"elementor-post-author\">\n\t\t\tGuillermo Gauthier\t\t<\/span>\n\t\t\t\t<span class=\"elementor-post-date\">\n\t\t\tmai 15, 2025\t\t<\/span>\n\t\t\t\t<\/div>\n\t\t\t\t<div class=\"elementor-post__excerpt\">\n\t\t\t<p>Parler de f\u00e9condation in vitro (FIV), c\u2019est parler d\u2019espoir, de choix personnels et, in\u00e9vitablement, d\u2019investissement \u00e9conomique. Si vous envisagez de commencer un traitement FIV en Espagne, vous vous \u00eates probablement d\u00e9j\u00e0 pos\u00e9 cette question : combien cela co\u00fbte-t-il vraiment ? La r\u00e9ponse d\u00e9pend de nombreux facteurs : la clinique choisie, les traitements compl\u00e9mentaires, ou encore<\/p>\n\t\t<\/div>\n\t\t\t\t<\/div>\n\t\t\t\t<\/article>\n\t\t\t\t<article class=\"elementor-post elementor-grid-item post-16613 post type-post status-publish format-standard has-post-thumbnail hentry category-non-classifiee\" role=\"listitem\">\n\t\t\t\t<a class=\"elementor-post__thumbnail__link\" href=\"https:\/\/centrofertilidad.com\/fr\/blog\/quels-sont-les-inconvenients-de-la-fiv\/\" tabindex=\"-1\" >\n\t\t\t<div class=\"elementor-post__thumbnail\"><img loading=\"lazy\" decoding=\"async\" width=\"1500\" height=\"1000\" src=\"https:\/\/centrofertilidad.com\/wp-content\/uploads\/2025\/05\/2149485530.webp\" class=\"attachment-full size-full wp-image-16618\" alt=\"\" srcset=\"https:\/\/centrofertilidad.com\/wp-content\/uploads\/2025\/05\/2149485530.webp 1500w, https:\/\/centrofertilidad.com\/wp-content\/uploads\/2025\/05\/2149485530-300x200.webp 300w, https:\/\/centrofertilidad.com\/wp-content\/uploads\/2025\/05\/2149485530-1024x683.webp 1024w, https:\/\/centrofertilidad.com\/wp-content\/uploads\/2025\/05\/2149485530-768x512.webp 768w\" sizes=\"(max-width: 1500px) 100vw, 1500px\" \/><\/div>\n\t\t<\/a>\n\t\t\t\t<div class=\"elementor-post__text\">\n\t\t\t\t<p class=\"elementor-post__title\">\n\t\t\t<a href=\"https:\/\/centrofertilidad.com\/fr\/blog\/quels-sont-les-inconvenients-de-la-fiv\/\" >\n\t\t\t\tQuels sont les inconv\u00e9nients de la FIV ?\t\t\t<\/a>\n\t\t<\/p>\n\t\t\t\t<div class=\"elementor-post__meta-data\">\n\t\t\t\t\t<span class=\"elementor-post-author\">\n\t\t\tGuillermo Gauthier\t\t<\/span>\n\t\t\t\t<span class=\"elementor-post-date\">\n\t\t\tmai 15, 2025\t\t<\/span>\n\t\t\t\t<\/div>\n\t\t\t\t<div class=\"elementor-post__excerpt\">\n\t\t\t<p>La f\u00e9condation in vitro (FIV) repr\u00e9sente l\u2019une des avanc\u00e9es les plus marquantes dans le domaine de la m\u00e9decine reproductive. Elle a ouvert des voies auparavant inaccessibles \u00e0 de nombreuses personnes et couples d\u00e9sireux de fonder une famille. Cependant, il est essentiel de reconna\u00eetre que ce processus n\u2019est pas toujours simple. La FIV implique une s\u00e9rie<\/p>\n\t\t<\/div>\n\t\t\t\t<\/div>\n\t\t\t\t<\/article>\n\t\t\t\t<article class=\"elementor-post elementor-grid-item post-16604 post type-post status-publish format-standard has-post-thumbnail hentry category-non-classifiee\" role=\"listitem\">\n\t\t\t\t<a class=\"elementor-post__thumbnail__link\" href=\"https:\/\/centrofertilidad.com\/fr\/blog\/comment-obtenir-une-prise-en-charge-a-100-pour-la-pma\/\" tabindex=\"-1\" >\n\t\t\t<div class=\"elementor-post__thumbnail\"><img loading=\"lazy\" decoding=\"async\" width=\"1500\" height=\"1000\" src=\"https:\/\/centrofertilidad.com\/wp-content\/uploads\/2025\/05\/95759.webp\" class=\"attachment-full size-full wp-image-16606\" alt=\"\" srcset=\"https:\/\/centrofertilidad.com\/wp-content\/uploads\/2025\/05\/95759.webp 1500w, https:\/\/centrofertilidad.com\/wp-content\/uploads\/2025\/05\/95759-300x200.webp 300w, https:\/\/centrofertilidad.com\/wp-content\/uploads\/2025\/05\/95759-1024x683.webp 1024w, https:\/\/centrofertilidad.com\/wp-content\/uploads\/2025\/05\/95759-768x512.webp 768w\" sizes=\"(max-width: 1500px) 100vw, 1500px\" \/><\/div>\n\t\t<\/a>\n\t\t\t\t<div class=\"elementor-post__text\">\n\t\t\t\t<p class=\"elementor-post__title\">\n\t\t\t<a href=\"https:\/\/centrofertilidad.com\/fr\/blog\/comment-obtenir-une-prise-en-charge-a-100-pour-la-pma\/\" >\n\t\t\t\tComment obtenir une prise en charge \u00e0 100 % pour la PMA ?\t\t\t<\/a>\n\t\t<\/p>\n\t\t\t\t<div class=\"elementor-post__meta-data\">\n\t\t\t\t\t<span class=\"elementor-post-author\">\n\t\t\tGuillermo Gauthier\t\t<\/span>\n\t\t\t\t<span class=\"elementor-post-date\">\n\t\t\tmai 15, 2025\t\t<\/span>\n\t\t\t\t<\/div>\n\t\t\t\t<div class=\"elementor-post__excerpt\">\n\t\t\t<p>La procr\u00e9ation m\u00e9dicalement assist\u00e9e (PMA) est un domaine de la m\u00e9decine qui suscite de grands espoirs, mais aussi de nombreuses interrogations, notamment en ce qui concerne les co\u00fbts. La question que nous entendons le plus souvent au Centre de Fertilit\u00e9 est : comment puis-je obtenir une prise en charge compl\u00e8te \u00e0 100 % pour mon<\/p>\n\t\t<\/div>\n\t\t\t\t<\/div>\n\t\t\t\t<\/article>\n\t\t\t\t<article class=\"elementor-post elementor-grid-item post-16588 post type-post status-publish format-standard has-post-thumbnail hentry category-non-classifiee\" role=\"listitem\">\n\t\t\t\t<a class=\"elementor-post__thumbnail__link\" href=\"https:\/\/centrofertilidad.com\/fr\/blog\/quand-la-fiv-est-elle-impossible\/\" tabindex=\"-1\" >\n\t\t\t<div class=\"elementor-post__thumbnail\"><img loading=\"lazy\" decoding=\"async\" width=\"1500\" height=\"1000\" src=\"https:\/\/centrofertilidad.com\/wp-content\/uploads\/2025\/05\/2150722864.webp\" class=\"attachment-full size-full wp-image-16596\" alt=\"\" srcset=\"https:\/\/centrofertilidad.com\/wp-content\/uploads\/2025\/05\/2150722864.webp 1500w, https:\/\/centrofertilidad.com\/wp-content\/uploads\/2025\/05\/2150722864-300x200.webp 300w, https:\/\/centrofertilidad.com\/wp-content\/uploads\/2025\/05\/2150722864-1024x683.webp 1024w, https:\/\/centrofertilidad.com\/wp-content\/uploads\/2025\/05\/2150722864-768x512.webp 768w\" sizes=\"(max-width: 1500px) 100vw, 1500px\" \/><\/div>\n\t\t<\/a>\n\t\t\t\t<div class=\"elementor-post__text\">\n\t\t\t\t<p class=\"elementor-post__title\">\n\t\t\t<a href=\"https:\/\/centrofertilidad.com\/fr\/blog\/quand-la-fiv-est-elle-impossible\/\" >\n\t\t\t\tQuand la FIV est-elle impossible\u00a0?\t\t\t<\/a>\n\t\t<\/p>\n\t\t\t\t<div class=\"elementor-post__meta-data\">\n\t\t\t\t\t<span class=\"elementor-post-author\">\n\t\t\tGuillermo Gauthier\t\t<\/span>\n\t\t\t\t<span class=\"elementor-post-date\">\n\t\t\tmai 15, 2025\t\t<\/span>\n\t\t\t\t<\/div>\n\t\t\t\t<div class=\"elementor-post__excerpt\">\n\t\t\t<p>La f\u00e9condation in vitro (FIV) est l\u2019une des techniques de procr\u00e9ation assist\u00e9e les plus utilis\u00e9es dans le monde. Elle a permis \u00e0 des milliers de personnes de r\u00e9aliser leur r\u00eave de devenir parents. Pourtant, m\u00eame si les avanc\u00e9es m\u00e9dicales sont impressionnantes, la FIV n\u2019est pas toujours une solution possible, ni indiqu\u00e9e dans tous les cas.<\/p>\n\t\t<\/div>\n\t\t\t\t<\/div>\n\t\t\t\t<\/article>\n\t\t\t\t<\/div>\n\t\t\n\t\t\t\t<div class=\"e-load-more-anchor\" data-page=\"1\" data-max-page=\"4\" data-next-page=\"https:\/\/centrofertilidad.com\/fr\/wp-json\/wp\/v2\/pages\/3776\/page\/2\/\"><\/div>\n\t\t\t\t<nav class=\"elementor-pagination\" aria-label=\"Pagination\">\n\t\t\t<span aria-current=\"page\" class=\"page-numbers current\"><span class=\"elementor-screen-only\">Page<\/span>1<\/span>\n<a class=\"page-numbers\" href=\"https:\/\/centrofertilidad.com\/fr\/wp-json\/wp\/v2\/pages\/3776\/page\/2\/\"><span class=\"elementor-screen-only\">Page<\/span>2<\/a>\n<a class=\"page-numbers\" href=\"https:\/\/centrofertilidad.com\/fr\/wp-json\/wp\/v2\/pages\/3776\/page\/3\/\"><span class=\"elementor-screen-only\">Page<\/span>3<\/a>\n<a class=\"page-numbers\" href=\"https:\/\/centrofertilidad.com\/fr\/wp-json\/wp\/v2\/pages\/3776\/page\/4\/\"><span class=\"elementor-screen-only\">Page<\/span>4<\/a>\t\t<\/nav>\n\t\t\t\t\t\t<\/div>\n\t\t\t\t<\/div>\n\t\t\t\t\t<\/div>\n\t\t<\/div>\n\t\t\t\t\t<\/div>\n\t\t<\/section>\n\t\t\t\t<\/div>\n\t\t","protected":false},"excerpt":{"rendered":"<p>Articles du blog<\/p>\n","protected":false},"author":1,"featured_media":0,"parent":0,"menu_order":0,"comment_status":"closed","ping_status":"closed","template":"elementor_header_footer","meta":{"footnotes":""},"class_list":["post-3776","page","type-page","status-publish","hentry"],"yoast_head":"<!-- This site is optimized with the Yoast SEO Premium plugin v26.2 (Yoast SEO v27.3) - https:\/\/yoast.com\/product\/yoast-seo-premium-wordpress\/ -->\n<title>CFB - Blog<\/title>\n<meta name=\"robots\" content=\"index, follow, max-snippet:-1, max-image-preview:large, max-video-preview:-1\" \/>\n<link rel=\"canonical\" href=\"https:\/\/centrofertilidad.com\/fr\/blog\/\" \/>\n<meta property=\"og:locale\" content=\"fr_FR\" \/>\n<meta property=\"og:type\" content=\"article\" \/>\n<meta property=\"og:title\" content=\"Blog\" \/>\n<meta property=\"og:description\" content=\"Articles du blog\" \/>\n<meta property=\"og:url\" content=\"https:\/\/centrofertilidad.com\/fr\/blog\/\" \/>\n<meta property=\"og:site_name\" content=\"Centro de Fertilidad\" \/>\n<meta property=\"article:modified_time\" content=\"2025-03-18T09:15:34+00:00\" \/>\n<meta name=\"twitter:card\" content=\"summary_large_image\" \/>\n<meta name=\"twitter:label1\" content=\"Dur\u00e9e de lecture estim\u00e9e\" \/>\n\t<meta name=\"twitter:data1\" content=\"1 minute\" \/>\n<script type=\"application\/ld+json\" class=\"yoast-schema-graph\">{\"@context\":\"https:\\\/\\\/schema.org\",\"@graph\":[{\"@type\":\"WebPage\",\"@id\":\"https:\\\/\\\/centrofertilidad.com\\\/fr\\\/blog\\\/\",\"url\":\"https:\\\/\\\/centrofertilidad.com\\\/fr\\\/blog\\\/\",\"name\":\"CFB - Blog\",\"isPartOf\":{\"@id\":\"https:\\\/\\\/centrofertilidad.com\\\/fr\\\/#website\"},\"datePublished\":\"2022-01-03T07:51:45+00:00\",\"dateModified\":\"2025-03-18T09:15:34+00:00\",\"breadcrumb\":{\"@id\":\"https:\\\/\\\/centrofertilidad.com\\\/fr\\\/blog\\\/#breadcrumb\"},\"inLanguage\":\"fr-FR\",\"potentialAction\":[{\"@type\":\"ReadAction\",\"target\":[\"https:\\\/\\\/centrofertilidad.com\\\/fr\\\/blog\\\/\"]}]},{\"@type\":\"BreadcrumbList\",\"@id\":\"https:\\\/\\\/centrofertilidad.com\\\/fr\\\/blog\\\/#breadcrumb\",\"itemListElement\":[{\"@type\":\"ListItem\",\"position\":1,\"name\":\"Home\",\"item\":\"https:\\\/\\\/centrofertilidad.com\\\/fr\\\/\"},{\"@type\":\"ListItem\",\"position\":2,\"name\":\"Blog\"}]},{\"@type\":\"WebSite\",\"@id\":\"https:\\\/\\\/centrofertilidad.com\\\/fr\\\/#website\",\"url\":\"https:\\\/\\\/centrofertilidad.com\\\/fr\\\/\",\"name\":\"Centro de Fertilidad\",\"description\":\"Especialistas en Reproducci\u00f3n Asistida con m\u00e1s de 30 a\u00f1os de experiencia\",\"publisher\":{\"@id\":\"https:\\\/\\\/centrofertilidad.com\\\/fr\\\/#organization\"},\"potentialAction\":[{\"@type\":\"SearchAction\",\"target\":{\"@type\":\"EntryPoint\",\"urlTemplate\":\"https:\\\/\\\/centrofertilidad.com\\\/fr\\\/?s={search_term_string}\"},\"query-input\":{\"@type\":\"PropertyValueSpecification\",\"valueRequired\":true,\"valueName\":\"search_term_string\"}}],\"inLanguage\":\"fr-FR\"},{\"@type\":\"Organization\",\"@id\":\"https:\\\/\\\/centrofertilidad.com\\\/fr\\\/#organization\",\"name\":\"Centro Fertilidad\",\"url\":\"https:\\\/\\\/centrofertilidad.com\\\/fr\\\/\",\"logo\":{\"@type\":\"ImageObject\",\"inLanguage\":\"fr-FR\",\"@id\":\"https:\\\/\\\/centrofertilidad.com\\\/fr\\\/#\\\/schema\\\/logo\\\/image\\\/\",\"url\":\"https:\\\/\\\/centrofertilidad.com\\\/wp-content\\\/uploads\\\/2021\\\/09\\\/cropped-Vector.png\",\"contentUrl\":\"https:\\\/\\\/centrofertilidad.com\\\/wp-content\\\/uploads\\\/2021\\\/09\\\/cropped-Vector.png\",\"width\":422,\"height\":38,\"caption\":\"Centro Fertilidad\"},\"image\":{\"@id\":\"https:\\\/\\\/centrofertilidad.com\\\/fr\\\/#\\\/schema\\\/logo\\\/image\\\/\"}}]}<\/script>\n<!-- \/ Yoast SEO Premium plugin. -->","yoast_head_json":{"title":"CFB - Blog","robots":{"index":"index","follow":"follow","max-snippet":"max-snippet:-1","max-image-preview":"max-image-preview:large","max-video-preview":"max-video-preview:-1"},"canonical":"https:\/\/centrofertilidad.com\/fr\/blog\/","og_locale":"fr_FR","og_type":"article","og_title":"Blog","og_description":"Articles du blog","og_url":"https:\/\/centrofertilidad.com\/fr\/blog\/","og_site_name":"Centro de Fertilidad","article_modified_time":"2025-03-18T09:15:34+00:00","twitter_card":"summary_large_image","twitter_misc":{"Dur\u00e9e de lecture estim\u00e9e":"1 minute"},"schema":{"@context":"https:\/\/schema.org","@graph":[{"@type":"WebPage","@id":"https:\/\/centrofertilidad.com\/fr\/blog\/","url":"https:\/\/centrofertilidad.com\/fr\/blog\/","name":"CFB - Blog","isPartOf":{"@id":"https:\/\/centrofertilidad.com\/fr\/#website"},"datePublished":"2022-01-03T07:51:45+00:00","dateModified":"2025-03-18T09:15:34+00:00","breadcrumb":{"@id":"https:\/\/centrofertilidad.com\/fr\/blog\/#breadcrumb"},"inLanguage":"fr-FR","potentialAction":[{"@type":"ReadAction","target":["https:\/\/centrofertilidad.com\/fr\/blog\/"]}]},{"@type":"BreadcrumbList","@id":"https:\/\/centrofertilidad.com\/fr\/blog\/#breadcrumb","itemListElement":[{"@type":"ListItem","position":1,"name":"Home","item":"https:\/\/centrofertilidad.com\/fr\/"},{"@type":"ListItem","position":2,"name":"Blog"}]},{"@type":"WebSite","@id":"https:\/\/centrofertilidad.com\/fr\/#website","url":"https:\/\/centrofertilidad.com\/fr\/","name":"Centro de Fertilidad","description":"Especialistas en Reproducci\u00f3n Asistida con m\u00e1s de 30 a\u00f1os de experiencia","publisher":{"@id":"https:\/\/centrofertilidad.com\/fr\/#organization"},"potentialAction":[{"@type":"SearchAction","target":{"@type":"EntryPoint","urlTemplate":"https:\/\/centrofertilidad.com\/fr\/?s={search_term_string}"},"query-input":{"@type":"PropertyValueSpecification","valueRequired":true,"valueName":"search_term_string"}}],"inLanguage":"fr-FR"},{"@type":"Organization","@id":"https:\/\/centrofertilidad.com\/fr\/#organization","name":"Centro Fertilidad","url":"https:\/\/centrofertilidad.com\/fr\/","logo":{"@type":"ImageObject","inLanguage":"fr-FR","@id":"https:\/\/centrofertilidad.com\/fr\/#\/schema\/logo\/image\/","url":"https:\/\/centrofertilidad.com\/wp-content\/uploads\/2021\/09\/cropped-Vector.png","contentUrl":"https:\/\/centrofertilidad.com\/wp-content\/uploads\/2021\/09\/cropped-Vector.png","width":422,"height":38,"caption":"Centro Fertilidad"},"image":{"@id":"https:\/\/centrofertilidad.com\/fr\/#\/schema\/logo\/image\/"}}]}},"_links":{"self":[{"href":"https:\/\/centrofertilidad.com\/fr\/wp-json\/wp\/v2\/pages\/3776","targetHints":{"allow":["GET"]}}],"collection":[{"href":"https:\/\/centrofertilidad.com\/fr\/wp-json\/wp\/v2\/pages"}],"about":[{"href":"https:\/\/centrofertilidad.com\/fr\/wp-json\/wp\/v2\/types\/page"}],"author":[{"embeddable":true,"href":"https:\/\/centrofertilidad.com\/fr\/wp-json\/wp\/v2\/users\/1"}],"replies":[{"embeddable":true,"href":"https:\/\/centrofertilidad.com\/fr\/wp-json\/wp\/v2\/comments?post=3776"}],"version-history":[{"count":6,"href":"https:\/\/centrofertilidad.com\/fr\/wp-json\/wp\/v2\/pages\/3776\/revisions"}],"predecessor-version":[{"id":6877,"href":"https:\/\/centrofertilidad.com\/fr\/wp-json\/wp\/v2\/pages\/3776\/revisions\/6877"}],"wp:attachment":[{"href":"https:\/\/centrofertilidad.com\/fr\/wp-json\/wp\/v2\/media?parent=3776"}],"curies":[{"name":"wp","href":"https:\/\/api.w.org\/{rel}","templated":true}]}}