{"id":3791,"date":"2022-01-03T08:05:40","date_gmt":"2022-01-03T08:05:40","guid":{"rendered":"http:\/\/centrofertilidad.com\/mentions-legales\/"},"modified":"2025-03-18T09:20:32","modified_gmt":"2025-03-18T09:20:32","slug":"mentions-legales","status":"publish","type":"page","link":"https:\/\/centrofertilidad.com\/fr\/mentions-legales\/","title":{"rendered":"Mentions l\u00e9gales"},"content":{"rendered":"\t\t<div data-elementor-type=\"wp-page\" data-elementor-id=\"3791\" class=\"elementor elementor-3791 elementor-1882\" data-elementor-post-type=\"page\">\n\t\t\t\t\t\t<section data-particle_enable=\"false\" data-particle-mobile-disabled=\"false\" class=\"elementor-section elementor-top-section elementor-element elementor-element-f5e4a18 elementor-section-height-min-height elementor-section-boxed elementor-section-height-default elementor-section-items-middle\" data-id=\"f5e4a18\" data-element_type=\"section\" data-settings=\"{&quot;background_background&quot;:&quot;classic&quot;}\">\n\t\t\t\t\t\t<div class=\"elementor-container elementor-column-gap-default\">\n\t\t\t\t\t<div class=\"elementor-column elementor-col-100 elementor-top-column elementor-element elementor-element-5907a8b\" data-id=\"5907a8b\" data-element_type=\"column\">\n\t\t\t<div class=\"elementor-widget-wrap elementor-element-populated\">\n\t\t\t\t\t\t<div class=\"elementor-element elementor-element-3565853 elementor-widget elementor-widget-heading\" data-id=\"3565853\" data-element_type=\"widget\" data-widget_type=\"heading.default\">\n\t\t\t\t<div class=\"elementor-widget-container\">\n\t\t\t\t\t<h2 class=\"elementor-heading-title elementor-size-default\">Mentions l\u00e9gales<\/h2>\t\t\t\t<\/div>\n\t\t\t\t<\/div>\n\t\t\t\t\t<\/div>\n\t\t<\/div>\n\t\t\t\t\t<\/div>\n\t\t<\/section>\n\t\t\t\t<section data-particle_enable=\"false\" data-particle-mobile-disabled=\"false\" class=\"elementor-section elementor-top-section elementor-element elementor-element-1564698 elementor-section-boxed elementor-section-height-default elementor-section-height-default\" data-id=\"1564698\" data-element_type=\"section\" data-settings=\"{&quot;background_background&quot;:&quot;classic&quot;}\">\n\t\t\t\t\t\t<div class=\"elementor-container elementor-column-gap-wider\">\n\t\t\t\t\t<div class=\"elementor-column elementor-col-50 elementor-top-column elementor-element elementor-element-14757a8\" data-id=\"14757a8\" data-element_type=\"column\">\n\t\t\t<div class=\"elementor-widget-wrap elementor-element-populated\">\n\t\t\t\t\t\t<div class=\"elementor-element elementor-element-2d914c5 elementor-widget elementor-widget-text-editor\" data-id=\"2d914c5\" data-element_type=\"widget\" data-widget_type=\"text-editor.default\">\n\t\t\t\t<div class=\"elementor-widget-container\">\n\t\t\t\t\t\t\t\t\t<p class=\"p1\"><b>DONN\u00c9ES D&rsquo;IDENTIFICATION<\/b><\/p>\n<p class=\"p2\">Conform\u00e9ment \u00e0 l&rsquo;obligation d&rsquo;information pr\u00e9vue \u00e0 l&rsquo;article 10 de la loi 34\/2002, du 11 juillet, sur les services de la soci\u00e9t\u00e9 de l&rsquo;information et le commerce \u00e9lectronique, les d\u00e9tails suivants sont fournis ci-apr\u00e8s :<\/p>\n<p class=\"p3\">Le propri\u00e9taire de ce site web est \u00ab\u00a0Gesti\u00f3n Reproductiva, S.L.\u00a0\u00bb, agissant sous le nom commercial \u00ab\u00a0Centro de Fertilidad Barcelona\u00a0\u00bb.<span class=\"s1\"> con domicilio<span class=\"Apple-converted-space\">\u00a0 <\/span><\/span>Carrer Torres i Pujalt, 11-29, Planta 3, Despacho 5. 08022 de Barcelona. Correo electr\u00f3nico de contacto <a href=\"mailto:central@centrofertilidadbarcelona.com\"><span class=\"s2\">central@centrofertilidadbarcelona.com<\/span><\/a><\/p>\n<p class=\"p2\">La informaci\u00f3n contenida en www.centrofertilidadbarcelona.com constituye un servicio de informaci\u00f3n de los diversos servicios que ofrecen la sociedad indicada anteriormente y que act\u00faan bajo el nombre comercial \u201cCentro de Fertilidad Barcelona\u201d en el \u00e1mbito de la medicina reproductiva y la prestaci\u00f3n de servicios relacionados con la misma.<\/p>\n<p class=\"p1\"><b>ACEPTACI\u00d3N DE LAS CONDICIONES DE USO<\/b><\/p>\n<p class=\"p1\">El acceso a la Web www.centrofertilidadbarcelona.com exige la aceptaci\u00f3n de las condiciones de uso que en cada momento se encuentren vigentes en esta Web.<\/p>\n<p class=\"p1\"><b>PROPIEDAD INTELECTUAL<\/b><\/p>\n<p class=\"p1\">El c\u00f3digo fuente, los dise\u00f1os gr\u00e1ficos, las im\u00e1genes, las fotograf\u00edas, las animaciones, el software, los textos, as\u00ed como la informaci\u00f3n y los contenidos que se recogen en www.centrofertilidadbarcelona.com est\u00e1n protegidos por la legislaci\u00f3n espa\u00f1ola sobre los derechos de propiedad intelectual e industrial a favor de \u201cCentro de Fertilidad Barcelona\u201d, y no se permite, la reproducci\u00f3n total o parcial de \u00e9sta Web, ni su tratamiento inform\u00e1tico, comunicaci\u00f3n p\u00fablica, distribuci\u00f3n, difusi\u00f3n, modificaci\u00f3n, transformaci\u00f3n o descompilaci\u00f3n, sin el permiso previo y por escrito de su titular, \u201cCentro de Fertilidad Barcelona\u201d de conformidad con lo dispuesto en los art\u00edculos 8 y 32 p\u00e1rrafo segundo de la Ley de Propiedad Intelectual.<\/p>\n<p class=\"p1\">El usuario, \u00fanica y exclusivamente podr\u00e1 utilizar el material que aparezca en \u00e9sta Web para su uso personal y privado, quedando prohibida su utilizaci\u00f3n con fines comerciales o para incurrir en actividades il\u00edcitas. Todos los derechos derivados de la propiedad intelectual est\u00e1n expresamente reservados por \u201cCentro de Fertilidad Barcelona\u201d.<\/p>\n<p class=\"p1\">\u201cCentro de Fertilidad Barcelona\u201d velar\u00e1 por el cumplimiento de las anteriores condiciones y para la debida utilizaci\u00f3n de los contenidos presentados en su portal, ejercitando todas las acciones civiles y penales que le correspondan en el caso de infracci\u00f3n o incumplimiento de estos derechos por parte del usuario.<\/p>\n<p class=\"p1\"><b>PROTECCI\u00d3N DE DATOS DE CAR\u00c1CTER PERSONAL<\/b><\/p>\n<p class=\"p1\">El acceso a la p\u00e1gina Web o su uso no implica una recogida de datos personales del usuario por parte de \u201cCentro de Fertilidad Barcelona\u201d. No obstante, se comunica que, en el caso de que \u201cCentro de Fertilidad Barcelona\u201d solicite datos personales, se informar\u00e1 debidamente al usuario conforme a lo establecido en el Reglamento General de Protecci\u00f3n de Datos y dem\u00e1s normativa que resulte de aplicaci\u00f3n relativa a la protecci\u00f3n de datos.<\/p>\n<p class=\"p1\">Los Datos Personales que recoge \u201cCentro de Fertilidad Barcelona\u201d en los distintos tipos de formularios ser\u00e1n tratados con la finalidad de dar respuesta a la solicitud realizada por el interesado, as\u00ed como para el mantenimiento de la relaci\u00f3n que en su caso se establezca y la gesti\u00f3n, administraci\u00f3n, informaci\u00f3n, prestaci\u00f3n y mejora de los servicios que decida contratar.<\/p>\n<p class=\"p1\">Para una informaci\u00f3n m\u00e1s detallada en lo relativo a la Protecci\u00f3n de Datos, deber\u00e1 acceder a nuestra \u201cPol\u00edtica de Privacidad\u201d<\/p>\n<p class=\"p1\">\u201cCentro de Fertilidad Barcelona\u201d ha tomado las medidas de \u00edndole t\u00e9cnica y organizativa necesarias para garantizar la seguridad de los datos y evitar su alteraci\u00f3n, p\u00e9rdida, tratamiento o acceso no autorizado, teniendo en cuenta el estado de la tecnolog\u00eda, la naturaleza de los datos almacenados y los riesgos a que se encuentran expuestos, ya provengan de la acci\u00f3n humana o del medio f\u00edsico o natural.<\/p>\n<p class=\"p1\"><b>DATOS EN REDES SOCIALES<\/b><\/p>\n<p class=\"p1\">\u201cCentro de Fertilidad Barcelona\u201d dispone de perfiles en diferentes redes sociales, por lo que hemos de advertir al usuario que todos los datos que publique en estos perfiles ser\u00e1n conocidos por todos aquellos usuarios que tambi\u00e9n interact\u00faen en ese perfil o que simplemente lo consulten, tengan estos o no su propio perfil en la red social, ya que todos los perfiles de \u201cCentro de Fertilidad Barcelona\u201d son p\u00fablicos. En consecuencia, toda la informaci\u00f3n y contenidos publicados por el usuario en la p\u00e1gina oficial de \u201cCentro de Fertilidad Barcelona\u201d en las redes sociales ser\u00e1 objeto de comunicaci\u00f3n al resto de los usuarios por la propia naturaleza del servicio.<\/p>\n<p class=\"p1\">En el caso de que el usuario env\u00ede informaci\u00f3n de cualquier tipo a \u201cCentro de Fertilidad Barcelona\u201d, sobre todo en el caso de datos de terceros, a trav\u00e9s de las redes sociales, \u00e9ste declara y garantiza que est\u00e1 legitimado a enviar dicha informaci\u00f3n y que no infringe ning\u00fan derecho de propiedad intelectual, de marca, de patente, secreto comercial, o cualquier otro derecho de tercero, que la informaci\u00f3n no tiene car\u00e1cter confidencial y que no da\u00f1a u ofende a terceros.<\/p>\n<p class=\"p1\">\u201cCentro de Fertilidad Barcelona\u201d s\u00f3lo es responsable y garantiza la confidencialidad, seguridad y tratamiento de los datos conforme a la legislaci\u00f3n vigente, respecto a los datos que recoja directamente del usuario, no teniendo ning\u00fan tipo de responsabilidad respecto de los tratamientos y posteriores usos que la red social pudiera efectuar.<\/p>\n<p class=\"p1\">\u201cCentro de Fertilidad Barcelona\u201d utiliza la aplicaci\u00f3n WhatsApp para comunicarse con sus clientes, con la finalidad de gestionar solicitudes de informaci\u00f3n sobre nuestros servicios y consultas sobre la agenda de sus vistas, as\u00ed como comunicaciones comerciales relacionadas con las ofertas y promociones. La empresa que gestiona la aplicaci\u00f3n WhatsApp tiene su sede en Estados Unidos de Am\u00e9rica, lo que se considera una transferencia internacional de datos a un pa\u00eds que no cumple con la normativa europea de Protecci\u00f3n de Datos. Por este motivo es necesario que nos autorice expresamente para usar este canal de comunicaci\u00f3n marcando la casilla correspondiente en los formularios d\u00f3nde se le solicite el consentimiento.<\/p>\n\t\t\t\t\t\t\t\t<\/div>\n\t\t\t\t<\/div>\n\t\t\t\t\t<\/div>\n\t\t<\/div>\n\t\t\t\t<div class=\"elementor-column elementor-col-50 elementor-top-column elementor-element elementor-element-76b3909\" data-id=\"76b3909\" data-element_type=\"column\">\n\t\t\t<div class=\"elementor-widget-wrap elementor-element-populated\">\n\t\t\t\t\t\t<div class=\"elementor-element elementor-element-2a5c74e elementor-widget elementor-widget-text-editor\" data-id=\"2a5c74e\" data-element_type=\"widget\" data-widget_type=\"text-editor.default\">\n\t\t\t\t<div class=\"elementor-widget-container\">\n\t\t\t\t\t\t\t\t\t<p>Nous vous recommandons de consulter la politique de confidentialit\u00e9 de WhatsApp avant de poursuivre. Si vous souhaitez utiliser l&rsquo;application WhatsApp pour communiquer avec nous, nous vous informons que \u00ab\u00a0Centro de Fertilidad Barcelona\u00a0\u00bb est uniquement responsable et garantit la confidentialit\u00e9, la s\u00e9curit\u00e9 et le traitement des donn\u00e9es, conform\u00e9ment \u00e0 la l\u00e9gislation en vigueur, en ce qui concerne les donn\u00e9es collect\u00e9es directement aupr\u00e8s de l&rsquo;utilisateur, et n&rsquo;a aucun contr\u00f4le ni responsabilit\u00e9 sur le traitement et l&rsquo;utilisation ult\u00e9rieure que WhatsApp peut faire des donn\u00e9es fournies \u00e0 travers ce canal.<\/p>\n<ol class=\"ol1\">\n<li class=\"li6\">\n<p class=\"p1\"><b>LIMITATION DE RESPONSABILIT\u00c9<\/b><\/p>\n<p class=\"p1\">\u00ab\u00a0Centro de Fertilidad Barcelona\u00a0\u00bb n&rsquo;est pas responsable des \u00e9ventuels dommages qui pourraient se produire en cons\u00e9quence de l&rsquo;utilisation des contenus du site web, ceux-ci \u00e9tant de la seule responsabilit\u00e9 de l&rsquo;utilisateur qui y acc\u00e8de.<\/p>\n<p class=\"p1\">De m\u00eame, le \u00ab\u00a0Centro de Fertilidad Barcelona\u00a0\u00bb n&rsquo;est pas responsable des \u00e9ventuels dommages pouvant d\u00e9couler de l&rsquo;utilisation d&rsquo;une version obsol\u00e8te ou d\u00e9fectueuse du navigateur, des interruptions de la connexion pouvant survenir lors de la transmission des donn\u00e9es, des virus informatiques, des pannes ou d\u00e9connexions dans le fonctionnement du syst\u00e8me t\u00e9l\u00e9matique, des blocages caus\u00e9s par des d\u00e9ficiences ou des surcharges des lignes t\u00e9l\u00e9phoniques, ainsi que des dommages caus\u00e9s par des tiers par le biais d&rsquo;interventions non autoris\u00e9es.<\/p>\n<p class=\"p1\">Le site web de \u00ab\u00a0Centro de Fertilidad Barcelona\u00a0\u00bb contient des liens vers d&rsquo;autres sites web qui peuvent pr\u00e9senter un int\u00e9r\u00eat pour les utilisateurs. \u00ab\u00a0Centro de Fertilidad Barcelona\u00a0\u00bb n&rsquo;assume aucune responsabilit\u00e9 quant \u00e0 ces liens, et ne peut garantir le respect des politiques de confidentialit\u00e9 ad\u00e9quates, raison pour laquelle l&rsquo;utilisateur acc\u00e8de au contenu des pages web susmentionn\u00e9es dans les conditions d&rsquo;utilisation qui y sont \u00e9tablies et sous sa responsabilit\u00e9 exclusive.<\/p>\n<p class=\"p1\">\u00ab\u00a0Centro de Fertilidad Barcelona\u00a0\u00bb ne peut \u00eatre tenu responsable du non-respect de toute r\u00e8gle applicable par l&rsquo;utilisateur lors de l&rsquo;acc\u00e8s au site web www.abadendentistas.com et\/ou de l&rsquo;utilisation des informations qu&rsquo;il contient.<\/p>\n<p class=\"p1\">\u00ab\u00a0Centro de Fertilidad Barcelona\u00a0\u00bb se r\u00e9serve le droit d&rsquo;interrompre ou de refuser, \u00e0 tout moment et sans pr\u00e9avis, l&rsquo;acc\u00e8s de tout utilisateur aux contenus \u00e0 acc\u00e8s restreint, lorsque l&rsquo;une des circonstances d\u00e9crites se produit.<\/p>\n<p class=\"p1\"><b>LIENS<\/b><\/p>\n<p class=\"p1\">Tous les liens, hypertextes, framing ou tout autre type de connexion virtuelle \u00e0 travers des r\u00e9seaux de t\u00e9l\u00e9communication depuis n&rsquo;importe quel site web vers notre site web doivent faire l&rsquo;objet d&rsquo;une demande et d&rsquo;une autorisation pr\u00e9alable et \u00e9crite du \u00ab\u00a0Centro de Fertilidad Barcelona\u00a0\u00bb, et dans le cas contraire, les liens \u00e9tablis vers ce site web doivent \u00eatre faits vers sa page d&rsquo;accueil.<\/p>\n<p class=\"p1\">Les liens vers des sites tiers sont donn\u00e9s \u00e0 titre indicatif et ont pour but de fournir \u00e0 l&rsquo;utilisateur d&rsquo;autres sources d&rsquo;information susceptibles de l&rsquo;int\u00e9resser.<\/p>\n<p class=\"p1\">\u00ab\u00a0Centro de Fertilidad Barcelona\u00a0\u00bb s&rsquo;efforce de v\u00e9rifier p\u00e9riodiquement le contenu de ses liens. Cependant, il est impossible de conna\u00eetre \u00e0 tout moment le contenu sp\u00e9cifique des liens propos\u00e9s. En cons\u00e9quence, nous demandons la collaboration de tout utilisateur qui acc\u00e8de aux contenus susmentionn\u00e9s dans le cas o\u00f9 ceux-ci pourraient \u00eatre contraires \u00e0 la l\u00e9gislation en vigueur, \u00e0 la morale ou \u00e0 l&rsquo;ordre public, en envoyant un courrier \u00e9lectronique \u00e0 l&rsquo;adresse suivante central@centrofertilidadbarcelona.com.<\/p>\n<p class=\"p1\"><b>RESPONSABILIT\u00c9<\/b><\/p>\n<p class=\"p1\">En d\u00e9finitive, l&rsquo;utilisateur est seul responsable de l&rsquo;usage qu&rsquo;il fait des services, contenus, liens et hypertextes inclus dans le site www.centrofertilidadbarcelona.com.<\/p>\n<p class=\"p1\"><b>R\u00c9SERVE<\/b><\/p>\n<p class=\"p1\">\u00ab\u00a0Centro de Fertilidad Barcelona\u00a0\u00bb se r\u00e9serve le droit, \u00e0 tout moment et sans pr\u00e9avis, de modifier et d&rsquo;actualiser les informations contenues dans son site web ou dans sa configuration et sa pr\u00e9sentation. De m\u00eame, il se r\u00e9serve le droit de suspendre temporairement, sans pr\u00e9avis, l&rsquo;acc\u00e8s au site Web pour des raisons de n\u00e9cessit\u00e9 \u00e9ventuelle et pour effectuer des op\u00e9rations de maintenance, de r\u00e9paration ou d&rsquo;am\u00e9lioration.<\/p>\n<p class=\"p1\">\u00ab\u00a0Centro de Fertilidad Barcelona\u00a0\u00bb se r\u00e9serve le droit d&rsquo;inclure ou de supprimer tout ou partie des informations du site web \u00e0 sa seule discr\u00e9tion.<\/p>\n<p class=\"p1\"><b>LOI APPLICABLE ET JURIDICTION<\/b><\/p>\n<p class=\"p1\">Pour toute question relative \u00e0 l&rsquo;interpr\u00e9tation, l&rsquo;ex\u00e9cution ou l&rsquo;\u00e9ventuelle violation des pr\u00e9sentes conditions d&rsquo;utilisation, les utilisateurs, renon\u00e7ant \u00e0 leur propre juridiction, et quel que soit le lieu de survenance du litige, se soumettent express\u00e9ment \u00e0 la comp\u00e9tence et \u00e0 la juridiction des cours et tribunaux de Barcelone.<\/p>\n<p class=\"p1\">Les pr\u00e9sentes conditions sont r\u00e9gies, dans tous les cas, par le droit espagnol.<\/p>\n<p class=\"p1\">\u201cCentro de Fertilidad Barcelona\u201d<\/p>\n<p class=\"p1\">Tous droits r\u00e9serv\u00e9s<\/p>\n<\/li>\n<\/ol>\n\t\t\t\t\t\t\t\t<\/div>\n\t\t\t\t<\/div>\n\t\t\t\t\t<\/div>\n\t\t<\/div>\n\t\t\t\t\t<\/div>\n\t\t<\/section>\n\t\t\t\t<\/div>\n\t\t","protected":false},"excerpt":{"rendered":"<p>Mentions l\u00e9gales DONN\u00c9ES D&rsquo;IDENTIFICATION Conform\u00e9ment \u00e0 l&rsquo;obligation d&rsquo;information pr\u00e9vue \u00e0 l&rsquo;article 10 de la loi 34\/2002, du 11 juillet, sur les services de la soci\u00e9t\u00e9 de l&rsquo;information et le commerce \u00e9lectronique, les d\u00e9tails suivants sont fournis ci-apr\u00e8s : Le propri\u00e9taire de ce site web est \u00ab\u00a0Gesti\u00f3n Reproductiva, S.L.\u00a0\u00bb, agissant sous le nom commercial \u00ab\u00a0Centro de &#8230; <a title=\"Mentions l\u00e9gales\" class=\"read-more\" href=\"https:\/\/centrofertilidad.com\/fr\/mentions-legales\/\" aria-label=\"En savoir plus sur Mentions l\u00e9gales\">Lire plus<\/a><\/p>\n","protected":false},"author":1,"featured_media":0,"parent":0,"menu_order":0,"comment_status":"closed","ping_status":"closed","template":"elementor_header_footer","meta":{"footnotes":""},"class_list":["post-3791","page","type-page","status-publish"],"yoast_head":"<!-- This site is optimized with the Yoast SEO Premium plugin v26.2 (Yoast SEO v27.5) - https:\/\/yoast.com\/product\/yoast-seo-premium-wordpress\/ -->\n<title>CFB - Mentions l\u00e9gales<\/title>\n<meta name=\"robots\" content=\"noindex, nofollow\" \/>\n<meta property=\"og:locale\" content=\"fr_FR\" \/>\n<meta property=\"og:type\" content=\"article\" \/>\n<meta property=\"og:title\" content=\"Mentions l\u00e9gales\" \/>\n<meta property=\"og:description\" content=\"Mentions l\u00e9gales DONN\u00c9ES D&rsquo;IDENTIFICATION Conform\u00e9ment \u00e0 l&rsquo;obligation d&rsquo;information pr\u00e9vue \u00e0 l&rsquo;article 10 de la loi 34\/2002, du 11 juillet, sur les services de la soci\u00e9t\u00e9 de l&rsquo;information et le commerce \u00e9lectronique, les d\u00e9tails suivants sont fournis ci-apr\u00e8s : Le propri\u00e9taire de ce site web est \u00ab\u00a0Gesti\u00f3n Reproductiva, S.L.\u00a0\u00bb, agissant sous le nom commercial \u00ab\u00a0Centro de ... Lire plus\" \/>\n<meta property=\"og:url\" content=\"https:\/\/centrofertilidad.com\/fr\/mentions-legales\/\" \/>\n<meta property=\"og:site_name\" content=\"Centro de Fertilidad\" \/>\n<meta property=\"article:modified_time\" content=\"2025-03-18T09:20:32+00:00\" \/>\n<meta name=\"twitter:card\" content=\"summary_large_image\" \/>\n<meta name=\"twitter:label1\" content=\"Dur\u00e9e de lecture estim\u00e9e\" \/>\n\t<meta name=\"twitter:data1\" content=\"8 minutes\" \/>\n<script type=\"application\/ld+json\" class=\"yoast-schema-graph\">{\"@context\":\"https:\\\/\\\/schema.org\",\"@graph\":[{\"@type\":\"WebPage\",\"@id\":\"https:\\\/\\\/centrofertilidad.com\\\/fr\\\/mentions-legales\\\/\",\"url\":\"https:\\\/\\\/centrofertilidad.com\\\/fr\\\/mentions-legales\\\/\",\"name\":\"CFB - Mentions l\u00e9gales\",\"isPartOf\":{\"@id\":\"https:\\\/\\\/centrofertilidad.com\\\/fr\\\/#website\"},\"datePublished\":\"2022-01-03T08:05:40+00:00\",\"dateModified\":\"2025-03-18T09:20:32+00:00\",\"breadcrumb\":{\"@id\":\"https:\\\/\\\/centrofertilidad.com\\\/fr\\\/mentions-legales\\\/#breadcrumb\"},\"inLanguage\":\"fr-FR\",\"potentialAction\":[{\"@type\":\"ReadAction\",\"target\":[\"https:\\\/\\\/centrofertilidad.com\\\/fr\\\/mentions-legales\\\/\"]}]},{\"@type\":\"BreadcrumbList\",\"@id\":\"https:\\\/\\\/centrofertilidad.com\\\/fr\\\/mentions-legales\\\/#breadcrumb\",\"itemListElement\":[{\"@type\":\"ListItem\",\"position\":1,\"name\":\"Home\",\"item\":\"https:\\\/\\\/centrofertilidad.com\\\/fr\\\/\"},{\"@type\":\"ListItem\",\"position\":2,\"name\":\"Mentions l\u00e9gales\"}]},{\"@type\":\"WebSite\",\"@id\":\"https:\\\/\\\/centrofertilidad.com\\\/fr\\\/#website\",\"url\":\"https:\\\/\\\/centrofertilidad.com\\\/fr\\\/\",\"name\":\"Centro de Fertilidad\",\"description\":\"Especialistas en Reproducci\u00f3n Asistida con m\u00e1s de 30 a\u00f1os de experiencia\",\"publisher\":{\"@id\":\"https:\\\/\\\/centrofertilidad.com\\\/fr\\\/#organization\"},\"potentialAction\":[{\"@type\":\"SearchAction\",\"target\":{\"@type\":\"EntryPoint\",\"urlTemplate\":\"https:\\\/\\\/centrofertilidad.com\\\/fr\\\/?s={search_term_string}\"},\"query-input\":{\"@type\":\"PropertyValueSpecification\",\"valueRequired\":true,\"valueName\":\"search_term_string\"}}],\"inLanguage\":\"fr-FR\"},{\"@type\":\"Organization\",\"@id\":\"https:\\\/\\\/centrofertilidad.com\\\/fr\\\/#organization\",\"name\":\"Centro Fertilidad\",\"url\":\"https:\\\/\\\/centrofertilidad.com\\\/fr\\\/\",\"logo\":{\"@type\":\"ImageObject\",\"inLanguage\":\"fr-FR\",\"@id\":\"https:\\\/\\\/centrofertilidad.com\\\/fr\\\/#\\\/schema\\\/logo\\\/image\\\/\",\"url\":\"https:\\\/\\\/centrofertilidad.com\\\/wp-content\\\/uploads\\\/2021\\\/09\\\/cropped-Vector.png\",\"contentUrl\":\"https:\\\/\\\/centrofertilidad.com\\\/wp-content\\\/uploads\\\/2021\\\/09\\\/cropped-Vector.png\",\"width\":422,\"height\":38,\"caption\":\"Centro Fertilidad\"},\"image\":{\"@id\":\"https:\\\/\\\/centrofertilidad.com\\\/fr\\\/#\\\/schema\\\/logo\\\/image\\\/\"}}]}<\/script>\n<!-- \/ Yoast SEO Premium plugin. -->","yoast_head_json":{"title":"CFB - Mentions l\u00e9gales","robots":{"index":"noindex","follow":"nofollow"},"og_locale":"fr_FR","og_type":"article","og_title":"Mentions l\u00e9gales","og_description":"Mentions l\u00e9gales DONN\u00c9ES D&rsquo;IDENTIFICATION Conform\u00e9ment \u00e0 l&rsquo;obligation d&rsquo;information pr\u00e9vue \u00e0 l&rsquo;article 10 de la loi 34\/2002, du 11 juillet, sur les services de la soci\u00e9t\u00e9 de l&rsquo;information et le commerce \u00e9lectronique, les d\u00e9tails suivants sont fournis ci-apr\u00e8s : Le propri\u00e9taire de ce site web est \u00ab\u00a0Gesti\u00f3n Reproductiva, S.L.\u00a0\u00bb, agissant sous le nom commercial \u00ab\u00a0Centro de ... Lire plus","og_url":"https:\/\/centrofertilidad.com\/fr\/mentions-legales\/","og_site_name":"Centro de Fertilidad","article_modified_time":"2025-03-18T09:20:32+00:00","twitter_card":"summary_large_image","twitter_misc":{"Dur\u00e9e de lecture estim\u00e9e":"8 minutes"},"schema":{"@context":"https:\/\/schema.org","@graph":[{"@type":"WebPage","@id":"https:\/\/centrofertilidad.com\/fr\/mentions-legales\/","url":"https:\/\/centrofertilidad.com\/fr\/mentions-legales\/","name":"CFB - Mentions l\u00e9gales","isPartOf":{"@id":"https:\/\/centrofertilidad.com\/fr\/#website"},"datePublished":"2022-01-03T08:05:40+00:00","dateModified":"2025-03-18T09:20:32+00:00","breadcrumb":{"@id":"https:\/\/centrofertilidad.com\/fr\/mentions-legales\/#breadcrumb"},"inLanguage":"fr-FR","potentialAction":[{"@type":"ReadAction","target":["https:\/\/centrofertilidad.com\/fr\/mentions-legales\/"]}]},{"@type":"BreadcrumbList","@id":"https:\/\/centrofertilidad.com\/fr\/mentions-legales\/#breadcrumb","itemListElement":[{"@type":"ListItem","position":1,"name":"Home","item":"https:\/\/centrofertilidad.com\/fr\/"},{"@type":"ListItem","position":2,"name":"Mentions l\u00e9gales"}]},{"@type":"WebSite","@id":"https:\/\/centrofertilidad.com\/fr\/#website","url":"https:\/\/centrofertilidad.com\/fr\/","name":"Centro de Fertilidad","description":"Especialistas en Reproducci\u00f3n Asistida con m\u00e1s de 30 a\u00f1os de experiencia","publisher":{"@id":"https:\/\/centrofertilidad.com\/fr\/#organization"},"potentialAction":[{"@type":"SearchAction","target":{"@type":"EntryPoint","urlTemplate":"https:\/\/centrofertilidad.com\/fr\/?s={search_term_string}"},"query-input":{"@type":"PropertyValueSpecification","valueRequired":true,"valueName":"search_term_string"}}],"inLanguage":"fr-FR"},{"@type":"Organization","@id":"https:\/\/centrofertilidad.com\/fr\/#organization","name":"Centro Fertilidad","url":"https:\/\/centrofertilidad.com\/fr\/","logo":{"@type":"ImageObject","inLanguage":"fr-FR","@id":"https:\/\/centrofertilidad.com\/fr\/#\/schema\/logo\/image\/","url":"https:\/\/centrofertilidad.com\/wp-content\/uploads\/2021\/09\/cropped-Vector.png","contentUrl":"https:\/\/centrofertilidad.com\/wp-content\/uploads\/2021\/09\/cropped-Vector.png","width":422,"height":38,"caption":"Centro Fertilidad"},"image":{"@id":"https:\/\/centrofertilidad.com\/fr\/#\/schema\/logo\/image\/"}}]}},"_links":{"self":[{"href":"https:\/\/centrofertilidad.com\/fr\/wp-json\/wp\/v2\/pages\/3791","targetHints":{"allow":["GET"]}}],"collection":[{"href":"https:\/\/centrofertilidad.com\/fr\/wp-json\/wp\/v2\/pages"}],"about":[{"href":"https:\/\/centrofertilidad.com\/fr\/wp-json\/wp\/v2\/types\/page"}],"author":[{"embeddable":true,"href":"https:\/\/centrofertilidad.com\/fr\/wp-json\/wp\/v2\/users\/1"}],"replies":[{"embeddable":true,"href":"https:\/\/centrofertilidad.com\/fr\/wp-json\/wp\/v2\/comments?post=3791"}],"version-history":[{"count":3,"href":"https:\/\/centrofertilidad.com\/fr\/wp-json\/wp\/v2\/pages\/3791\/revisions"}],"predecessor-version":[{"id":15693,"href":"https:\/\/centrofertilidad.com\/fr\/wp-json\/wp\/v2\/pages\/3791\/revisions\/15693"}],"wp:attachment":[{"href":"https:\/\/centrofertilidad.com\/fr\/wp-json\/wp\/v2\/media?parent=3791"}],"curies":[{"name":"wp","href":"https:\/\/api.w.org\/{rel}","templated":true}]}}