{"id":3793,"date":"2022-01-03T08:05:50","date_gmt":"2022-01-03T08:05:50","guid":{"rendered":"http:\/\/centrofertilidad.com\/politique-en-matiere-de-cookies\/"},"modified":"2025-03-18T09:21:42","modified_gmt":"2025-03-18T09:21:42","slug":"politique-en-matiere-de-cookies","status":"publish","type":"page","link":"https:\/\/centrofertilidad.com\/fr\/politique-en-matiere-de-cookies\/","title":{"rendered":"Politique en mati\u00e8re de cookies"},"content":{"rendered":"\t\t<div data-elementor-type=\"wp-page\" data-elementor-id=\"3793\" class=\"elementor elementor-3793 elementor-1904\" data-elementor-post-type=\"page\">\n\t\t\t\t\t\t<section data-particle_enable=\"false\" data-particle-mobile-disabled=\"false\" class=\"elementor-section elementor-top-section elementor-element elementor-element-9162854 elementor-section-boxed elementor-section-height-default elementor-section-height-default\" data-id=\"9162854\" data-element_type=\"section\" data-settings=\"{&quot;background_background&quot;:&quot;classic&quot;}\">\n\t\t\t\t\t\t<div class=\"elementor-container elementor-column-gap-default\">\n\t\t\t\t\t<div class=\"elementor-column elementor-col-100 elementor-top-column elementor-element elementor-element-b1c6f42\" data-id=\"b1c6f42\" data-element_type=\"column\">\n\t\t\t<div class=\"elementor-widget-wrap elementor-element-populated\">\n\t\t\t\t\t\t<div class=\"elementor-element elementor-element-4700b8c elementor-widget elementor-widget-heading\" data-id=\"4700b8c\" data-element_type=\"widget\" data-widget_type=\"heading.default\">\n\t\t\t\t<div class=\"elementor-widget-container\">\n\t\t\t\t\t<h2 class=\"elementor-heading-title elementor-size-default\">Politique en mati\u00e8re de cookies <\/h2>\t\t\t\t<\/div>\n\t\t\t\t<\/div>\n\t\t\t\t<div class=\"elementor-element elementor-element-813d62e elementor-widget elementor-widget-text-editor\" data-id=\"813d62e\" data-element_type=\"widget\" data-widget_type=\"text-editor.default\">\n\t\t\t\t<div class=\"elementor-widget-container\">\n\t\t\t\t\t\t\t\t\t<p class=\"p1\">Un cookie est un fichier qui est t\u00e9l\u00e9charg\u00e9 sur l&rsquo;ordinateur\/smartphone\/tablette de l&rsquo;utilisateur lorsqu&rsquo;il acc\u00e8de \u00e0 certaines pages web pour stocker et r\u00e9cup\u00e9rer des informations sur la navigation effectu\u00e9e depuis ledit \u00e9quipement, mais ils ne nous fournissent pas d&rsquo;informations sur votre nom ou toute autre donn\u00e9e personnelle, et sont uniquement utilis\u00e9s \u00e0 des fins op\u00e9rationnelles, de s\u00e9curit\u00e9 et de statistiques. Les cookies que nous utilisons ne peuvent pas lire les donn\u00e9es de votre ordinateur ni celles d&rsquo;autres cookies. Vous pouvez configurer votre navigateur pour qu&rsquo;il vous avertisse \u00e0 l&rsquo;\u00e9cran lorsque vous recevez un cookie. Si vous choisissez de ne pas accepter les cookies, cela ne vous emp\u00eachera pas d&rsquo;acc\u00e9der aux informations de www.centrofertilidadbarcelona.com.<\/p>\n\t\t\t\t\t\t\t\t<\/div>\n\t\t\t\t<\/div>\n\t\t\t\t\t<\/div>\n\t\t<\/div>\n\t\t\t\t\t<\/div>\n\t\t<\/section>\n\t\t\t\t<section data-particle_enable=\"false\" data-particle-mobile-disabled=\"false\" class=\"elementor-section elementor-top-section elementor-element elementor-element-cc08657 elementor-section-boxed elementor-section-height-default elementor-section-height-default\" data-id=\"cc08657\" data-element_type=\"section\">\n\t\t\t\t\t\t<div class=\"elementor-container elementor-column-gap-wider\">\n\t\t\t\t\t<div class=\"elementor-column elementor-col-50 elementor-top-column elementor-element elementor-element-bf9bd70\" data-id=\"bf9bd70\" data-element_type=\"column\">\n\t\t\t<div class=\"elementor-widget-wrap elementor-element-populated\">\n\t\t\t\t\t\t<div class=\"elementor-element elementor-element-1eb3c4d elementor-widget elementor-widget-text-editor\" data-id=\"1eb3c4d\" data-element_type=\"widget\" data-widget_type=\"text-editor.default\">\n\t\t\t\t<div class=\"elementor-widget-container\">\n\t\t\t\t\t\t\t\t\t<p class=\"p1\">\u201cCFB\u201d utiliza cookies propias para gestionar los diferentes servicios que ofrece al usuario, y en funci\u00f3n de su finalidad podemos distinguir entre:<\/p>\n<p class=\"p1\">Cookies de session : Il s&rsquo;agit d&rsquo;un type de cookie con\u00e7u pour collecter et stocker des donn\u00e9es lorsque l&rsquo;utilisateur se connecte \u00e0 la zone priv\u00e9e de www.centrofertilidadbarcelona.com. Ce cookie expire \u00e0 la fin de la session et est supprim\u00e9 de votre ordinateur.<\/p>\n<p class=\"p1\">Cookies persistants : Il s&rsquo;agit d&rsquo;un type de cookie dans lequel les donn\u00e9es restent stock\u00e9es dans le terminal et peuvent \u00eatre consult\u00e9es et trait\u00e9es pendant une p\u00e9riode d\u00e9finie par la partie responsable du cookie, qui peut aller de quelques minutes \u00e0 plusieurs ann\u00e9es.<\/p>\n<p class=\"p1\">Cookies techniques : Ils permettent \u00e0 l&rsquo;utilisateur de naviguer sur un site web, une plateforme ou une application et d&rsquo;utiliser les diff\u00e9rentes options ou services qui y existent, comme, par exemple, le contr\u00f4le du trafic et de la communication de donn\u00e9es, l&rsquo;identification de la session, l&rsquo;acc\u00e8s \u00e0 des zones restreintes, la m\u00e9morisation des \u00e9l\u00e9ments qui composent une commande, l&rsquo;ex\u00e9cution du processus d&rsquo;achat d&rsquo;une commande, la demande d&rsquo;inscription ou la participation \u00e0 un \u00e9v\u00e9nement, l&rsquo;utilisation d&rsquo;\u00e9l\u00e9ments de s\u00e9curit\u00e9 pendant la navigation, le stockage de contenus pour la diffusion de vid\u00e9os ou de sons ou le partage de contenus \u00e0 travers les r\u00e9seaux sociaux.<\/p>\n<p class=\"p1\">Cookies de personnalisation : Ceux-ci permettent \u00e0 l&rsquo;utilisateur d&rsquo;acc\u00e9der au service avec certaines caract\u00e9ristiques g\u00e9n\u00e9rales pr\u00e9d\u00e9finies en fonction d&rsquo;une s\u00e9rie de crit\u00e8res dans le terminal de l&rsquo;utilisateur, comme la langue, le type de navigateur utilis\u00e9 pour acc\u00e9der au service, la configuration r\u00e9gionale depuis laquelle on acc\u00e8de au service, etc.<\/p>\n<p class=\"p1\">Cookies d&rsquo;analyse : Il s&rsquo;agit de ceux qui permettent \u00e0 la partie qui en est responsable de suivre et d&rsquo;analyser le comportement des utilisateurs des sites web auxquels ils sont li\u00e9s. Les informations recueillies par ce type de cookies sont utilis\u00e9es pour mesurer l&rsquo;activit\u00e9 des sites web, de l&rsquo;application ou de la plateforme et pour l&rsquo;\u00e9laboration de profils de navigation des utilisateurs de ces sites, applications et plateformes, afin d&rsquo;introduire des am\u00e9liorations bas\u00e9es sur l&rsquo;analyse des donn\u00e9es relatives \u00e0 l&rsquo;utilisation faite par les utilisateurs du service.<\/p>\n<p class=\"p1\">Le groupe de travail de l&rsquo;article 29, dans son avis 4\/2012, a interpr\u00e9t\u00e9 que parmi les cookies exempt\u00e9s du respect des obligations \u00e9tablies \u00e0 l&rsquo;article 22.2 de la LSSI, figurent ceux utilis\u00e9s uniquement pour permettre la communication entre l&rsquo;\u00e9quipement de l&rsquo;utilisateur et le r\u00e9seau, et ceux utilis\u00e9s strictement pour fournir un service express\u00e9ment demand\u00e9 par l&rsquo;utilisateur, c&rsquo;est-\u00e0-dire ceux qui ont pour but\u00a0:<\/p>\n<p class=\"p1\">\u2013 Cookies \u00ab\u00a0Entr\u00e9e utilisateur\u00a0\u00bb<\/p>\n<p class=\"p1\">\u2013 Cookies d&rsquo;authentification ou d&rsquo;identification de l&rsquo;utilisateur (cookies de session uniquement)<\/p>\n<p class=\"p1\">\u2013 Cookies de s\u00e9curit\u00e9 de l&rsquo;utilisateur (par exemple, pour d\u00e9tecter les tentatives incorrectes et r\u00e9p\u00e9t\u00e9es de connexion \u00e0 un site web).<\/p>\n<p class=\"p1\">\u2013 Cookies de session du lecteur multim\u00e9dia<\/p>\n<p class=\"p1\">\u2013 Cookies de session pour l&rsquo;\u00e9quilibrage de la charge<\/p>\n<p class=\"p1\">\u2013 Cookies de personnalisation de l&rsquo;interface utilisateur<\/p>\n<p class=\"p1\">\u2013 Cookies plug-in pour le partage de contenu social<\/p>\n<p class=\"p1\">Les cookies de session et d&rsquo;entr\u00e9e utilisateur sont g\u00e9n\u00e9ralement utilis\u00e9s pour suivre les actions de l&rsquo;utilisateur lorsqu&rsquo;il remplit des formulaires en ligne sur diverses pages, ou comme un panier d&rsquo;achat pour suivre les articles que l&rsquo;utilisateur a s\u00e9lectionn\u00e9s en cliquant sur un bouton.<\/p>\n<p class=\"p1\">Si l&rsquo;acceptation des cookies strictement n\u00e9cessaires \u00e0 la prestation de certains services express\u00e9ment demand\u00e9s par l&rsquo;utilisateur est d\u00e9sactiv\u00e9e, l&rsquo;utilisateur ne pourra pas consulter et\/ou recevoir correctement les contenus et services de www.centrofertilidadbarcelona.com.<\/p>\n<p class=\"p1\">\u00a0<\/p>\n\t\t\t\t\t\t\t\t<\/div>\n\t\t\t\t<\/div>\n\t\t\t\t\t<\/div>\n\t\t<\/div>\n\t\t\t\t<div class=\"elementor-column elementor-col-50 elementor-top-column elementor-element elementor-element-2538d50\" data-id=\"2538d50\" data-element_type=\"column\">\n\t\t\t<div class=\"elementor-widget-wrap elementor-element-populated\">\n\t\t\t\t\t\t<div class=\"elementor-element elementor-element-3119081 elementor-widget elementor-widget-text-editor\" data-id=\"3119081\" data-element_type=\"widget\" data-widget_type=\"text-editor.default\">\n\t\t\t\t<div class=\"elementor-widget-container\">\n\t\t\t\t\t\t\t\t\t<p>\u00ab\u00a0CFB\u00a0\u00bb utilise \u00e9galement les cookies analytiques du service Google Analytics pour l&rsquo;analyse de notre site web. Ces cookies sont utilis\u00e9s pour collecter des informations sur l&rsquo;utilisation de notre site web par les visiteurs, ces informations \u00e9tant utilis\u00e9es pour faciliter et am\u00e9liorer la navigation. La d\u00e9sactivation de ces cookies n&rsquo;affectera pas la fonctionnalit\u00e9 de www.centrofertilidadbarcelona.com.<\/p>\n<ol class=\"ol1\">\n<li class=\"li6\">\n<p class=\"p1\">Google Analytics est l&rsquo;outil d&rsquo;analyse de Google qui aide les sites Web et les propri\u00e9taires d&rsquo;applications \u00e0 comprendre comment leurs visiteurs interagissent avec leurs applications. Il est possible d&rsquo;utiliser un ensemble de cookies pour collecter des informations et \u00e9tablir des statistiques sur l&rsquo;utilisation du site Web sans identifier personnellement les visiteurs de Google. Pour plus d&rsquo;informations sur les cookies de Google Analytics et sur la confidentialit\u00e9, consultez le site https:\/\/developers.google.com\/analytics\/resources\/concepts\/gaConceptsCookies.<\/p>\n<p class=\"p1\">Certaines parties du site web peuvent \u00eatre connect\u00e9es \u00e0 divers r\u00e9seaux sociaux tels que Facebook, Twitter, Google+, Linkedin, etc., de sorte que vous devez consulter la politique en mati\u00e8re de cookies propos\u00e9e par ces derniers dans chaque cas avant d&rsquo;utiliser leurs services.<\/p>\n<p class=\"p1\">Vous pouvez autoriser, bloquer ou supprimer les cookies install\u00e9s sur votre ordinateur en configurant les options de votre navigateur Internet. Voici les liens vers les principaux navigateurs o\u00f9 il est expliqu\u00e9 comment proc\u00e9der :<\/p>\n<p class=\"p1\">\u2013 Internet Explorer<\/p>\n<p class=\"p1\">http:\/\/windows.microsoft.com\/es-es\/internet-explorer\/delete-manage-cookies<\/p>\n<p class=\"p1\">\u2013 Google Chrome<\/p>\n<p class=\"p1\">https:\/\/support.google.com\/chrome\/answer\/95647?hl=es<\/p>\n<p class=\"p1\">\u2013 Google Chrome pour Android<\/p>\n<p class=\"p1\">https:\/\/support.google.com\/chrome\/answer\/2392971?hl=es<\/p>\n<p class=\"p1\">\u2013 Mozilla Firefox<\/p>\n<p class=\"p1\">https:\/\/support.mozilla.org\/es\/kb\/habilitar-y-deshabilitar-cookies-que-los-sitios-we<\/p>\n<p class=\"p1\">\u2013 Safari<\/p>\n<p class=\"p1\">http:\/\/support.apple.com\/kb\/ph5042<\/p>\n<p class=\"p1\">\u2013 Safari pour IOS (iPhone \u2013 iPad)<\/p>\n<p class=\"p1\">http:\/\/support.apple.com\/kb\/ht1677?viewlocale=es_es&locale=es_es<\/p>\n<p class=\"p1\">Ces navigateurs font l&rsquo;objet de mises \u00e0 jour et de modifications constantes. Nous ne pouvons donc pas garantir qu&rsquo;ils seront enti\u00e8rement compatibles avec la version actuelle de votre navigateur. Il est \u00e9galement possible que vous utilisiez un autre navigateur non couvert par ces liens, vous devez donc consulter l&rsquo;aide de votre navigateur pour configurer l&rsquo;utilisation des cookies.<\/p>\n<p class=\"p1\">Si vous souhaitez retirer votre consentement \u00e0 tout moment en ce qui concerne la pr\u00e9sente politique en mati\u00e8re de cookies, vous devez supprimer les cookies stock\u00e9s par le biais des param\u00e8tres et des configurations de votre navigateur Internet.<\/p>\n<p class=\"p1\">L&rsquo;objectif de la pr\u00e9sente politique en mati\u00e8re de cookies est de vous informer de mani\u00e8re claire et pr\u00e9cise sur les cookies utilis\u00e9s par www.centrofertilidadbarcelona.com. Si vous souhaitez obtenir plus d&rsquo;informations sur l&rsquo;utilisation des cookies, vous pouvez en faire la demande par courrier \u00e9lectronique \u00e0 central@centrofertilidadbarcelona.com.<\/p>\n<\/li>\n<\/ol>\n\t\t\t\t\t\t\t\t<\/div>\n\t\t\t\t<\/div>\n\t\t\t\t\t<\/div>\n\t\t<\/div>\n\t\t\t\t\t<\/div>\n\t\t<\/section>\n\t\t\t\t<\/div>\n\t\t","protected":false},"excerpt":{"rendered":"<p>Politique en mati\u00e8re de cookies Un cookie est un fichier qui est t\u00e9l\u00e9charg\u00e9 sur l&rsquo;ordinateur\/smartphone\/tablette de l&rsquo;utilisateur lorsqu&rsquo;il acc\u00e8de \u00e0 certaines pages web pour stocker et r\u00e9cup\u00e9rer des informations sur la navigation effectu\u00e9e depuis ledit \u00e9quipement, mais ils ne nous fournissent pas d&rsquo;informations sur votre nom ou toute autre donn\u00e9e personnelle, et sont uniquement utilis\u00e9s &#8230; <a title=\"Politique en mati\u00e8re de cookies\" class=\"read-more\" href=\"https:\/\/centrofertilidad.com\/fr\/politique-en-matiere-de-cookies\/\" aria-label=\"En savoir plus sur Politique en mati\u00e8re de cookies\">Lire plus<\/a><\/p>\n","protected":false},"author":1,"featured_media":0,"parent":0,"menu_order":0,"comment_status":"closed","ping_status":"closed","template":"elementor_header_footer","meta":{"footnotes":""},"class_list":["post-3793","page","type-page","status-publish"],"yoast_head":"<!-- This site is optimized with the Yoast SEO Premium plugin v26.2 (Yoast SEO v27.3) - https:\/\/yoast.com\/product\/yoast-seo-premium-wordpress\/ -->\n<title>CFB - Politique en mati\u00e8re de cookies<\/title>\n<meta name=\"robots\" content=\"noindex, nofollow\" \/>\n<meta property=\"og:locale\" content=\"fr_FR\" \/>\n<meta property=\"og:type\" content=\"article\" \/>\n<meta property=\"og:title\" content=\"Politique en mati\u00e8re de cookies\" \/>\n<meta property=\"og:description\" content=\"Politique en mati\u00e8re de cookies Un cookie est un fichier qui est t\u00e9l\u00e9charg\u00e9 sur l&rsquo;ordinateur\/smartphone\/tablette de l&rsquo;utilisateur lorsqu&rsquo;il acc\u00e8de \u00e0 certaines pages web pour stocker et r\u00e9cup\u00e9rer des informations sur la navigation effectu\u00e9e depuis ledit \u00e9quipement, mais ils ne nous fournissent pas d&rsquo;informations sur votre nom ou toute autre donn\u00e9e personnelle, et sont uniquement utilis\u00e9s ... Lire plus\" \/>\n<meta property=\"og:url\" content=\"https:\/\/centrofertilidad.com\/fr\/politique-en-matiere-de-cookies\/\" \/>\n<meta property=\"og:site_name\" content=\"Centro de Fertilidad\" \/>\n<meta property=\"article:modified_time\" content=\"2025-03-18T09:21:42+00:00\" \/>\n<meta name=\"twitter:card\" content=\"summary_large_image\" \/>\n<meta name=\"twitter:label1\" content=\"Dur\u00e9e de lecture estim\u00e9e\" \/>\n\t<meta name=\"twitter:data1\" content=\"5 minutes\" \/>\n<script type=\"application\/ld+json\" class=\"yoast-schema-graph\">{\"@context\":\"https:\\\/\\\/schema.org\",\"@graph\":[{\"@type\":\"WebPage\",\"@id\":\"https:\\\/\\\/centrofertilidad.com\\\/fr\\\/politique-en-matiere-de-cookies\\\/\",\"url\":\"https:\\\/\\\/centrofertilidad.com\\\/fr\\\/politique-en-matiere-de-cookies\\\/\",\"name\":\"CFB - Politique en mati\u00e8re de cookies\",\"isPartOf\":{\"@id\":\"https:\\\/\\\/centrofertilidad.com\\\/fr\\\/#website\"},\"datePublished\":\"2022-01-03T08:05:50+00:00\",\"dateModified\":\"2025-03-18T09:21:42+00:00\",\"breadcrumb\":{\"@id\":\"https:\\\/\\\/centrofertilidad.com\\\/fr\\\/politique-en-matiere-de-cookies\\\/#breadcrumb\"},\"inLanguage\":\"fr-FR\",\"potentialAction\":[{\"@type\":\"ReadAction\",\"target\":[\"https:\\\/\\\/centrofertilidad.com\\\/fr\\\/politique-en-matiere-de-cookies\\\/\"]}]},{\"@type\":\"BreadcrumbList\",\"@id\":\"https:\\\/\\\/centrofertilidad.com\\\/fr\\\/politique-en-matiere-de-cookies\\\/#breadcrumb\",\"itemListElement\":[{\"@type\":\"ListItem\",\"position\":1,\"name\":\"Home\",\"item\":\"https:\\\/\\\/centrofertilidad.com\\\/fr\\\/\"},{\"@type\":\"ListItem\",\"position\":2,\"name\":\"Politique en mati\u00e8re de cookies\"}]},{\"@type\":\"WebSite\",\"@id\":\"https:\\\/\\\/centrofertilidad.com\\\/fr\\\/#website\",\"url\":\"https:\\\/\\\/centrofertilidad.com\\\/fr\\\/\",\"name\":\"Centro de Fertilidad\",\"description\":\"Especialistas en Reproducci\u00f3n Asistida con m\u00e1s de 30 a\u00f1os de experiencia\",\"publisher\":{\"@id\":\"https:\\\/\\\/centrofertilidad.com\\\/fr\\\/#organization\"},\"potentialAction\":[{\"@type\":\"SearchAction\",\"target\":{\"@type\":\"EntryPoint\",\"urlTemplate\":\"https:\\\/\\\/centrofertilidad.com\\\/fr\\\/?s={search_term_string}\"},\"query-input\":{\"@type\":\"PropertyValueSpecification\",\"valueRequired\":true,\"valueName\":\"search_term_string\"}}],\"inLanguage\":\"fr-FR\"},{\"@type\":\"Organization\",\"@id\":\"https:\\\/\\\/centrofertilidad.com\\\/fr\\\/#organization\",\"name\":\"Centro Fertilidad\",\"url\":\"https:\\\/\\\/centrofertilidad.com\\\/fr\\\/\",\"logo\":{\"@type\":\"ImageObject\",\"inLanguage\":\"fr-FR\",\"@id\":\"https:\\\/\\\/centrofertilidad.com\\\/fr\\\/#\\\/schema\\\/logo\\\/image\\\/\",\"url\":\"https:\\\/\\\/centrofertilidad.com\\\/wp-content\\\/uploads\\\/2021\\\/09\\\/cropped-Vector.png\",\"contentUrl\":\"https:\\\/\\\/centrofertilidad.com\\\/wp-content\\\/uploads\\\/2021\\\/09\\\/cropped-Vector.png\",\"width\":422,\"height\":38,\"caption\":\"Centro Fertilidad\"},\"image\":{\"@id\":\"https:\\\/\\\/centrofertilidad.com\\\/fr\\\/#\\\/schema\\\/logo\\\/image\\\/\"}}]}<\/script>\n<!-- \/ Yoast SEO Premium plugin. -->","yoast_head_json":{"title":"CFB - Politique en mati\u00e8re de cookies","robots":{"index":"noindex","follow":"nofollow"},"og_locale":"fr_FR","og_type":"article","og_title":"Politique en mati\u00e8re de cookies","og_description":"Politique en mati\u00e8re de cookies Un cookie est un fichier qui est t\u00e9l\u00e9charg\u00e9 sur l&rsquo;ordinateur\/smartphone\/tablette de l&rsquo;utilisateur lorsqu&rsquo;il acc\u00e8de \u00e0 certaines pages web pour stocker et r\u00e9cup\u00e9rer des informations sur la navigation effectu\u00e9e depuis ledit \u00e9quipement, mais ils ne nous fournissent pas d&rsquo;informations sur votre nom ou toute autre donn\u00e9e personnelle, et sont uniquement utilis\u00e9s ... Lire plus","og_url":"https:\/\/centrofertilidad.com\/fr\/politique-en-matiere-de-cookies\/","og_site_name":"Centro de Fertilidad","article_modified_time":"2025-03-18T09:21:42+00:00","twitter_card":"summary_large_image","twitter_misc":{"Dur\u00e9e de lecture estim\u00e9e":"5 minutes"},"schema":{"@context":"https:\/\/schema.org","@graph":[{"@type":"WebPage","@id":"https:\/\/centrofertilidad.com\/fr\/politique-en-matiere-de-cookies\/","url":"https:\/\/centrofertilidad.com\/fr\/politique-en-matiere-de-cookies\/","name":"CFB - Politique en mati\u00e8re de cookies","isPartOf":{"@id":"https:\/\/centrofertilidad.com\/fr\/#website"},"datePublished":"2022-01-03T08:05:50+00:00","dateModified":"2025-03-18T09:21:42+00:00","breadcrumb":{"@id":"https:\/\/centrofertilidad.com\/fr\/politique-en-matiere-de-cookies\/#breadcrumb"},"inLanguage":"fr-FR","potentialAction":[{"@type":"ReadAction","target":["https:\/\/centrofertilidad.com\/fr\/politique-en-matiere-de-cookies\/"]}]},{"@type":"BreadcrumbList","@id":"https:\/\/centrofertilidad.com\/fr\/politique-en-matiere-de-cookies\/#breadcrumb","itemListElement":[{"@type":"ListItem","position":1,"name":"Home","item":"https:\/\/centrofertilidad.com\/fr\/"},{"@type":"ListItem","position":2,"name":"Politique en mati\u00e8re de cookies"}]},{"@type":"WebSite","@id":"https:\/\/centrofertilidad.com\/fr\/#website","url":"https:\/\/centrofertilidad.com\/fr\/","name":"Centro de Fertilidad","description":"Especialistas en Reproducci\u00f3n Asistida con m\u00e1s de 30 a\u00f1os de experiencia","publisher":{"@id":"https:\/\/centrofertilidad.com\/fr\/#organization"},"potentialAction":[{"@type":"SearchAction","target":{"@type":"EntryPoint","urlTemplate":"https:\/\/centrofertilidad.com\/fr\/?s={search_term_string}"},"query-input":{"@type":"PropertyValueSpecification","valueRequired":true,"valueName":"search_term_string"}}],"inLanguage":"fr-FR"},{"@type":"Organization","@id":"https:\/\/centrofertilidad.com\/fr\/#organization","name":"Centro Fertilidad","url":"https:\/\/centrofertilidad.com\/fr\/","logo":{"@type":"ImageObject","inLanguage":"fr-FR","@id":"https:\/\/centrofertilidad.com\/fr\/#\/schema\/logo\/image\/","url":"https:\/\/centrofertilidad.com\/wp-content\/uploads\/2021\/09\/cropped-Vector.png","contentUrl":"https:\/\/centrofertilidad.com\/wp-content\/uploads\/2021\/09\/cropped-Vector.png","width":422,"height":38,"caption":"Centro Fertilidad"},"image":{"@id":"https:\/\/centrofertilidad.com\/fr\/#\/schema\/logo\/image\/"}}]}},"_links":{"self":[{"href":"https:\/\/centrofertilidad.com\/fr\/wp-json\/wp\/v2\/pages\/3793","targetHints":{"allow":["GET"]}}],"collection":[{"href":"https:\/\/centrofertilidad.com\/fr\/wp-json\/wp\/v2\/pages"}],"about":[{"href":"https:\/\/centrofertilidad.com\/fr\/wp-json\/wp\/v2\/types\/page"}],"author":[{"embeddable":true,"href":"https:\/\/centrofertilidad.com\/fr\/wp-json\/wp\/v2\/users\/1"}],"replies":[{"embeddable":true,"href":"https:\/\/centrofertilidad.com\/fr\/wp-json\/wp\/v2\/comments?post=3793"}],"version-history":[{"count":5,"href":"https:\/\/centrofertilidad.com\/fr\/wp-json\/wp\/v2\/pages\/3793\/revisions"}],"predecessor-version":[{"id":15697,"href":"https:\/\/centrofertilidad.com\/fr\/wp-json\/wp\/v2\/pages\/3793\/revisions\/15697"}],"wp:attachment":[{"href":"https:\/\/centrofertilidad.com\/fr\/wp-json\/wp\/v2\/media?parent=3793"}],"curies":[{"name":"wp","href":"https:\/\/api.w.org\/{rel}","templated":true}]}}