{"id":4789,"date":"2022-01-27T09:38:11","date_gmt":"2022-01-27T09:38:11","guid":{"rendered":"http:\/\/centrofertilidad.com\/proximamente\/"},"modified":"2025-03-18T09:22:47","modified_gmt":"2025-03-18T09:22:47","slug":"proximamente","status":"publish","type":"page","link":"https:\/\/centrofertilidad.com\/fr\/proximamente\/","title":{"rendered":"Pr\u00f3ximamente"},"content":{"rendered":"\t\t<div data-elementor-type=\"wp-page\" data-elementor-id=\"4789\" class=\"elementor elementor-4789 elementor-104\" data-elementor-post-type=\"page\">\n\t\t\t\t\t\t<section data-particle_enable=\"false\" data-particle-mobile-disabled=\"false\" class=\"elementor-section elementor-top-section elementor-element elementor-element-4f0fa21 elementor-section-full_width elementor-section-height-full elementor-section-height-default elementor-section-items-middle\" data-id=\"4f0fa21\" data-element_type=\"section\" data-settings=\"{&quot;background_background&quot;:&quot;classic&quot;}\">\n\t\t\t\t\t\t<div class=\"elementor-container elementor-column-gap-default\">\n\t\t\t\t\t<div class=\"elementor-column elementor-col-100 elementor-top-column elementor-element elementor-element-ec45111\" data-id=\"ec45111\" data-element_type=\"column\">\n\t\t\t<div class=\"elementor-widget-wrap elementor-element-populated\">\n\t\t\t\t\t\t<div class=\"elementor-element elementor-element-084487e elementor-widget elementor-widget-heading\" data-id=\"084487e\" data-element_type=\"widget\" data-widget_type=\"heading.default\">\n\t\t\t\t<div class=\"elementor-widget-container\">\n\t\t\t\t\t<h2 class=\"elementor-heading-title elementor-size-default\">Sitio web en construcci\u00f3n<\/h2>\t\t\t\t<\/div>\n\t\t\t\t<\/div>\n\t\t\t\t<div class=\"elementor-element elementor-element-83383bf elementor-widget elementor-widget-image\" data-id=\"83383bf\" data-element_type=\"widget\" data-widget_type=\"image.default\">\n\t\t\t\t<div class=\"elementor-widget-container\">\n\t\t\t\t\t\t\t\t\t\t\t\t\t\t\t<img fetchpriority=\"high\" decoding=\"async\" width=\"680\" height=\"480\" src=\"https:\/\/centrofertilidad.com\/wp-content\/uploads\/2021\/09\/Isologo.png\" class=\"attachment-large size-large wp-image-2998\" alt=\"\" srcset=\"https:\/\/centrofertilidad.com\/wp-content\/uploads\/2021\/09\/Isologo.png 680w, https:\/\/centrofertilidad.com\/wp-content\/uploads\/2021\/09\/Isologo-300x212.png 300w\" sizes=\"(max-width: 680px) 100vw, 680px\" \/>\t\t\t\t\t\t\t\t\t\t\t\t\t\t\t<\/div>\n\t\t\t\t<\/div>\n\t\t\t\t\t<\/div>\n\t\t<\/div>\n\t\t\t\t\t<\/div>\n\t\t<\/section>\n\t\t\t\t<\/div>\n\t\t","protected":false},"excerpt":{"rendered":"<p>Sitio web en construcci\u00f3n<\/p>\n","protected":false},"author":1,"featured_media":0,"parent":0,"menu_order":0,"comment_status":"closed","ping_status":"closed","template":"elementor_canvas","meta":{"footnotes":""},"class_list":["post-4789","page","type-page","status-publish"],"yoast_head":"<!-- This site is optimized with the Yoast SEO Premium plugin v26.2 (Yoast SEO v27.4) - https:\/\/yoast.com\/product\/yoast-seo-premium-wordpress\/ -->\n<title>CFB - Pr\u00f3ximamente<\/title>\n<meta name=\"robots\" content=\"noindex, follow\" \/>\n<meta property=\"og:locale\" content=\"fr_FR\" \/>\n<meta property=\"og:type\" content=\"article\" \/>\n<meta property=\"og:title\" content=\"Pr\u00f3ximamente\" \/>\n<meta property=\"og:description\" content=\"Sitio web en construcci\u00f3n\" \/>\n<meta property=\"og:url\" content=\"https:\/\/centrofertilidad.com\/fr\/proximamente\/\" \/>\n<meta property=\"og:site_name\" content=\"Centro de Fertilidad\" \/>\n<meta property=\"article:modified_time\" content=\"2025-03-18T09:22:47+00:00\" \/>\n<meta property=\"og:image\" content=\"http:\/\/centrofertilidad.com\/wp-content\/uploads\/2021\/09\/Isologo.png\" \/>\n<meta name=\"twitter:card\" content=\"summary_large_image\" \/>\n<meta name=\"twitter:label1\" content=\"Dur\u00e9e de lecture estim\u00e9e\" \/>\n\t<meta name=\"twitter:data1\" content=\"1 minute\" \/>\n<script type=\"application\/ld+json\" class=\"yoast-schema-graph\">{\"@context\":\"https:\\\/\\\/schema.org\",\"@graph\":[{\"@type\":\"WebPage\",\"@id\":\"https:\\\/\\\/centrofertilidad.com\\\/fr\\\/proximamente\\\/\",\"url\":\"https:\\\/\\\/centrofertilidad.com\\\/fr\\\/proximamente\\\/\",\"name\":\"CFB - Pr\u00f3ximamente\",\"isPartOf\":{\"@id\":\"https:\\\/\\\/centrofertilidad.com\\\/fr\\\/#website\"},\"primaryImageOfPage\":{\"@id\":\"https:\\\/\\\/centrofertilidad.com\\\/fr\\\/proximamente\\\/#primaryimage\"},\"image\":{\"@id\":\"https:\\\/\\\/centrofertilidad.com\\\/fr\\\/proximamente\\\/#primaryimage\"},\"thumbnailUrl\":\"http:\\\/\\\/centrofertilidad.com\\\/wp-content\\\/uploads\\\/2021\\\/09\\\/Isologo.png\",\"datePublished\":\"2022-01-27T09:38:11+00:00\",\"dateModified\":\"2025-03-18T09:22:47+00:00\",\"breadcrumb\":{\"@id\":\"https:\\\/\\\/centrofertilidad.com\\\/fr\\\/proximamente\\\/#breadcrumb\"},\"inLanguage\":\"fr-FR\",\"potentialAction\":[{\"@type\":\"ReadAction\",\"target\":[\"https:\\\/\\\/centrofertilidad.com\\\/fr\\\/proximamente\\\/\"]}]},{\"@type\":\"ImageObject\",\"inLanguage\":\"fr-FR\",\"@id\":\"https:\\\/\\\/centrofertilidad.com\\\/fr\\\/proximamente\\\/#primaryimage\",\"url\":\"http:\\\/\\\/centrofertilidad.com\\\/wp-content\\\/uploads\\\/2021\\\/09\\\/Isologo.png\",\"contentUrl\":\"http:\\\/\\\/centrofertilidad.com\\\/wp-content\\\/uploads\\\/2021\\\/09\\\/Isologo.png\"},{\"@type\":\"BreadcrumbList\",\"@id\":\"https:\\\/\\\/centrofertilidad.com\\\/fr\\\/proximamente\\\/#breadcrumb\",\"itemListElement\":[{\"@type\":\"ListItem\",\"position\":1,\"name\":\"Home\",\"item\":\"https:\\\/\\\/centrofertilidad.com\\\/fr\\\/\"},{\"@type\":\"ListItem\",\"position\":2,\"name\":\"Pr\u00f3ximamente\"}]},{\"@type\":\"WebSite\",\"@id\":\"https:\\\/\\\/centrofertilidad.com\\\/fr\\\/#website\",\"url\":\"https:\\\/\\\/centrofertilidad.com\\\/fr\\\/\",\"name\":\"Centro de Fertilidad\",\"description\":\"Especialistas en Reproducci\u00f3n Asistida con m\u00e1s de 30 a\u00f1os de experiencia\",\"publisher\":{\"@id\":\"https:\\\/\\\/centrofertilidad.com\\\/fr\\\/#organization\"},\"potentialAction\":[{\"@type\":\"SearchAction\",\"target\":{\"@type\":\"EntryPoint\",\"urlTemplate\":\"https:\\\/\\\/centrofertilidad.com\\\/fr\\\/?s={search_term_string}\"},\"query-input\":{\"@type\":\"PropertyValueSpecification\",\"valueRequired\":true,\"valueName\":\"search_term_string\"}}],\"inLanguage\":\"fr-FR\"},{\"@type\":\"Organization\",\"@id\":\"https:\\\/\\\/centrofertilidad.com\\\/fr\\\/#organization\",\"name\":\"Centro Fertilidad\",\"url\":\"https:\\\/\\\/centrofertilidad.com\\\/fr\\\/\",\"logo\":{\"@type\":\"ImageObject\",\"inLanguage\":\"fr-FR\",\"@id\":\"https:\\\/\\\/centrofertilidad.com\\\/fr\\\/#\\\/schema\\\/logo\\\/image\\\/\",\"url\":\"https:\\\/\\\/centrofertilidad.com\\\/wp-content\\\/uploads\\\/2021\\\/09\\\/cropped-Vector.png\",\"contentUrl\":\"https:\\\/\\\/centrofertilidad.com\\\/wp-content\\\/uploads\\\/2021\\\/09\\\/cropped-Vector.png\",\"width\":422,\"height\":38,\"caption\":\"Centro Fertilidad\"},\"image\":{\"@id\":\"https:\\\/\\\/centrofertilidad.com\\\/fr\\\/#\\\/schema\\\/logo\\\/image\\\/\"}}]}<\/script>\n<!-- \/ Yoast SEO Premium plugin. -->","yoast_head_json":{"title":"CFB - Pr\u00f3ximamente","robots":{"index":"noindex","follow":"follow"},"og_locale":"fr_FR","og_type":"article","og_title":"Pr\u00f3ximamente","og_description":"Sitio web en construcci\u00f3n","og_url":"https:\/\/centrofertilidad.com\/fr\/proximamente\/","og_site_name":"Centro de Fertilidad","article_modified_time":"2025-03-18T09:22:47+00:00","og_image":[{"url":"http:\/\/centrofertilidad.com\/wp-content\/uploads\/2021\/09\/Isologo.png","type":"","width":"","height":""}],"twitter_card":"summary_large_image","twitter_misc":{"Dur\u00e9e de lecture estim\u00e9e":"1 minute"},"schema":{"@context":"https:\/\/schema.org","@graph":[{"@type":"WebPage","@id":"https:\/\/centrofertilidad.com\/fr\/proximamente\/","url":"https:\/\/centrofertilidad.com\/fr\/proximamente\/","name":"CFB - Pr\u00f3ximamente","isPartOf":{"@id":"https:\/\/centrofertilidad.com\/fr\/#website"},"primaryImageOfPage":{"@id":"https:\/\/centrofertilidad.com\/fr\/proximamente\/#primaryimage"},"image":{"@id":"https:\/\/centrofertilidad.com\/fr\/proximamente\/#primaryimage"},"thumbnailUrl":"http:\/\/centrofertilidad.com\/wp-content\/uploads\/2021\/09\/Isologo.png","datePublished":"2022-01-27T09:38:11+00:00","dateModified":"2025-03-18T09:22:47+00:00","breadcrumb":{"@id":"https:\/\/centrofertilidad.com\/fr\/proximamente\/#breadcrumb"},"inLanguage":"fr-FR","potentialAction":[{"@type":"ReadAction","target":["https:\/\/centrofertilidad.com\/fr\/proximamente\/"]}]},{"@type":"ImageObject","inLanguage":"fr-FR","@id":"https:\/\/centrofertilidad.com\/fr\/proximamente\/#primaryimage","url":"http:\/\/centrofertilidad.com\/wp-content\/uploads\/2021\/09\/Isologo.png","contentUrl":"http:\/\/centrofertilidad.com\/wp-content\/uploads\/2021\/09\/Isologo.png"},{"@type":"BreadcrumbList","@id":"https:\/\/centrofertilidad.com\/fr\/proximamente\/#breadcrumb","itemListElement":[{"@type":"ListItem","position":1,"name":"Home","item":"https:\/\/centrofertilidad.com\/fr\/"},{"@type":"ListItem","position":2,"name":"Pr\u00f3ximamente"}]},{"@type":"WebSite","@id":"https:\/\/centrofertilidad.com\/fr\/#website","url":"https:\/\/centrofertilidad.com\/fr\/","name":"Centro de Fertilidad","description":"Especialistas en Reproducci\u00f3n Asistida con m\u00e1s de 30 a\u00f1os de experiencia","publisher":{"@id":"https:\/\/centrofertilidad.com\/fr\/#organization"},"potentialAction":[{"@type":"SearchAction","target":{"@type":"EntryPoint","urlTemplate":"https:\/\/centrofertilidad.com\/fr\/?s={search_term_string}"},"query-input":{"@type":"PropertyValueSpecification","valueRequired":true,"valueName":"search_term_string"}}],"inLanguage":"fr-FR"},{"@type":"Organization","@id":"https:\/\/centrofertilidad.com\/fr\/#organization","name":"Centro Fertilidad","url":"https:\/\/centrofertilidad.com\/fr\/","logo":{"@type":"ImageObject","inLanguage":"fr-FR","@id":"https:\/\/centrofertilidad.com\/fr\/#\/schema\/logo\/image\/","url":"https:\/\/centrofertilidad.com\/wp-content\/uploads\/2021\/09\/cropped-Vector.png","contentUrl":"https:\/\/centrofertilidad.com\/wp-content\/uploads\/2021\/09\/cropped-Vector.png","width":422,"height":38,"caption":"Centro Fertilidad"},"image":{"@id":"https:\/\/centrofertilidad.com\/fr\/#\/schema\/logo\/image\/"}}]}},"_links":{"self":[{"href":"https:\/\/centrofertilidad.com\/fr\/wp-json\/wp\/v2\/pages\/4789","targetHints":{"allow":["GET"]}}],"collection":[{"href":"https:\/\/centrofertilidad.com\/fr\/wp-json\/wp\/v2\/pages"}],"about":[{"href":"https:\/\/centrofertilidad.com\/fr\/wp-json\/wp\/v2\/types\/page"}],"author":[{"embeddable":true,"href":"https:\/\/centrofertilidad.com\/fr\/wp-json\/wp\/v2\/users\/1"}],"replies":[{"embeddable":true,"href":"https:\/\/centrofertilidad.com\/fr\/wp-json\/wp\/v2\/comments?post=4789"}],"version-history":[{"count":2,"href":"https:\/\/centrofertilidad.com\/fr\/wp-json\/wp\/v2\/pages\/4789\/revisions"}],"predecessor-version":[{"id":15700,"href":"https:\/\/centrofertilidad.com\/fr\/wp-json\/wp\/v2\/pages\/4789\/revisions\/15700"}],"wp:attachment":[{"href":"https:\/\/centrofertilidad.com\/fr\/wp-json\/wp\/v2\/media?parent=4789"}],"curies":[{"name":"wp","href":"https:\/\/api.w.org\/{rel}","templated":true}]}}