{"id":4694,"date":"2022-01-24T15:40:06","date_gmt":"2022-01-24T15:40:06","guid":{"rendered":"http:\/\/centrofertilidad.com\/blog\/"},"modified":"2025-01-07T12:01:16","modified_gmt":"2025-01-07T12:01:16","slug":"blog","status":"publish","type":"page","link":"https:\/\/centrofertilidad.com\/it\/blog\/","title":{"rendered":"Blog"},"content":{"rendered":"\t\t<div data-elementor-type=\"wp-page\" data-elementor-id=\"4694\" class=\"elementor elementor-4694 elementor-50\" data-elementor-post-type=\"page\">\n\t\t\t\t\t\t<section data-particle_enable=\"false\" data-particle-mobile-disabled=\"false\" class=\"elementor-section elementor-top-section elementor-element elementor-element-70e6f54 elementor-section-full_width elementor-section-height-default elementor-section-height-default\" data-id=\"70e6f54\" data-element_type=\"section\" data-settings=\"{&quot;background_background&quot;:&quot;classic&quot;}\">\n\t\t\t\t\t\t<div class=\"elementor-container elementor-column-gap-default\">\n\t\t\t\t\t<div class=\"elementor-column elementor-col-100 elementor-top-column elementor-element elementor-element-dc5fb7d\" data-id=\"dc5fb7d\" data-element_type=\"column\">\n\t\t\t<div class=\"elementor-widget-wrap elementor-element-populated\">\n\t\t\t\t\t\t<section data-particle_enable=\"false\" data-particle-mobile-disabled=\"false\" class=\"elementor-section elementor-inner-section elementor-element elementor-element-75df31b elementor-section-boxed elementor-section-height-default elementor-section-height-default\" data-id=\"75df31b\" data-element_type=\"section\" data-settings=\"{&quot;background_background&quot;:&quot;classic&quot;}\">\n\t\t\t\t\t\t<div class=\"elementor-container elementor-column-gap-default\">\n\t\t\t\t\t<div class=\"elementor-column elementor-col-100 elementor-inner-column elementor-element elementor-element-bbbe0e2\" data-id=\"bbbe0e2\" data-element_type=\"column\">\n\t\t\t<div class=\"elementor-widget-wrap elementor-element-populated\">\n\t\t\t\t\t\t<div class=\"elementor-element elementor-element-2995971 elementor-widget elementor-widget-heading\" data-id=\"2995971\" data-element_type=\"widget\" data-widget_type=\"heading.default\">\n\t\t\t\t<div class=\"elementor-widget-container\">\n\t\t\t\t\t<h2 class=\"elementor-heading-title elementor-size-default\">Articoli del blog<\/h2>\t\t\t\t<\/div>\n\t\t\t\t<\/div>\n\t\t\t\t\t<\/div>\n\t\t<\/div>\n\t\t\t\t\t<\/div>\n\t\t<\/section>\n\t\t\t\t\t<\/div>\n\t\t<\/div>\n\t\t\t\t\t<\/div>\n\t\t<\/section>\n\t\t\t\t<section data-particle_enable=\"false\" data-particle-mobile-disabled=\"false\" class=\"elementor-section elementor-top-section elementor-element elementor-element-a6d3e65 elementor-section-boxed elementor-section-height-default elementor-section-height-default\" data-id=\"a6d3e65\" data-element_type=\"section\">\n\t\t\t\t\t\t<div class=\"elementor-container elementor-column-gap-default\">\n\t\t\t\t\t<div class=\"elementor-column elementor-col-100 elementor-top-column elementor-element elementor-element-70b8883\" data-id=\"70b8883\" data-element_type=\"column\">\n\t\t\t<div class=\"elementor-widget-wrap elementor-element-populated\">\n\t\t\t\t\t\t<div class=\"elementor-element elementor-element-8071ea9 elementor-grid-2 elementor-grid-tablet-2 elementor-grid-mobile-1 elementor-posts--thumbnail-top elementor-widget elementor-widget-posts\" data-id=\"8071ea9\" data-element_type=\"widget\" data-settings=\"{&quot;classic_columns&quot;:&quot;2&quot;,&quot;classic_row_gap&quot;:{&quot;unit&quot;:&quot;px&quot;,&quot;size&quot;:47,&quot;sizes&quot;:[]},&quot;pagination_type&quot;:&quot;numbers&quot;,&quot;classic_columns_tablet&quot;:&quot;2&quot;,&quot;classic_columns_mobile&quot;:&quot;1&quot;,&quot;classic_row_gap_tablet&quot;:{&quot;unit&quot;:&quot;px&quot;,&quot;size&quot;:&quot;&quot;,&quot;sizes&quot;:[]},&quot;classic_row_gap_mobile&quot;:{&quot;unit&quot;:&quot;px&quot;,&quot;size&quot;:&quot;&quot;,&quot;sizes&quot;:[]}}\" data-widget_type=\"posts.classic\">\n\t\t\t\t<div class=\"elementor-widget-container\">\n\t\t\t\t\t\t\t<div class=\"elementor-posts-container elementor-posts elementor-posts--skin-classic elementor-grid\" role=\"list\">\n\t\t\t\t<article class=\"elementor-post elementor-grid-item post-4733 post type-post status-publish format-standard has-post-thumbnail hentry category-non-categorizzato\" role=\"listitem\">\n\t\t\t\t<a class=\"elementor-post__thumbnail__link\" href=\"https:\/\/centrofertilidad.com\/it\/blog\/gonadotropina-cose-questo-ormone-e-a-cosa-serve-realmente\/\" tabindex=\"-1\" >\n\t\t\t<div class=\"elementor-post__thumbnail\"><img fetchpriority=\"high\" decoding=\"async\" width=\"800\" height=\"500\" src=\"https:\/\/centrofertilidad.com\/wp-content\/uploads\/2022\/12\/hormonas-gonadotropinas-embarazo.jpg\" class=\"attachment-full size-full wp-image-7777\" alt=\"Hormonas gonadotropinas para conseguir un embarazo\" srcset=\"https:\/\/centrofertilidad.com\/wp-content\/uploads\/2022\/12\/hormonas-gonadotropinas-embarazo.jpg 800w, https:\/\/centrofertilidad.com\/wp-content\/uploads\/2022\/12\/hormonas-gonadotropinas-embarazo-300x188.jpg 300w, https:\/\/centrofertilidad.com\/wp-content\/uploads\/2022\/12\/hormonas-gonadotropinas-embarazo-768x480.jpg 768w\" sizes=\"(max-width: 800px) 100vw, 800px\" \/><\/div>\n\t\t<\/a>\n\t\t\t\t<div class=\"elementor-post__text\">\n\t\t\t\t<p class=\"elementor-post__title\">\n\t\t\t<a href=\"https:\/\/centrofertilidad.com\/it\/blog\/gonadotropina-cose-questo-ormone-e-a-cosa-serve-realmente\/\" >\n\t\t\t\tGonadotropina: cos&#8217;\u00e8 questo ormone e a cosa serve realmente?\t\t\t<\/a>\n\t\t<\/p>\n\t\t\t\t<div class=\"elementor-post__meta-data\">\n\t\t\t\t\t<span class=\"elementor-post-author\">\n\t\t\tGuillermo Gauthier\t\t<\/span>\n\t\t\t\t<span class=\"elementor-post-date\">\n\t\t\tGennaio 24, 2022\t\t<\/span>\n\t\t\t\t<\/div>\n\t\t\t\t<div class=\"elementor-post__excerpt\">\n\t\t\t<p>Le gonadotropine (LH e FSH) e la corticotropina (ACTH) sono ormoni ipofisari regolati dai corrispondenti fattori ipotalamici.<br \/>\nL&#8217;ipotalamo \u00e8 essenziale per la nostra vita, nonostante le sue piccole dimensioni, poich\u00e9 \u00e8 responsabile del controllo del sistema endocrino e del sistema nervoso autonomo.<\/p>\n\t\t<\/div>\n\t\t\t\t<\/div>\n\t\t\t\t<\/article>\n\t\t\t\t<article class=\"elementor-post elementor-grid-item post-4722 post type-post status-publish format-standard has-post-thumbnail hentry category-non-categorizzato\" role=\"listitem\">\n\t\t\t\t<a class=\"elementor-post__thumbnail__link\" href=\"https:\/\/centrofertilidad.com\/it\/blog\/inseminazione-artificiale-le-domande-piu-frequenti\/\" tabindex=\"-1\" >\n\t\t\t<div class=\"elementor-post__thumbnail\"><img decoding=\"async\" width=\"1000\" height=\"1172\" src=\"https:\/\/centrofertilidad.com\/wp-content\/uploads\/2021\/09\/dragos-gontariu-bqG4F5RBqoQ-unsplash-1.jpg\" class=\"attachment-full size-full wp-image-3241\" alt=\"\" srcset=\"https:\/\/centrofertilidad.com\/wp-content\/uploads\/2021\/09\/dragos-gontariu-bqG4F5RBqoQ-unsplash-1.jpg 1000w, https:\/\/centrofertilidad.com\/wp-content\/uploads\/2021\/09\/dragos-gontariu-bqG4F5RBqoQ-unsplash-1-256x300.jpg 256w, https:\/\/centrofertilidad.com\/wp-content\/uploads\/2021\/09\/dragos-gontariu-bqG4F5RBqoQ-unsplash-1-874x1024.jpg 874w, https:\/\/centrofertilidad.com\/wp-content\/uploads\/2021\/09\/dragos-gontariu-bqG4F5RBqoQ-unsplash-1-768x900.jpg 768w\" sizes=\"(max-width: 1000px) 100vw, 1000px\" \/><\/div>\n\t\t<\/a>\n\t\t\t\t<div class=\"elementor-post__text\">\n\t\t\t\t<p class=\"elementor-post__title\">\n\t\t\t<a href=\"https:\/\/centrofertilidad.com\/it\/blog\/inseminazione-artificiale-le-domande-piu-frequenti\/\" >\n\t\t\t\tInseminazione artificiale: le domande pi\u00f9 frequenti\t\t\t<\/a>\n\t\t<\/p>\n\t\t\t\t<div class=\"elementor-post__meta-data\">\n\t\t\t\t\t<span class=\"elementor-post-author\">\n\t\t\tGuillermo Gauthier\t\t<\/span>\n\t\t\t\t<span class=\"elementor-post-date\">\n\t\t\tGennaio 24, 2022\t\t<\/span>\n\t\t\t\t<\/div>\n\t\t\t\t<div class=\"elementor-post__excerpt\">\n\t\t\t<p>L&#8217;inseminazione artificiale \u00e8 una tecnica di riproduzione assistita che consiste nel depositare lo sperma nella cavit\u00e0 uterina durante il periodo di ovulazione al fine di ottenere una fecondazione e una gravidanza.<\/p>\n\t\t<\/div>\n\t\t\t\t<\/div>\n\t\t\t\t<\/article>\n\t\t\t\t<\/div>\n\t\t\n\t\t\t\t\t\t<\/div>\n\t\t\t\t<\/div>\n\t\t\t\t\t<\/div>\n\t\t<\/div>\n\t\t\t\t\t<\/div>\n\t\t<\/section>\n\t\t\t\t<\/div>\n\t\t","protected":false},"excerpt":{"rendered":"<p>Articoli del blog<\/p>\n","protected":false},"author":1,"featured_media":0,"parent":0,"menu_order":0,"comment_status":"closed","ping_status":"closed","template":"elementor_header_footer","meta":{"footnotes":""},"class_list":["post-4694","page","type-page","status-publish","hentry"],"yoast_head":"<!-- This site is optimized with the Yoast SEO Premium plugin v26.2 (Yoast SEO v27.3) - https:\/\/yoast.com\/product\/yoast-seo-premium-wordpress\/ -->\n<title>CFB - Blog - Centro de Fertilidad<\/title>\n<meta name=\"robots\" content=\"index, follow, max-snippet:-1, max-image-preview:large, max-video-preview:-1\" \/>\n<link rel=\"canonical\" href=\"https:\/\/centrofertilidad.com\/it\/blog\/\" \/>\n<meta property=\"og:locale\" content=\"it_IT\" \/>\n<meta property=\"og:type\" content=\"article\" \/>\n<meta property=\"og:title\" content=\"Blog\" \/>\n<meta property=\"og:description\" content=\"Articoli del blog\" \/>\n<meta property=\"og:url\" content=\"https:\/\/centrofertilidad.com\/it\/blog\/\" \/>\n<meta property=\"og:site_name\" content=\"Centro de Fertilidad\" \/>\n<meta property=\"article:modified_time\" content=\"2025-01-07T12:01:16+00:00\" \/>\n<meta name=\"twitter:card\" content=\"summary_large_image\" \/>\n<meta name=\"twitter:label1\" content=\"Tempo di lettura stimato\" \/>\n\t<meta name=\"twitter:data1\" content=\"1 minuto\" \/>\n<script type=\"application\/ld+json\" class=\"yoast-schema-graph\">{\"@context\":\"https:\\\/\\\/schema.org\",\"@graph\":[{\"@type\":\"WebPage\",\"@id\":\"https:\\\/\\\/centrofertilidad.com\\\/it\\\/blog\\\/\",\"url\":\"https:\\\/\\\/centrofertilidad.com\\\/it\\\/blog\\\/\",\"name\":\"CFB - Blog - Centro de Fertilidad\",\"isPartOf\":{\"@id\":\"https:\\\/\\\/centrofertilidad.com\\\/it\\\/#website\"},\"datePublished\":\"2022-01-24T15:40:06+00:00\",\"dateModified\":\"2025-01-07T12:01:16+00:00\",\"breadcrumb\":{\"@id\":\"https:\\\/\\\/centrofertilidad.com\\\/it\\\/blog\\\/#breadcrumb\"},\"inLanguage\":\"it-IT\",\"potentialAction\":[{\"@type\":\"ReadAction\",\"target\":[\"https:\\\/\\\/centrofertilidad.com\\\/it\\\/blog\\\/\"]}]},{\"@type\":\"BreadcrumbList\",\"@id\":\"https:\\\/\\\/centrofertilidad.com\\\/it\\\/blog\\\/#breadcrumb\",\"itemListElement\":[{\"@type\":\"ListItem\",\"position\":1,\"name\":\"Home\",\"item\":\"https:\\\/\\\/centrofertilidad.com\\\/it\\\/\"},{\"@type\":\"ListItem\",\"position\":2,\"name\":\"Blog\"}]},{\"@type\":\"WebSite\",\"@id\":\"https:\\\/\\\/centrofertilidad.com\\\/it\\\/#website\",\"url\":\"https:\\\/\\\/centrofertilidad.com\\\/it\\\/\",\"name\":\"Centro de Fertilidad\",\"description\":\"Especialistas en Reproducci\u00f3n Asistida con m\u00e1s de 30 a\u00f1os de experiencia\",\"publisher\":{\"@id\":\"https:\\\/\\\/centrofertilidad.com\\\/it\\\/#organization\"},\"potentialAction\":[{\"@type\":\"SearchAction\",\"target\":{\"@type\":\"EntryPoint\",\"urlTemplate\":\"https:\\\/\\\/centrofertilidad.com\\\/it\\\/?s={search_term_string}\"},\"query-input\":{\"@type\":\"PropertyValueSpecification\",\"valueRequired\":true,\"valueName\":\"search_term_string\"}}],\"inLanguage\":\"it-IT\"},{\"@type\":\"Organization\",\"@id\":\"https:\\\/\\\/centrofertilidad.com\\\/it\\\/#organization\",\"name\":\"Centro Fertilidad\",\"url\":\"https:\\\/\\\/centrofertilidad.com\\\/it\\\/\",\"logo\":{\"@type\":\"ImageObject\",\"inLanguage\":\"it-IT\",\"@id\":\"https:\\\/\\\/centrofertilidad.com\\\/it\\\/#\\\/schema\\\/logo\\\/image\\\/\",\"url\":\"https:\\\/\\\/centrofertilidad.com\\\/wp-content\\\/uploads\\\/2021\\\/09\\\/cropped-Vector.png\",\"contentUrl\":\"https:\\\/\\\/centrofertilidad.com\\\/wp-content\\\/uploads\\\/2021\\\/09\\\/cropped-Vector.png\",\"width\":422,\"height\":38,\"caption\":\"Centro Fertilidad\"},\"image\":{\"@id\":\"https:\\\/\\\/centrofertilidad.com\\\/it\\\/#\\\/schema\\\/logo\\\/image\\\/\"}}]}<\/script>\n<!-- \/ Yoast SEO Premium plugin. -->","yoast_head_json":{"title":"CFB - Blog - Centro de Fertilidad","robots":{"index":"index","follow":"follow","max-snippet":"max-snippet:-1","max-image-preview":"max-image-preview:large","max-video-preview":"max-video-preview:-1"},"canonical":"https:\/\/centrofertilidad.com\/it\/blog\/","og_locale":"it_IT","og_type":"article","og_title":"Blog","og_description":"Articoli del blog","og_url":"https:\/\/centrofertilidad.com\/it\/blog\/","og_site_name":"Centro de Fertilidad","article_modified_time":"2025-01-07T12:01:16+00:00","twitter_card":"summary_large_image","twitter_misc":{"Tempo di lettura stimato":"1 minuto"},"schema":{"@context":"https:\/\/schema.org","@graph":[{"@type":"WebPage","@id":"https:\/\/centrofertilidad.com\/it\/blog\/","url":"https:\/\/centrofertilidad.com\/it\/blog\/","name":"CFB - Blog - Centro de Fertilidad","isPartOf":{"@id":"https:\/\/centrofertilidad.com\/it\/#website"},"datePublished":"2022-01-24T15:40:06+00:00","dateModified":"2025-01-07T12:01:16+00:00","breadcrumb":{"@id":"https:\/\/centrofertilidad.com\/it\/blog\/#breadcrumb"},"inLanguage":"it-IT","potentialAction":[{"@type":"ReadAction","target":["https:\/\/centrofertilidad.com\/it\/blog\/"]}]},{"@type":"BreadcrumbList","@id":"https:\/\/centrofertilidad.com\/it\/blog\/#breadcrumb","itemListElement":[{"@type":"ListItem","position":1,"name":"Home","item":"https:\/\/centrofertilidad.com\/it\/"},{"@type":"ListItem","position":2,"name":"Blog"}]},{"@type":"WebSite","@id":"https:\/\/centrofertilidad.com\/it\/#website","url":"https:\/\/centrofertilidad.com\/it\/","name":"Centro de Fertilidad","description":"Especialistas en Reproducci\u00f3n Asistida con m\u00e1s de 30 a\u00f1os de experiencia","publisher":{"@id":"https:\/\/centrofertilidad.com\/it\/#organization"},"potentialAction":[{"@type":"SearchAction","target":{"@type":"EntryPoint","urlTemplate":"https:\/\/centrofertilidad.com\/it\/?s={search_term_string}"},"query-input":{"@type":"PropertyValueSpecification","valueRequired":true,"valueName":"search_term_string"}}],"inLanguage":"it-IT"},{"@type":"Organization","@id":"https:\/\/centrofertilidad.com\/it\/#organization","name":"Centro Fertilidad","url":"https:\/\/centrofertilidad.com\/it\/","logo":{"@type":"ImageObject","inLanguage":"it-IT","@id":"https:\/\/centrofertilidad.com\/it\/#\/schema\/logo\/image\/","url":"https:\/\/centrofertilidad.com\/wp-content\/uploads\/2021\/09\/cropped-Vector.png","contentUrl":"https:\/\/centrofertilidad.com\/wp-content\/uploads\/2021\/09\/cropped-Vector.png","width":422,"height":38,"caption":"Centro Fertilidad"},"image":{"@id":"https:\/\/centrofertilidad.com\/it\/#\/schema\/logo\/image\/"}}]}},"_links":{"self":[{"href":"https:\/\/centrofertilidad.com\/it\/wp-json\/wp\/v2\/pages\/4694","targetHints":{"allow":["GET"]}}],"collection":[{"href":"https:\/\/centrofertilidad.com\/it\/wp-json\/wp\/v2\/pages"}],"about":[{"href":"https:\/\/centrofertilidad.com\/it\/wp-json\/wp\/v2\/types\/page"}],"author":[{"embeddable":true,"href":"https:\/\/centrofertilidad.com\/it\/wp-json\/wp\/v2\/users\/1"}],"replies":[{"embeddable":true,"href":"https:\/\/centrofertilidad.com\/it\/wp-json\/wp\/v2\/comments?post=4694"}],"version-history":[{"count":7,"href":"https:\/\/centrofertilidad.com\/it\/wp-json\/wp\/v2\/pages\/4694\/revisions"}],"predecessor-version":[{"id":6878,"href":"https:\/\/centrofertilidad.com\/it\/wp-json\/wp\/v2\/pages\/4694\/revisions\/6878"}],"wp:attachment":[{"href":"https:\/\/centrofertilidad.com\/it\/wp-json\/wp\/v2\/media?parent=4694"}],"curies":[{"name":"wp","href":"https:\/\/api.w.org\/{rel}","templated":true}]}}