{"id":4727,"date":"2022-01-24T15:44:23","date_gmt":"2022-01-24T15:44:23","guid":{"rendered":"http:\/\/centrofertilidad.com\/informativa-legale\/"},"modified":"2025-01-07T12:03:17","modified_gmt":"2025-01-07T12:03:17","slug":"informativa-legale","status":"publish","type":"page","link":"https:\/\/centrofertilidad.com\/it\/informativa-legale\/","title":{"rendered":"Informativa legale"},"content":{"rendered":"\t\t<div data-elementor-type=\"wp-page\" data-elementor-id=\"4727\" class=\"elementor elementor-4727 elementor-1882\" data-elementor-post-type=\"page\">\n\t\t\t\t\t\t<section data-particle_enable=\"false\" data-particle-mobile-disabled=\"false\" class=\"elementor-section elementor-top-section elementor-element elementor-element-f5e4a18 elementor-section-height-min-height elementor-section-boxed elementor-section-height-default elementor-section-items-middle\" data-id=\"f5e4a18\" data-element_type=\"section\" data-settings=\"{&quot;background_background&quot;:&quot;classic&quot;}\">\n\t\t\t\t\t\t<div class=\"elementor-container elementor-column-gap-default\">\n\t\t\t\t\t<div class=\"elementor-column elementor-col-100 elementor-top-column elementor-element elementor-element-5907a8b\" data-id=\"5907a8b\" data-element_type=\"column\">\n\t\t\t<div class=\"elementor-widget-wrap elementor-element-populated\">\n\t\t\t\t\t\t<div class=\"elementor-element elementor-element-3565853 elementor-widget elementor-widget-heading\" data-id=\"3565853\" data-element_type=\"widget\" data-widget_type=\"heading.default\">\n\t\t\t\t<div class=\"elementor-widget-container\">\n\t\t\t\t\t<h2 class=\"elementor-heading-title elementor-size-default\">Informativa legale<\/h2>\t\t\t\t<\/div>\n\t\t\t\t<\/div>\n\t\t\t\t\t<\/div>\n\t\t<\/div>\n\t\t\t\t\t<\/div>\n\t\t<\/section>\n\t\t\t\t<section data-particle_enable=\"false\" data-particle-mobile-disabled=\"false\" class=\"elementor-section elementor-top-section elementor-element elementor-element-1564698 elementor-section-boxed elementor-section-height-default elementor-section-height-default\" data-id=\"1564698\" data-element_type=\"section\" data-settings=\"{&quot;background_background&quot;:&quot;classic&quot;}\">\n\t\t\t\t\t\t<div class=\"elementor-container elementor-column-gap-wider\">\n\t\t\t\t\t<div class=\"elementor-column elementor-col-50 elementor-top-column elementor-element elementor-element-14757a8\" data-id=\"14757a8\" data-element_type=\"column\">\n\t\t\t<div class=\"elementor-widget-wrap elementor-element-populated\">\n\t\t\t\t\t\t<div class=\"elementor-element elementor-element-2d914c5 elementor-widget elementor-widget-text-editor\" data-id=\"2d914c5\" data-element_type=\"widget\" data-widget_type=\"text-editor.default\">\n\t\t\t\t<div class=\"elementor-widget-container\">\n\t\t\t\t\t\t\t\t\t<p class=\"p1\"><b>DATI IDENTIFICATIVI<\/b><\/p>\n<p class=\"p2\">In ottemperanza all&#8217;obbligo di informazione contenuto nell&#8217;articolo 10 della legge 34\/2002, dell&#8217;11 luglio, sui servizi della societ\u00e0 dell&#8217;informazione e del commercio elettronico, si riporta quanto segue:<\/p>\n<p class=\"p3\">Il proprietario di questo sito Web \u00e8 &#8220;Gesti\u00f3n Reproductiva, S.L.&#8221;, che agisce con il nome commerciale di &#8220;Centro de Fertilidad Barcelona&#8221;.<span class=\"s1\"> con domicilio<span class=\"Apple-converted-space\">\u00a0 <\/span><\/span>Carrer Torres i Pujalt, 11-29, Planta 3, Despacho 5. 08022 de Barcelona. Correo electr\u00f3nico de contacto <a href=\"mailto:central@centrofertilidadbarcelona.com\"><span class=\"s2\">central@centrofertilidadbarcelona.com<\/span><\/a><\/p>\n<p class=\"p2\">La informaci\u00f3n contenida en www.centrofertilidadbarcelona.com constituye un servicio de informaci\u00f3n de los diversos servicios que ofrecen la sociedad indicada anteriormente y que act\u00faan bajo el nombre comercial \u201cCentro de Fertilidad Barcelona\u201d en el \u00e1mbito de la medicina reproductiva y la prestaci\u00f3n de servicios relacionados con la misma.<\/p>\n<p class=\"p1\"><b>ACEPTACI\u00d3N DE LAS CONDICIONES DE USO<\/b><\/p>\n<p class=\"p1\">El acceso a la Web www.centrofertilidadbarcelona.com exige la aceptaci\u00f3n de las condiciones de uso que en cada momento se encuentren vigentes en esta Web.<\/p>\n<p class=\"p1\"><b>PROPIEDAD INTELECTUAL<\/b><\/p>\n<p class=\"p1\">El c\u00f3digo fuente, los dise\u00f1os gr\u00e1ficos, las im\u00e1genes, las fotograf\u00edas, las animaciones, el software, los textos, as\u00ed como la informaci\u00f3n y los contenidos que se recogen en www.centrofertilidadbarcelona.com est\u00e1n protegidos por la legislaci\u00f3n espa\u00f1ola sobre los derechos de propiedad intelectual e industrial a favor de \u201cCentro de Fertilidad Barcelona\u201d, y no se permite, la reproducci\u00f3n total o parcial de \u00e9sta Web, ni su tratamiento inform\u00e1tico, comunicaci\u00f3n p\u00fablica, distribuci\u00f3n, difusi\u00f3n, modificaci\u00f3n, transformaci\u00f3n o descompilaci\u00f3n, sin el permiso previo y por escrito de su titular, \u201cCentro de Fertilidad Barcelona\u201d de conformidad con lo dispuesto en los art\u00edculos 8 y 32 p\u00e1rrafo segundo de la Ley de Propiedad Intelectual.<\/p>\n<p class=\"p1\">El usuario, \u00fanica y exclusivamente podr\u00e1 utilizar el material que aparezca en \u00e9sta Web para su uso personal y privado, quedando prohibida su utilizaci\u00f3n con fines comerciales o para incurrir en actividades il\u00edcitas. Todos los derechos derivados de la propiedad intelectual est\u00e1n expresamente reservados por \u201cCentro de Fertilidad Barcelona\u201d.<\/p>\n<p class=\"p1\">\u201cCentro de Fertilidad Barcelona\u201d velar\u00e1 por el cumplimiento de las anteriores condiciones y para la debida utilizaci\u00f3n de los contenidos presentados en su portal, ejercitando todas las acciones civiles y penales que le correspondan en el caso de infracci\u00f3n o incumplimiento de estos derechos por parte del usuario.<\/p>\n<p class=\"p1\"><b>PROTECCI\u00d3N DE DATOS DE CAR\u00c1CTER PERSONAL<\/b><\/p>\n<p class=\"p1\">El acceso a la p\u00e1gina Web o su uso no implica una recogida de datos personales del usuario por parte de \u201cCentro de Fertilidad Barcelona\u201d. No obstante, se comunica que, en el caso de que \u201cCentro de Fertilidad Barcelona\u201d solicite datos personales, se informar\u00e1 debidamente al usuario conforme a lo establecido en el Reglamento General de Protecci\u00f3n de Datos y dem\u00e1s normativa que resulte de aplicaci\u00f3n relativa a la protecci\u00f3n de datos.<\/p>\n<p class=\"p1\">Los Datos Personales que recoge \u201cCentro de Fertilidad Barcelona\u201d en los distintos tipos de formularios ser\u00e1n tratados con la finalidad de dar respuesta a la solicitud realizada por el interesado, as\u00ed como para el mantenimiento de la relaci\u00f3n que en su caso se establezca y la gesti\u00f3n, administraci\u00f3n, informaci\u00f3n, prestaci\u00f3n y mejora de los servicios que decida contratar.<\/p>\n<p class=\"p1\">Para una informaci\u00f3n m\u00e1s detallada en lo relativo a la Protecci\u00f3n de Datos, deber\u00e1 acceder a nuestra \u201cPol\u00edtica de Privacidad\u201d<\/p>\n<p class=\"p1\">\u201cCentro de Fertilidad Barcelona\u201d ha tomado las medidas de \u00edndole t\u00e9cnica y organizativa necesarias para garantizar la seguridad de los datos y evitar su alteraci\u00f3n, p\u00e9rdida, tratamiento o acceso no autorizado, teniendo en cuenta el estado de la tecnolog\u00eda, la naturaleza de los datos almacenados y los riesgos a que se encuentran expuestos, ya provengan de la acci\u00f3n humana o del medio f\u00edsico o natural.<\/p>\n<p class=\"p1\"><b>DATOS EN REDES SOCIALES<\/b><\/p>\n<p class=\"p1\">\u201cCentro de Fertilidad Barcelona\u201d dispone de perfiles en diferentes redes sociales, por lo que hemos de advertir al usuario que todos los datos que publique en estos perfiles ser\u00e1n conocidos por todos aquellos usuarios que tambi\u00e9n interact\u00faen en ese perfil o que simplemente lo consulten, tengan estos o no su propio perfil en la red social, ya que todos los perfiles de \u201cCentro de Fertilidad Barcelona\u201d son p\u00fablicos. En consecuencia, toda la informaci\u00f3n y contenidos publicados por el usuario en la p\u00e1gina oficial de \u201cCentro de Fertilidad Barcelona\u201d en las redes sociales ser\u00e1 objeto de comunicaci\u00f3n al resto de los usuarios por la propia naturaleza del servicio.<\/p>\n<p class=\"p1\">En el caso de que el usuario env\u00ede informaci\u00f3n de cualquier tipo a \u201cCentro de Fertilidad Barcelona\u201d, sobre todo en el caso de datos de terceros, a trav\u00e9s de las redes sociales, \u00e9ste declara y garantiza que est\u00e1 legitimado a enviar dicha informaci\u00f3n y que no infringe ning\u00fan derecho de propiedad intelectual, de marca, de patente, secreto comercial, o cualquier otro derecho de tercero, que la informaci\u00f3n no tiene car\u00e1cter confidencial y que no da\u00f1a u ofende a terceros.<\/p>\n<p class=\"p1\">\u201cCentro de Fertilidad Barcelona\u201d s\u00f3lo es responsable y garantiza la confidencialidad, seguridad y tratamiento de los datos conforme a la legislaci\u00f3n vigente, respecto a los datos que recoja directamente del usuario, no teniendo ning\u00fan tipo de responsabilidad respecto de los tratamientos y posteriores usos que la red social pudiera efectuar.<\/p>\n<p class=\"p1\">\u201cCentro de Fertilidad Barcelona\u201d utiliza la aplicaci\u00f3n WhatsApp para comunicarse con sus clientes, con la finalidad de gestionar solicitudes de informaci\u00f3n sobre nuestros servicios y consultas sobre la agenda de sus vistas, as\u00ed como comunicaciones comerciales relacionadas con las ofertas y promociones. La empresa que gestiona la aplicaci\u00f3n WhatsApp tiene su sede en Estados Unidos de Am\u00e9rica, lo que se considera una transferencia internacional de datos a un pa\u00eds que no cumple con la normativa europea de Protecci\u00f3n de Datos. Por este motivo es necesario que nos autorice expresamente para usar este canal de comunicaci\u00f3n marcando la casilla correspondiente en los formularios d\u00f3nde se le solicite el consentimiento.<\/p>\n\t\t\t\t\t\t\t\t<\/div>\n\t\t\t\t<\/div>\n\t\t\t\t\t<\/div>\n\t\t<\/div>\n\t\t\t\t<div class=\"elementor-column elementor-col-50 elementor-top-column elementor-element elementor-element-76b3909\" data-id=\"76b3909\" data-element_type=\"column\">\n\t\t\t<div class=\"elementor-widget-wrap elementor-element-populated\">\n\t\t\t\t\t\t<div class=\"elementor-element elementor-element-2a5c74e elementor-widget elementor-widget-text-editor\" data-id=\"2a5c74e\" data-element_type=\"widget\" data-widget_type=\"text-editor.default\">\n\t\t\t\t<div class=\"elementor-widget-container\">\n\t\t\t\t\t\t\t\t\t<p>Consigliamo di consultare l&#8217;Informativa sulla privacy di WhatsApp prima di continuare. Nel caso in cui desideri utilizzare l&#8217;applicazione WhatsApp per comunicare con noi, ti informiamo che il &#8220;Centro de Fertilidad Barcelona&#8221; \u00e8 l&#8217;unico responsabile e garantisce la riservatezza, la sicurezza e il trattamento dei dati in conformit\u00e0 con la legislazione vigente, per quanto riguarda i dati raccolti direttamente dell&#8217;utente, senza vantare alcun tipo di controllo o responsabilit\u00e0 in merito ai trattamenti e agli utilizzi successivi che WhatsApp potrebbe fare dei dati forniti tramite questo canale.<\/p>\n<ol class=\"ol1\">\n<li class=\"li6\">\n<p class=\"p1\"><b>LIMITAZIONE DI RESPONSABILIT\u00c0<\/b><\/p>\n<p class=\"p1\">Il \u201cCentro de Fertilidad Barcelona\u201d non \u00e8 responsabile per eventuali danni che possono verificarsi a seguito dell&#8217;utilizzo dei contenuti del sito Web, in quanto l\u2019utente che vi accede rimane l\u2019unico responsabile.<\/p>\n<p class=\"p1\">Allo stesso modo, il &#8220;Centro de Fertilidad Barcelona&#8221; non \u00e8 responsabile per eventuali danni che possono derivare dall&#8217;uso di una versione obsoleta o difettosa del browser, da interruzioni della connessione che si verificano durante la trasmissione di dati, virus informatici, guasti o disconnessioni nel funzionamento del sistema telematico, blocchi causati da carenze o sovraccarichi delle linee telefoniche, nonch\u00e9 danni provocati da terzi per interferenza non autorizzata.<\/p>\n<p class=\"p1\">Il sito Web del \u201cCentro de Fertilidad Barcelona\u201d contiene collegamenti ad altri siti Web che potrebbero essere di interesse per gli utenti. Il \u201cCentro de Fertilidad Barcelona\u201d non si assume alcuna responsabilit\u00e0 per questi collegamenti, non potendo garantire il rispetto di adeguate informative sulla privacy. Per tale motivo, l&#8217;utente accede al contenuto delle suddette pagine Web nelle condizioni di utilizzo stabilite dalle stesse e sotto sua esclusiva responsabilit\u00e0.<\/p>\n<p class=\"p1\">Il \u201cCentro de Fertilidad Barcelona\u201d non \u00e8 responsabile per la violazione di alcuna norma applicabile in cui l&#8217;utente pu\u00f2 incorrere con l&#8217;accesso al sito Web www.abadendentistas.com e\/o l&#8217;uso delle informazioni in esso contenute.<\/p>\n<p class=\"p1\">Il \u201cCentro de Fertilidad Barcelona\u201d si riserva il diritto di interrompere o negare a sua discrezione, in qualsiasi momento e senza preavviso, l&#8217;accesso di qualsiasi utente a contenuti ad accesso limitato, qualora si verifichi una delle circostanze descritte.<\/p>\n<p class=\"p1\"><b>LINK<\/b><\/p>\n<p class=\"p1\">Tutti i collegamenti o link, collegamenti ipertestuali, framing o qualsiasi altro tipo di connessione virtuale tramite reti di telecomunicazione da qualsiasi sito Web al nostro sito Web, devono essere richiesti e autorizzati in anticipo e per iscritto dal &#8220;Centro de Fertilidad Barcelona&#8221;. In caso contrario, i collegamenti stabiliti verso questo sito Web devono rimandare alla home page.<\/p>\n<p class=\"p1\">I collegamenti verso pagine Web di terzi sono esclusivamente a scopo indicativo, per rendere disponibili all&#8217;utente altre fonti di informazioni che potrebbero essere di suo interesse.<\/p>\n<p class=\"p1\">Il \u201cCentro de Fertilidad Barcelona\u201d cerca di riesaminare periodicamente il contenuto dei suoi collegamenti. Tuttavia, \u00e8 impossibile conoscere in ogni momento il contenuto specifico dei collegamenti proposti. Di conseguenza, chiediamo la collaborazione di qualsiasi utente che acceda al suddetto contenuto nel caso in cui possa violare la legislazione vigente, il buon costume o l&#8217;ordine pubblico, comunicandolo tramite al seguente indirizzo e-mail central@centrofertilidadbarcelona.com<\/p>\n<p class=\"p1\"><b>RESPONSABILIT\u00c0<\/b><\/p>\n<p class=\"p1\">In definitiva, l&#8217;utente \u00e8 l&#8217;unico responsabile dell&#8217;uso fatto dei servizi, dei contenuti, dei collegamenti (link) e degli ipertesti inclusi nel sito Web www.centrofertilidadbarcelona.com.<\/p>\n<p class=\"p1\"><b>DIRITTI<\/b><\/p>\n<p class=\"p1\">Il \u201cCentro de Fertilidad Barcelona\u201d si riserva il diritto, in qualsiasi momento e senza preavviso, di apportare modifiche e aggiornamenti alle informazioni contenute nel proprio sito Web o nella sua configurazione e presentazione. Allo stesso modo, si riserva il diritto di sospendere temporaneamente, e senza che sia necessario alcun preavviso, l&#8217;accesso al sito Web per ragioni di eventuale necessit\u00e0 e per effettuare interventi di manutenzione, riparazione o miglioramento.<\/p>\n<p class=\"p1\">Il \u201cCentro de Fertilidad Barcelona\u201d si riserva il diritto di includere o ritirare dal sito Web, interamente o in parte, qualsiasi informazione a sua esclusiva discrezione.<\/p>\n<p class=\"p1\"><b>LEGGE APPLICABILE E GIURISDIZIONE<\/b><\/p>\n<p class=\"p1\">Per tutte quelle questioni che dovessero sorgere a causa dell&#8217;interpretazione, dell\u2019esecuzione o dell\u2019eventuale violazione delle presenti condizioni d&#8217;uso, gli utenti, rinunciando alla propria giurisdizione, e indipendentemente dal luogo in cui insorga qualsiasi controversia, si sottoporranno esplicitamente alla competenza e alla giurisdizione dei giudici e dei tribunali di Barcellona.<\/p>\n<p class=\"p1\">Tali condizioni saranno disciplinate, in ogni caso, dalla legislazione spagnola.<\/p>\n<p class=\"p1\">\u201cCentro de Fertilidad Barcelona\u201d<\/p>\n<p class=\"p1\">Tutti i diritti riservati<\/p>\n<\/li>\n<\/ol>\n\t\t\t\t\t\t\t\t<\/div>\n\t\t\t\t<\/div>\n\t\t\t\t\t<\/div>\n\t\t<\/div>\n\t\t\t\t\t<\/div>\n\t\t<\/section>\n\t\t\t\t<\/div>\n\t\t","protected":false},"excerpt":{"rendered":"<p>Informativa legale DATI IDENTIFICATIVI In ottemperanza all&#8217;obbligo di informazione contenuto nell&#8217;articolo 10 della legge 34\/2002, dell&#8217;11 luglio, sui servizi della societ\u00e0 dell&#8217;informazione e del commercio elettronico, si riporta quanto segue: Il proprietario di questo sito Web \u00e8 &#8220;Gesti\u00f3n Reproductiva, S.L.&#8221;, che agisce con il nome commerciale di &#8220;Centro de Fertilidad Barcelona&#8221;. con domicilio\u00a0 Carrer Torres &#8230; <a title=\"Informativa legale\" class=\"read-more\" href=\"https:\/\/centrofertilidad.com\/it\/informativa-legale\/\" aria-label=\"Per saperne di pi\u00f9 su Informativa legale\">Leggi tutto<\/a><\/p>\n","protected":false},"author":1,"featured_media":0,"parent":0,"menu_order":0,"comment_status":"closed","ping_status":"closed","template":"elementor_header_footer","meta":{"footnotes":""},"class_list":["post-4727","page","type-page","status-publish"],"yoast_head":"<!-- This site is optimized with the Yoast SEO Premium plugin v26.2 (Yoast SEO v27.4) - https:\/\/yoast.com\/product\/yoast-seo-premium-wordpress\/ -->\n<title>CFB - Informativa legale - Centro de Fertilidad<\/title>\n<meta name=\"robots\" content=\"noindex, nofollow\" \/>\n<meta property=\"og:locale\" content=\"it_IT\" \/>\n<meta property=\"og:type\" content=\"article\" \/>\n<meta property=\"og:title\" content=\"Informativa legale\" \/>\n<meta property=\"og:description\" content=\"Informativa legale DATI IDENTIFICATIVI In ottemperanza all&#8217;obbligo di informazione contenuto nell&#8217;articolo 10 della legge 34\/2002, dell&#8217;11 luglio, sui servizi della societ\u00e0 dell&#8217;informazione e del commercio elettronico, si riporta quanto segue: Il proprietario di questo sito Web \u00e8 &#8220;Gesti\u00f3n Reproductiva, S.L.&#8221;, che agisce con il nome commerciale di &#8220;Centro de Fertilidad Barcelona&#8221;. con domicilio\u00a0 Carrer Torres ... Leggi tutto\" \/>\n<meta property=\"og:url\" content=\"https:\/\/centrofertilidad.com\/it\/informativa-legale\/\" \/>\n<meta property=\"og:site_name\" content=\"Centro de Fertilidad\" \/>\n<meta property=\"article:modified_time\" content=\"2025-01-07T12:03:17+00:00\" \/>\n<meta name=\"twitter:card\" content=\"summary_large_image\" \/>\n<meta name=\"twitter:label1\" content=\"Tempo di lettura stimato\" \/>\n\t<meta name=\"twitter:data1\" content=\"8 minuti\" \/>\n<script type=\"application\/ld+json\" class=\"yoast-schema-graph\">{\"@context\":\"https:\\\/\\\/schema.org\",\"@graph\":[{\"@type\":\"WebPage\",\"@id\":\"https:\\\/\\\/centrofertilidad.com\\\/it\\\/informativa-legale\\\/\",\"url\":\"https:\\\/\\\/centrofertilidad.com\\\/it\\\/informativa-legale\\\/\",\"name\":\"CFB - Informativa legale - Centro de Fertilidad\",\"isPartOf\":{\"@id\":\"https:\\\/\\\/centrofertilidad.com\\\/it\\\/#website\"},\"datePublished\":\"2022-01-24T15:44:23+00:00\",\"dateModified\":\"2025-01-07T12:03:17+00:00\",\"breadcrumb\":{\"@id\":\"https:\\\/\\\/centrofertilidad.com\\\/it\\\/informativa-legale\\\/#breadcrumb\"},\"inLanguage\":\"it-IT\",\"potentialAction\":[{\"@type\":\"ReadAction\",\"target\":[\"https:\\\/\\\/centrofertilidad.com\\\/it\\\/informativa-legale\\\/\"]}]},{\"@type\":\"BreadcrumbList\",\"@id\":\"https:\\\/\\\/centrofertilidad.com\\\/it\\\/informativa-legale\\\/#breadcrumb\",\"itemListElement\":[{\"@type\":\"ListItem\",\"position\":1,\"name\":\"Home\",\"item\":\"https:\\\/\\\/centrofertilidad.com\\\/it\\\/\"},{\"@type\":\"ListItem\",\"position\":2,\"name\":\"Informativa legale\"}]},{\"@type\":\"WebSite\",\"@id\":\"https:\\\/\\\/centrofertilidad.com\\\/it\\\/#website\",\"url\":\"https:\\\/\\\/centrofertilidad.com\\\/it\\\/\",\"name\":\"Centro de Fertilidad\",\"description\":\"Especialistas en Reproducci\u00f3n Asistida con m\u00e1s de 30 a\u00f1os de experiencia\",\"publisher\":{\"@id\":\"https:\\\/\\\/centrofertilidad.com\\\/it\\\/#organization\"},\"potentialAction\":[{\"@type\":\"SearchAction\",\"target\":{\"@type\":\"EntryPoint\",\"urlTemplate\":\"https:\\\/\\\/centrofertilidad.com\\\/it\\\/?s={search_term_string}\"},\"query-input\":{\"@type\":\"PropertyValueSpecification\",\"valueRequired\":true,\"valueName\":\"search_term_string\"}}],\"inLanguage\":\"it-IT\"},{\"@type\":\"Organization\",\"@id\":\"https:\\\/\\\/centrofertilidad.com\\\/it\\\/#organization\",\"name\":\"Centro Fertilidad\",\"url\":\"https:\\\/\\\/centrofertilidad.com\\\/it\\\/\",\"logo\":{\"@type\":\"ImageObject\",\"inLanguage\":\"it-IT\",\"@id\":\"https:\\\/\\\/centrofertilidad.com\\\/it\\\/#\\\/schema\\\/logo\\\/image\\\/\",\"url\":\"https:\\\/\\\/centrofertilidad.com\\\/wp-content\\\/uploads\\\/2021\\\/09\\\/cropped-Vector.png\",\"contentUrl\":\"https:\\\/\\\/centrofertilidad.com\\\/wp-content\\\/uploads\\\/2021\\\/09\\\/cropped-Vector.png\",\"width\":422,\"height\":38,\"caption\":\"Centro Fertilidad\"},\"image\":{\"@id\":\"https:\\\/\\\/centrofertilidad.com\\\/it\\\/#\\\/schema\\\/logo\\\/image\\\/\"}}]}<\/script>\n<!-- \/ Yoast SEO Premium plugin. -->","yoast_head_json":{"title":"CFB - Informativa legale - Centro de Fertilidad","robots":{"index":"noindex","follow":"nofollow"},"og_locale":"it_IT","og_type":"article","og_title":"Informativa legale","og_description":"Informativa legale DATI IDENTIFICATIVI In ottemperanza all&#8217;obbligo di informazione contenuto nell&#8217;articolo 10 della legge 34\/2002, dell&#8217;11 luglio, sui servizi della societ\u00e0 dell&#8217;informazione e del commercio elettronico, si riporta quanto segue: Il proprietario di questo sito Web \u00e8 &#8220;Gesti\u00f3n Reproductiva, S.L.&#8221;, che agisce con il nome commerciale di &#8220;Centro de Fertilidad Barcelona&#8221;. con domicilio\u00a0 Carrer Torres ... Leggi tutto","og_url":"https:\/\/centrofertilidad.com\/it\/informativa-legale\/","og_site_name":"Centro de Fertilidad","article_modified_time":"2025-01-07T12:03:17+00:00","twitter_card":"summary_large_image","twitter_misc":{"Tempo di lettura stimato":"8 minuti"},"schema":{"@context":"https:\/\/schema.org","@graph":[{"@type":"WebPage","@id":"https:\/\/centrofertilidad.com\/it\/informativa-legale\/","url":"https:\/\/centrofertilidad.com\/it\/informativa-legale\/","name":"CFB - Informativa legale - Centro de Fertilidad","isPartOf":{"@id":"https:\/\/centrofertilidad.com\/it\/#website"},"datePublished":"2022-01-24T15:44:23+00:00","dateModified":"2025-01-07T12:03:17+00:00","breadcrumb":{"@id":"https:\/\/centrofertilidad.com\/it\/informativa-legale\/#breadcrumb"},"inLanguage":"it-IT","potentialAction":[{"@type":"ReadAction","target":["https:\/\/centrofertilidad.com\/it\/informativa-legale\/"]}]},{"@type":"BreadcrumbList","@id":"https:\/\/centrofertilidad.com\/it\/informativa-legale\/#breadcrumb","itemListElement":[{"@type":"ListItem","position":1,"name":"Home","item":"https:\/\/centrofertilidad.com\/it\/"},{"@type":"ListItem","position":2,"name":"Informativa legale"}]},{"@type":"WebSite","@id":"https:\/\/centrofertilidad.com\/it\/#website","url":"https:\/\/centrofertilidad.com\/it\/","name":"Centro de Fertilidad","description":"Especialistas en Reproducci\u00f3n Asistida con m\u00e1s de 30 a\u00f1os de experiencia","publisher":{"@id":"https:\/\/centrofertilidad.com\/it\/#organization"},"potentialAction":[{"@type":"SearchAction","target":{"@type":"EntryPoint","urlTemplate":"https:\/\/centrofertilidad.com\/it\/?s={search_term_string}"},"query-input":{"@type":"PropertyValueSpecification","valueRequired":true,"valueName":"search_term_string"}}],"inLanguage":"it-IT"},{"@type":"Organization","@id":"https:\/\/centrofertilidad.com\/it\/#organization","name":"Centro Fertilidad","url":"https:\/\/centrofertilidad.com\/it\/","logo":{"@type":"ImageObject","inLanguage":"it-IT","@id":"https:\/\/centrofertilidad.com\/it\/#\/schema\/logo\/image\/","url":"https:\/\/centrofertilidad.com\/wp-content\/uploads\/2021\/09\/cropped-Vector.png","contentUrl":"https:\/\/centrofertilidad.com\/wp-content\/uploads\/2021\/09\/cropped-Vector.png","width":422,"height":38,"caption":"Centro Fertilidad"},"image":{"@id":"https:\/\/centrofertilidad.com\/it\/#\/schema\/logo\/image\/"}}]}},"_links":{"self":[{"href":"https:\/\/centrofertilidad.com\/it\/wp-json\/wp\/v2\/pages\/4727","targetHints":{"allow":["GET"]}}],"collection":[{"href":"https:\/\/centrofertilidad.com\/it\/wp-json\/wp\/v2\/pages"}],"about":[{"href":"https:\/\/centrofertilidad.com\/it\/wp-json\/wp\/v2\/types\/page"}],"author":[{"embeddable":true,"href":"https:\/\/centrofertilidad.com\/it\/wp-json\/wp\/v2\/users\/1"}],"replies":[{"embeddable":true,"href":"https:\/\/centrofertilidad.com\/it\/wp-json\/wp\/v2\/comments?post=4727"}],"version-history":[{"count":3,"href":"https:\/\/centrofertilidad.com\/it\/wp-json\/wp\/v2\/pages\/4727\/revisions"}],"predecessor-version":[{"id":15715,"href":"https:\/\/centrofertilidad.com\/it\/wp-json\/wp\/v2\/pages\/4727\/revisions\/15715"}],"wp:attachment":[{"href":"https:\/\/centrofertilidad.com\/it\/wp-json\/wp\/v2\/media?parent=4727"}],"curies":[{"name":"wp","href":"https:\/\/api.w.org\/{rel}","templated":true}]}}