{"id":4729,"date":"2022-01-24T15:44:37","date_gmt":"2022-01-24T15:44:37","guid":{"rendered":"http:\/\/centrofertilidad.com\/politica-sui-cookie\/"},"modified":"2026-02-23T09:53:54","modified_gmt":"2026-02-23T09:53:54","slug":"politica-sui-cookie","status":"publish","type":"page","link":"https:\/\/centrofertilidad.com\/it\/politica-sui-cookie\/","title":{"rendered":"Politica sui cookie"},"content":{"rendered":"\t\t<div data-elementor-type=\"wp-page\" data-elementor-id=\"4729\" class=\"elementor elementor-4729 elementor-1904\" data-elementor-post-type=\"page\">\n\t\t\t\t\t\t<section data-particle_enable=\"false\" data-particle-mobile-disabled=\"false\" class=\"elementor-section elementor-top-section elementor-element elementor-element-9162854 elementor-section-boxed elementor-section-height-default elementor-section-height-default\" data-id=\"9162854\" data-element_type=\"section\" data-settings=\"{&quot;background_background&quot;:&quot;classic&quot;}\">\n\t\t\t\t\t\t<div class=\"elementor-container elementor-column-gap-default\">\n\t\t\t\t\t<div class=\"elementor-column elementor-col-100 elementor-top-column elementor-element elementor-element-b1c6f42\" data-id=\"b1c6f42\" data-element_type=\"column\">\n\t\t\t<div class=\"elementor-widget-wrap elementor-element-populated\">\n\t\t\t\t\t\t<div class=\"elementor-element elementor-element-4700b8c elementor-widget elementor-widget-heading\" data-id=\"4700b8c\" data-element_type=\"widget\" data-widget_type=\"heading.default\">\n\t\t\t\t<div class=\"elementor-widget-container\">\n\t\t\t\t\t<h2 class=\"elementor-heading-title elementor-size-default\">Politica sui cookie <\/h2>\t\t\t\t<\/div>\n\t\t\t\t<\/div>\n\t\t\t\t<div class=\"elementor-element elementor-element-813d62e elementor-widget elementor-widget-text-editor\" data-id=\"813d62e\" data-element_type=\"widget\" data-widget_type=\"text-editor.default\">\n\t\t\t\t<div class=\"elementor-widget-container\">\n\t\t\t\t\t\t\t\t\t<p class=\"p1\">Un cookie \u00e8 un file che viene scaricato su computer\/smartphone\/tablet dell&#8217;utente, quando accede a determinate pagine Web per memorizzare e recuperare informazioni sulla navigazione eseguita con tale apparecchiatura, senza ricevere informazioni relative al nome oppure a qualsiasi altro dato personale. Serve esclusivamente a fini operativi, di sicurezza e di statistica. I cookie che utilizziamo non possono leggere i dati dal computer n\u00e9 da altri cookie. \u00c8 possibile configurare il browser in modo che segnali la presenza di un cookie. Se l&#8217;utente decide di non accettare i cookie, ci\u00f2 non gli impedir\u00e0 di accedere alle informazioni presenti sul sito www.centrofertilidadbarcelona.com<\/p>\n\t\t\t\t\t\t\t\t<\/div>\n\t\t\t\t<\/div>\n\t\t\t\t\t<\/div>\n\t\t<\/div>\n\t\t\t\t\t<\/div>\n\t\t<\/section>\n\t\t\t\t<section data-particle_enable=\"false\" data-particle-mobile-disabled=\"false\" class=\"elementor-section elementor-top-section elementor-element elementor-element-cc08657 elementor-section-boxed elementor-section-height-default elementor-section-height-default\" data-id=\"cc08657\" data-element_type=\"section\">\n\t\t\t\t\t\t<div class=\"elementor-container elementor-column-gap-wider\">\n\t\t\t\t\t<div class=\"elementor-column elementor-col-50 elementor-top-column elementor-element elementor-element-bf9bd70\" data-id=\"bf9bd70\" data-element_type=\"column\">\n\t\t\t<div class=\"elementor-widget-wrap elementor-element-populated\">\n\t\t\t\t\t\t<div class=\"elementor-element elementor-element-1eb3c4d elementor-widget elementor-widget-text-editor\" data-id=\"1eb3c4d\" data-element_type=\"widget\" data-widget_type=\"text-editor.default\">\n\t\t\t\t<div class=\"elementor-widget-container\">\n\t\t\t\t\t\t\t\t\t<p class=\"p1\">&#8220;CFB&#8221; utilizza i propri cookie per gestire i diversi servizi che offre all&#8217;utente e, a seconda del loro scopo, si possono distinguere:<\/p>\n<p class=\"p1\">Cookie di sessione: Sono una tipologia di cookie volti a raccogliere e memorizzare dati quando l&#8217;utente accede all&#8217;area riservata di www.centrofertilidadbarcelona.com. Questo cookie scade al termine della sessione e sar\u00e0 eliminato dal proprio computer.<\/p>\n<p class=\"p1\">Cookie persistenti: Si tratta di un tipo di cookie in cui i dati sono ancora memorizzati nel computer e possono essere consultati ed elaborati per un periodo definito dal responsabile del cookie, che pu\u00f2 variare da pochi minuti a diversi anni.<\/p>\n<p class=\"p1\">Cookie tecnici: Consentono all&#8217;utente la navigazione in una pagina Web, piattaforma o applicazione e la fruizione delle diverse opzioni o servizi in essa presenti, quali, a titolo esemplificativo, il controllo del traffico e la comunicazione dei dati, l&#8217;identificazione della sessione, l&#8217;accesso a sezioni ad accesso riservato, la memorizzazione degli elementi che compongono un ordine, la realizzazione del processo di acquisto di un ordine, l\u2019invio di una richiesta di registrazione o partecipazione a un evento, l\u2019utilizzo di elementi di sicurezza durante la navigazione, l\u2019archiviazione di contenuti per la diffusione di video o audio o la condivisione di contenuti attraverso i social network.<\/p>\n<p class=\"p1\">Cookie di personalizzazione: Consentono all&#8217;utente di accedere al servizio con alcune caratteristiche generali predefinite in base a una serie di criteri nel computer dell&#8217;utente, quali lingua, tipo di browser attraverso il quale si accede al servizio, configurazione regionale da cui si accede al servizio, ecc.<\/p>\n<p class=\"p1\">Cookie di analisi: Consentono al responsabile degli stessi di monitorare e analizzare il comportamento degli utenti nei siti Web a cui sono collegati. Le informazioni raccolte tramite questo tipo di cookie vengono utilizzate per misurare l&#8217;attivit\u00e0 di siti Web, applicazioni o piattaforme e per creare profili di navigazione degli utenti di tali siti, applicazioni e piattaforme, al fine di introdurre miglioramenti in funzione dell&#8217;analisi dei dati di utilizzo forniti dagli utenti del servizio.<\/p>\n<p class=\"p1\">Ai sensi del Gruppo di lavoro di cui all\u2019Articolo 29, il Decreto 4\/2012 ha stabilito come esentati dall&#8217;adempimento degli obblighi previsti dall&#8217;articolo 22.2 della LSSI i cookie utilizzati per consentire esclusivamente la comunicazione tra l&#8217;apparecchiatura dell&#8217;utente e la rete, oltre a quelli utilizzati strettamente per fornire un servizio esplicitamente richiesto dall&#8217;utente, identificati come:<\/p>\n<p class=\"p1\">&#8211; Cookie &#8220;inviati dall\u2019utente\u201d<\/p>\n<p class=\"p1\">&#8211; Cookie di autenticazione o identificazione dell\u2019utente (solo per la sessione in corso)<\/p>\n<p class=\"p1\">&#8211; Cookie di sicurezza dell&#8217;utente (ad esempio, per rilevare tentativi errati e ripetuti di connessione a un sito Web)<\/p>\n<p class=\"p1\">&#8211; Cookie di sessione del lettore multimediale<\/p>\n<p class=\"p1\">&#8211; Cookie di sessione per la ripartizione del carico<\/p>\n<p class=\"p1\">&#8211; Cookie di personalizzazione dell&#8217;interfaccia utente<\/p>\n<p class=\"p1\">&#8211; Cookie plug-in per lo scambio di contenuti sui social<\/p>\n<p class=\"p1\">I cookie di sessione e inviati dall&#8217;utente vengono spesso utilizzati per tenere traccia delle azioni dell&#8217;utente durante la compilazione di moduli online su pi\u00f9 pagine o l\u2019aggiunta di articoli nel carrello della spesa selezionati dall\u2019utente tramite un pulsante.<\/p>\n<p class=\"p1\">Se viene disattivata l&#8217;accettazione dei cookie strettamente necessari per la fornitura di determinati servizi espressamente richiesti dall&#8217;utente, non sar\u00e0 possibile consultare e\/o ricevere correttamente i contenuti e i servizi del sito www.centrofertilidadbarcelona.com.<\/p>\n<p class=\"p1\">\u00a0<\/p>\n\t\t\t\t\t\t\t\t<\/div>\n\t\t\t\t<\/div>\n\t\t\t\t\t<\/div>\n\t\t<\/div>\n\t\t\t\t<div class=\"elementor-column elementor-col-50 elementor-top-column elementor-element elementor-element-2538d50\" data-id=\"2538d50\" data-element_type=\"column\">\n\t\t\t<div class=\"elementor-widget-wrap elementor-element-populated\">\n\t\t\t\t\t\t<div class=\"elementor-element elementor-element-3119081 elementor-widget elementor-widget-text-editor\" data-id=\"3119081\" data-element_type=\"widget\" data-widget_type=\"text-editor.default\">\n\t\t\t\t<div class=\"elementor-widget-container\">\n\t\t\t\t\t\t\t\t\t<p>&#8220;CFB&#8221; utilizza inoltre i cookie analitici di Google Analytics per l&#8217;analisi del nostro sito Web. Questi cookie servono per raccogliere informazioni sull&#8217;utilizzo del nostro sito Web da parte dei visitatori, utilizzando le informazioni per facilitare e migliorare la navigazione. La disabilitazione di questi cookie non influir\u00e0 sulla funzionalit\u00e0 di www.centrofertilidadbarcelona.com.<\/p>\n<ol class=\"ol1\">\n<li class=\"li6\">\n<p class=\"p1\">Google Analytics \u00e8 lo strumento di analisi di Google che aiuta i siti Web e i proprietari di applicazioni a capire l\u2019interazione da parte dei visitatori. \u00c8 possibile utilizzare un set di cookie per raccogliere informazioni e segnalare le statistiche sull&#8217;utilizzo del sito Web senza identificare personalmente i visitatori di Google. Maggiori informazioni sui cookie di Google Analytics e sulla privacy sono disponibili all\u2019indirizzo https:\/\/developers.google.com\/analytics\/resources\/concepts\/gaConceptsCookies<\/p>\n<p class=\"p1\">Alcune sezioni del sito possono essere collegate a vari social network come Facebook, Twitter, Google+, Linkedin, ecc., consultare quindi la relativa Politica sui cookie prima di utilizzare i loro servizi.<\/p>\n<p class=\"p1\">\u00c8 possibile consentire, bloccare o eliminare i cookie installati sul computer configurando le opzioni del browser Internet. Di seguito, indichiamo i link dei principali browser con le relative istruzioni per questa procedura:<\/p>\n<p class=\"p1\">\u2013 Internet Explorer<\/p>\n<p class=\"p1\">http:\/\/windows.microsoft.com\/es-es\/internet-explorer\/delete-manage-cookies<\/p>\n<p class=\"p1\">\u2013 Google Chrome<\/p>\n<p class=\"p1\">https:\/\/support.google.com\/chrome\/answer\/95647?hl=es<\/p>\n<p class=\"p1\">\u2013 Google Chrome per Android<\/p>\n<p class=\"p1\">https:\/\/support.google.com\/chrome\/answer\/2392971?hl=es<\/p>\n<p class=\"p1\">\u2013 Mozilla Firefox<\/p>\n<p class=\"p1\">https:\/\/support.mozilla.org\/es\/kb\/habilitar-y-deshabilitar-cookies-que-los-sitios-we<\/p>\n<p class=\"p1\">\u2013 Safari<\/p>\n<p class=\"p1\">http:\/\/support.apple.com\/kb\/ph5042<\/p>\n<p class=\"p1\">\u2013 Safari per IOS (iPhone \u2013 iPad)<\/p>\n<p class=\"p1\">http:\/\/support.apple.com\/kb\/ht1677?viewlocale=es_es&locale=es_es<\/p>\n<p class=\"p1\">Questi browser sono soggetti ad aggiornamenti e modifiche costanti, quindi non possiamo garantire che corrispondano pienamente alla versione del browser attualmente installata. Se si utilizza un browser non indicato precedentemente, consultare le istruzioni del relativo browser per configurare l&#8217;uso dei cookie.<\/p>\n<p class=\"p1\">Per revocare in qualsiasi momento il consenso relativo alla presente Politica sui cookie, eliminare i cookie memorizzati tramite le impostazioni e le configurazioni del browser Internet.<\/p>\n<p class=\"p1\">Lo scopo della presente Politica sui cookie \u00e8 informare in modo chiaro e preciso l\u2019utente in merito ai cookie utilizzati sul sito www.centrofertilidadbarcelona.com. Per ulteriori informazioni in merito all&#8217;utilizzo dei cookie, \u00e8 possibile contattarci via e-mail all\u2019indirizzo central@centrofertilidadbarcelona.com.<\/p>\n<\/li>\n<\/ol>\n\t\t\t\t\t\t\t\t<\/div>\n\t\t\t\t<\/div>\n\t\t\t\t\t<\/div>\n\t\t<\/div>\n\t\t\t\t\t<\/div>\n\t\t<\/section>\n\t\t\t\t<\/div>\n\t\t","protected":false},"excerpt":{"rendered":"<p>Politica sui cookie Un cookie \u00e8 un file che viene scaricato su computer\/smartphone\/tablet dell&#8217;utente, quando accede a determinate pagine Web per memorizzare e recuperare informazioni sulla navigazione eseguita con tale apparecchiatura, senza ricevere informazioni relative al nome oppure a qualsiasi altro dato personale. Serve esclusivamente a fini operativi, di sicurezza e di statistica. I cookie &#8230; <a title=\"Politica sui cookie\" class=\"read-more\" href=\"https:\/\/centrofertilidad.com\/it\/politica-sui-cookie\/\" aria-label=\"Per saperne di pi\u00f9 su Politica sui cookie\">Leggi tutto<\/a><\/p>\n","protected":false},"author":1,"featured_media":0,"parent":0,"menu_order":0,"comment_status":"closed","ping_status":"closed","template":"elementor_header_footer","meta":{"footnotes":""},"class_list":["post-4729","page","type-page","status-publish"],"yoast_head":"<!-- This site is optimized with the Yoast SEO Premium plugin v26.2 (Yoast SEO v27.4) - https:\/\/yoast.com\/product\/yoast-seo-premium-wordpress\/ -->\n<title>CFB - Politica sui cookie - Centro de Fertilidad<\/title>\n<meta name=\"robots\" content=\"noindex, nofollow\" \/>\n<meta property=\"og:locale\" content=\"it_IT\" \/>\n<meta property=\"og:type\" content=\"article\" \/>\n<meta property=\"og:title\" content=\"Politica sui cookie\" \/>\n<meta property=\"og:description\" content=\"Politica sui cookie Un cookie \u00e8 un file che viene scaricato su computer\/smartphone\/tablet dell&#8217;utente, quando accede a determinate pagine Web per memorizzare e recuperare informazioni sulla navigazione eseguita con tale apparecchiatura, senza ricevere informazioni relative al nome oppure a qualsiasi altro dato personale. Serve esclusivamente a fini operativi, di sicurezza e di statistica. I cookie ... Leggi tutto\" \/>\n<meta property=\"og:url\" content=\"https:\/\/centrofertilidad.com\/it\/politica-sui-cookie\/\" \/>\n<meta property=\"og:site_name\" content=\"Centro de Fertilidad\" \/>\n<meta property=\"article:modified_time\" content=\"2026-02-23T09:53:54+00:00\" \/>\n<meta name=\"twitter:card\" content=\"summary_large_image\" \/>\n<meta name=\"twitter:label1\" content=\"Tempo di lettura stimato\" \/>\n\t<meta name=\"twitter:data1\" content=\"5 minuti\" \/>\n<script type=\"application\/ld+json\" class=\"yoast-schema-graph\">{\"@context\":\"https:\\\/\\\/schema.org\",\"@graph\":[{\"@type\":\"WebPage\",\"@id\":\"https:\\\/\\\/centrofertilidad.com\\\/it\\\/politica-sui-cookie\\\/\",\"url\":\"https:\\\/\\\/centrofertilidad.com\\\/it\\\/politica-sui-cookie\\\/\",\"name\":\"CFB - Politica sui cookie - Centro de Fertilidad\",\"isPartOf\":{\"@id\":\"https:\\\/\\\/centrofertilidad.com\\\/it\\\/#website\"},\"datePublished\":\"2022-01-24T15:44:37+00:00\",\"dateModified\":\"2026-02-23T09:53:54+00:00\",\"breadcrumb\":{\"@id\":\"https:\\\/\\\/centrofertilidad.com\\\/it\\\/politica-sui-cookie\\\/#breadcrumb\"},\"inLanguage\":\"it-IT\",\"potentialAction\":[{\"@type\":\"ReadAction\",\"target\":[\"https:\\\/\\\/centrofertilidad.com\\\/it\\\/politica-sui-cookie\\\/\"]}]},{\"@type\":\"BreadcrumbList\",\"@id\":\"https:\\\/\\\/centrofertilidad.com\\\/it\\\/politica-sui-cookie\\\/#breadcrumb\",\"itemListElement\":[{\"@type\":\"ListItem\",\"position\":1,\"name\":\"Home\",\"item\":\"https:\\\/\\\/centrofertilidad.com\\\/it\\\/\"},{\"@type\":\"ListItem\",\"position\":2,\"name\":\"Politica sui cookie\"}]},{\"@type\":\"WebSite\",\"@id\":\"https:\\\/\\\/centrofertilidad.com\\\/it\\\/#website\",\"url\":\"https:\\\/\\\/centrofertilidad.com\\\/it\\\/\",\"name\":\"Centro de Fertilidad\",\"description\":\"Especialistas en Reproducci\u00f3n Asistida con m\u00e1s de 30 a\u00f1os de experiencia\",\"publisher\":{\"@id\":\"https:\\\/\\\/centrofertilidad.com\\\/it\\\/#organization\"},\"potentialAction\":[{\"@type\":\"SearchAction\",\"target\":{\"@type\":\"EntryPoint\",\"urlTemplate\":\"https:\\\/\\\/centrofertilidad.com\\\/it\\\/?s={search_term_string}\"},\"query-input\":{\"@type\":\"PropertyValueSpecification\",\"valueRequired\":true,\"valueName\":\"search_term_string\"}}],\"inLanguage\":\"it-IT\"},{\"@type\":\"Organization\",\"@id\":\"https:\\\/\\\/centrofertilidad.com\\\/it\\\/#organization\",\"name\":\"Centro Fertilidad\",\"url\":\"https:\\\/\\\/centrofertilidad.com\\\/it\\\/\",\"logo\":{\"@type\":\"ImageObject\",\"inLanguage\":\"it-IT\",\"@id\":\"https:\\\/\\\/centrofertilidad.com\\\/it\\\/#\\\/schema\\\/logo\\\/image\\\/\",\"url\":\"https:\\\/\\\/centrofertilidad.com\\\/wp-content\\\/uploads\\\/2021\\\/09\\\/cropped-Vector.png\",\"contentUrl\":\"https:\\\/\\\/centrofertilidad.com\\\/wp-content\\\/uploads\\\/2021\\\/09\\\/cropped-Vector.png\",\"width\":422,\"height\":38,\"caption\":\"Centro Fertilidad\"},\"image\":{\"@id\":\"https:\\\/\\\/centrofertilidad.com\\\/it\\\/#\\\/schema\\\/logo\\\/image\\\/\"}}]}<\/script>\n<!-- \/ Yoast SEO Premium plugin. -->","yoast_head_json":{"title":"CFB - Politica sui cookie - Centro de Fertilidad","robots":{"index":"noindex","follow":"nofollow"},"og_locale":"it_IT","og_type":"article","og_title":"Politica sui cookie","og_description":"Politica sui cookie Un cookie \u00e8 un file che viene scaricato su computer\/smartphone\/tablet dell&#8217;utente, quando accede a determinate pagine Web per memorizzare e recuperare informazioni sulla navigazione eseguita con tale apparecchiatura, senza ricevere informazioni relative al nome oppure a qualsiasi altro dato personale. Serve esclusivamente a fini operativi, di sicurezza e di statistica. I cookie ... Leggi tutto","og_url":"https:\/\/centrofertilidad.com\/it\/politica-sui-cookie\/","og_site_name":"Centro de Fertilidad","article_modified_time":"2026-02-23T09:53:54+00:00","twitter_card":"summary_large_image","twitter_misc":{"Tempo di lettura stimato":"5 minuti"},"schema":{"@context":"https:\/\/schema.org","@graph":[{"@type":"WebPage","@id":"https:\/\/centrofertilidad.com\/it\/politica-sui-cookie\/","url":"https:\/\/centrofertilidad.com\/it\/politica-sui-cookie\/","name":"CFB - Politica sui cookie - Centro de Fertilidad","isPartOf":{"@id":"https:\/\/centrofertilidad.com\/it\/#website"},"datePublished":"2022-01-24T15:44:37+00:00","dateModified":"2026-02-23T09:53:54+00:00","breadcrumb":{"@id":"https:\/\/centrofertilidad.com\/it\/politica-sui-cookie\/#breadcrumb"},"inLanguage":"it-IT","potentialAction":[{"@type":"ReadAction","target":["https:\/\/centrofertilidad.com\/it\/politica-sui-cookie\/"]}]},{"@type":"BreadcrumbList","@id":"https:\/\/centrofertilidad.com\/it\/politica-sui-cookie\/#breadcrumb","itemListElement":[{"@type":"ListItem","position":1,"name":"Home","item":"https:\/\/centrofertilidad.com\/it\/"},{"@type":"ListItem","position":2,"name":"Politica sui cookie"}]},{"@type":"WebSite","@id":"https:\/\/centrofertilidad.com\/it\/#website","url":"https:\/\/centrofertilidad.com\/it\/","name":"Centro de Fertilidad","description":"Especialistas en Reproducci\u00f3n Asistida con m\u00e1s de 30 a\u00f1os de experiencia","publisher":{"@id":"https:\/\/centrofertilidad.com\/it\/#organization"},"potentialAction":[{"@type":"SearchAction","target":{"@type":"EntryPoint","urlTemplate":"https:\/\/centrofertilidad.com\/it\/?s={search_term_string}"},"query-input":{"@type":"PropertyValueSpecification","valueRequired":true,"valueName":"search_term_string"}}],"inLanguage":"it-IT"},{"@type":"Organization","@id":"https:\/\/centrofertilidad.com\/it\/#organization","name":"Centro Fertilidad","url":"https:\/\/centrofertilidad.com\/it\/","logo":{"@type":"ImageObject","inLanguage":"it-IT","@id":"https:\/\/centrofertilidad.com\/it\/#\/schema\/logo\/image\/","url":"https:\/\/centrofertilidad.com\/wp-content\/uploads\/2021\/09\/cropped-Vector.png","contentUrl":"https:\/\/centrofertilidad.com\/wp-content\/uploads\/2021\/09\/cropped-Vector.png","width":422,"height":38,"caption":"Centro Fertilidad"},"image":{"@id":"https:\/\/centrofertilidad.com\/it\/#\/schema\/logo\/image\/"}}]}},"_links":{"self":[{"href":"https:\/\/centrofertilidad.com\/it\/wp-json\/wp\/v2\/pages\/4729","targetHints":{"allow":["GET"]}}],"collection":[{"href":"https:\/\/centrofertilidad.com\/it\/wp-json\/wp\/v2\/pages"}],"about":[{"href":"https:\/\/centrofertilidad.com\/it\/wp-json\/wp\/v2\/types\/page"}],"author":[{"embeddable":true,"href":"https:\/\/centrofertilidad.com\/it\/wp-json\/wp\/v2\/users\/1"}],"replies":[{"embeddable":true,"href":"https:\/\/centrofertilidad.com\/it\/wp-json\/wp\/v2\/comments?post=4729"}],"version-history":[{"count":3,"href":"https:\/\/centrofertilidad.com\/it\/wp-json\/wp\/v2\/pages\/4729\/revisions"}],"predecessor-version":[{"id":15720,"href":"https:\/\/centrofertilidad.com\/it\/wp-json\/wp\/v2\/pages\/4729\/revisions\/15720"}],"wp:attachment":[{"href":"https:\/\/centrofertilidad.com\/it\/wp-json\/wp\/v2\/media?parent=4729"}],"curies":[{"name":"wp","href":"https:\/\/api.w.org\/{rel}","templated":true}]}}